{"id":4194,"date":"2021-05-19T12:13:56","date_gmt":"2021-05-19T10:13:56","guid":{"rendered":"https:\/\/geschenke.blogseite.com\/?post_type=product&#038;p=4194"},"modified":"2022-04-01T11:29:52","modified_gmt":"2022-04-01T09:29:52","slug":"abox-massagepistole-14-mm-tiefen-massagegeraet-30","status":"publish","type":"product","link":"https:\/\/www.blogseite.com\/geschenke\/s\/abox-massagepistole-14-mm-tiefen-massagegeraet-30\/","title":{"rendered":"ABOX Massagepistole 14 mm Tiefen Massageger\u00e4t 30 \ud83d\udd25"},"content":{"rendered":"<ul class=\"a-unordered-list a-vertical a-spacing-mini\">\n<li><span class=\"a-list-item\">ABOX verbessert Massage Gun: Basierend auf der ABOX MG-008-Version schlagen Sie tieferen Geweben effektiver. aber leiser. Die maximale Geschwindigkeit kann 3200 U \/ min erreichen, wodurch eine 14-mm-Muskelgruppe in 30 Sekunden aktiviert und Schmerzen in 2 Minuten gelindert werden.<\/span><\/li>\n<li><span class=\"a-list-item\">Leiser Betrieb: Ausgestattet mit einem b\u00fcrstenlosen Motor mit hohem Drehmoment und einem Doppellager-Design sowie einem eingebauten AI-Stummschalt-Chip macht die ABOX Hero 1 Massagepistole m\u00e4chtig und kraftvoll, aber fast ger\u00e4uschlos. Sie reduziert Ger\u00e4usche auf 35-42 dB. Sie k\u00f6nnen Ihre Massage genie\u00dfen Therapie auch beim Fernsehen.<\/span><\/li>\n<li><span class=\"a-list-item\">Wissenschaftliche und ma\u00dfgeschneiderte Therapie: ABOX bietet 30 Leistungs- und Geschwindigkeitseinstellungen f\u00fcr unterschiedliche Anforderungen, von Profisportlern bis hin zur Allgemeinbev\u00f6lkerung. 6 Austauschbare Massagek\u00f6pfe k\u00f6nnen jeder Muskelgruppe genau entsprechen. Mit einer einzigartigen Timing-Funktion k\u00f6nnen Sie Ihre Muskelgruppe 2 Minuten lang anvisieren. Verringern Sie die Schmerzen nach dem Training, um versehentliche Verletzungen zu vermeiden.<\/span><\/li>\n<li><span class=\"a-list-item\">Arbeitszeit von 10H: Hochwertige 2600-mAh-Batterien mit internationaler UL-Zertifizierung. Im Vergleich zu 008 verbraucht hero1 weniger Energie und kann bis zu 10 Stunden lang verwendet werden. Einmal aufladen, l\u00e4nger als einen Monat (15 Minuten \/ Tag). Unterwegs einnehmen, K\u00f6rperschmerzen von Reisen und Jetlag lindern.<\/span><\/li>\n<li><span class=\"a-list-item\">LCD-Touchscreen\uff1aDer hochaufl\u00f6sende LCD-Touchscreen zeigt die Nutzungsdauer, Geschwindigkeit und Restleistung deutlich an. Einfach ohne Verz\u00f6gerung einstellen. Mit Hilfe der Bedienungsanleitung und der tragbaren Handtasche k\u00f6nnen Sie jederzeit und \u00fcberall massieren.<\/span><\/li>\n<\/ul>\n","protected":false},"excerpt":{"rendered":"<p>ABOX verbessert Massage Gun: Basierend auf der ABOX MG-008-Version schlagen Sie tieferen Geweben effektiver. aber leiser. Die maximale Geschwindigkeit kann 3200 U \/ min erreichen, wodurch eine 14-mm-Muskelgruppe in 30 Sekunden aktiviert und Schmerzen in 2 Minuten gelindert werden. Leiser Betrieb: Ausgestattet mit einem b\u00fcrstenlosen Motor mit hohem Drehmoment und einem Doppellager-Design sowie einem eingebauten [&hellip;]<\/p>\n","protected":false},"featured_media":4195,"comment_status":"open","ping_status":"closed","template":"","meta":[],"product_cat":[78,103,74,110,58,54,116,63,53,56,45,73,280,55,430,431,301,292,70,297,299,295,294,296,298,64],"product_tag":[847],"class_list":{"0":"post-4194","1":"product","2":"type-product","3":"status-publish","4":"has-post-thumbnail","6":"product_cat-weihnachtsgeschenke","7":"product_cat-studenten","8":"product_cat-bester-freund","9":"product_cat-freund","10":"product_cat-opa","11":"product_cat-vatertag","12":"product_cat-frauen","13":"product_cat-mutter","14":"product_cat-muttertag","15":"product_cat-hochzeit","16":"product_cat-freundin","17":"product_cat-beste-freundin","18":"product_cat-geburtstagsgeschenke","19":"product_cat-valentinstag","20":"product_cat-unter-20-euro","21":"product_cat-unter-50-euro","22":"product_cat-eltern","23":"product_cat-sohn","24":"product_cat-geschenke-fuer-jeden-anlass","25":"product_cat--maedchen","26":"product_cat--chef","27":"product_cat--tochter","28":"product_cat--schwester","29":"product_cat--schwiegermutter","30":"product_cat--ehefrau","31":"product_cat-vater","32":"product_tag-massage","34":"first","35":"instock","36":"shipping-taxable","37":"product-type-external"},"_links":{"self":[{"href":"https:\/\/www.blogseite.com\/geschenke\/wp-json\/wp\/v2\/product\/4194"}],"collection":[{"href":"https:\/\/www.blogseite.com\/geschenke\/wp-json\/wp\/v2\/product"}],"about":[{"href":"https:\/\/www.blogseite.com\/geschenke\/wp-json\/wp\/v2\/types\/product"}],"replies":[{"embeddable":true,"href":"https:\/\/www.blogseite.com\/geschenke\/wp-json\/wp\/v2\/comments?post=4194"}],"wp:featuredmedia":[{"embeddable":true,"href":"https:\/\/www.blogseite.com\/geschenke\/wp-json\/wp\/v2\/media\/4195"}],"wp:attachment":[{"href":"https:\/\/www.blogseite.com\/geschenke\/wp-json\/wp\/v2\/media?parent=4194"}],"wp:term":[{"taxonomy":"product_cat","embeddable":true,"href":"https:\/\/www.blogseite.com\/geschenke\/wp-json\/wp\/v2\/product_cat?post=4194"},{"taxonomy":"product_tag","embeddable":true,"href":"https:\/\/www.blogseite.com\/geschenke\/wp-json\/wp\/v2\/product_tag?post=4194"}],"curies":[{"name":"wp","href":"https:\/\/api.w.org\/{rel}","templated":true}]}}