{"id":4095,"date":"2021-04-18T17:33:44","date_gmt":"2021-04-18T15:33:44","guid":{"rendered":"https:\/\/geschenke.blogseite.com\/?post_type=product&#038;p=4095"},"modified":"2022-04-01T11:50:32","modified_gmt":"2022-04-01T09:50:32","slug":"gucci-interlocking-schultertasche-aus-leder-schwarz-%f0%9f%a4%a9","status":"publish","type":"product","link":"https:\/\/www.blogseite.com\/geschenke\/s\/gucci-interlocking-schultertasche-aus-leder-schwarz-%f0%9f%a4%a9\/","title":{"rendered":"Gucci Interlocking Schultertasche aus Leder, Schwarz \ud83e\udd29"},"content":{"rendered":"<ul class=\"a-unordered-list a-vertical a-spacing-mini\">\n<li><span class=\"a-list-item\"> Gr\u00f6\u00dfe: 10,2 x 7,1 x 7,1 x 21 cm (B x H x T). <\/span><\/li>\n<li><span class=\"a-list-item\"> Material: Leder. <\/span><\/li>\n<li><span class=\"a-list-item\"> Verschluss: Rei\u00dfverschluss <\/span><\/li>\n<li><span class=\"a-list-item\"> Modellnummer: 510302 CAO0G 1000 <\/span><\/li>\n<li><span class=\"a-list-item\"> Farbe: Schwarz. <\/span><\/li>\n<li><span class=\"a-list-item\"> Innen: 1 x Fach mit Rei\u00dfverschluss, 2 x Handytaschen. <\/span><\/li>\n<li><span class=\"a-list-item\"> Inkl. Staubbeutel <\/span><\/li>\n<\/ul>\n","protected":false},"excerpt":{"rendered":"<p>Gr\u00f6\u00dfe: 10,2 x 7,1 x 7,1 x 21 cm (B x H x T). Material: Leder. Verschluss: Rei\u00dfverschluss Modellnummer: 510302 CAO0G 1000 Farbe: Schwarz. Innen: 1 x Fach mit Rei\u00dfverschluss, 2 x Handytaschen. Inkl. Staubbeutel<\/p>\n","protected":false},"featured_media":4096,"comment_status":"open","ping_status":"closed","template":"","meta":[],"product_cat":[78,103,74,110,54,116,63,53,56,45,108,73,280,55,426,428,430,431,293,301,292,300,302,70,299,295,294,291,296,298,64],"product_tag":[520,840],"class_list":{"0":"post-4095","1":"product","2":"type-product","3":"status-publish","4":"has-post-thumbnail","6":"product_cat-weihnachtsgeschenke","7":"product_cat-studenten","8":"product_cat-bester-freund","9":"product_cat-freund","10":"product_cat-vatertag","11":"product_cat-frauen","12":"product_cat-mutter","13":"product_cat-muttertag","14":"product_cat-hochzeit","15":"product_cat-freundin","16":"product_cat-maenner","17":"product_cat-beste-freundin","18":"product_cat-geburtstagsgeschenke","19":"product_cat-valentinstag","20":"product_cat-nach-preis","21":"product_cat-unter-10-euro","22":"product_cat-unter-20-euro","23":"product_cat-unter-50-euro","24":"product_cat-geschenk-fuer-bruder","25":"product_cat-eltern","26":"product_cat-sohn","27":"product_cat--kollege","28":"product_cat--jungen","29":"product_cat-geschenke-fuer-jeden-anlass","30":"product_cat--chef","31":"product_cat--tochter","32":"product_cat--schwester","33":"product_cat-nerds","34":"product_cat--schwiegermutter","35":"product_cat--ehefrau","36":"product_cat-vater","37":"product_tag-badetuch","38":"product_tag-handtuch","40":"first","41":"instock","42":"shipping-taxable","43":"product-type-external"},"_links":{"self":[{"href":"https:\/\/www.blogseite.com\/geschenke\/wp-json\/wp\/v2\/product\/4095"}],"collection":[{"href":"https:\/\/www.blogseite.com\/geschenke\/wp-json\/wp\/v2\/product"}],"about":[{"href":"https:\/\/www.blogseite.com\/geschenke\/wp-json\/wp\/v2\/types\/product"}],"replies":[{"embeddable":true,"href":"https:\/\/www.blogseite.com\/geschenke\/wp-json\/wp\/v2\/comments?post=4095"}],"wp:featuredmedia":[{"embeddable":true,"href":"https:\/\/www.blogseite.com\/geschenke\/wp-json\/wp\/v2\/media\/4096"}],"wp:attachment":[{"href":"https:\/\/www.blogseite.com\/geschenke\/wp-json\/wp\/v2\/media?parent=4095"}],"wp:term":[{"taxonomy":"product_cat","embeddable":true,"href":"https:\/\/www.blogseite.com\/geschenke\/wp-json\/wp\/v2\/product_cat?post=4095"},{"taxonomy":"product_tag","embeddable":true,"href":"https:\/\/www.blogseite.com\/geschenke\/wp-json\/wp\/v2\/product_tag?post=4095"}],"curies":[{"name":"wp","href":"https:\/\/api.w.org\/{rel}","templated":true}]}}