{"id":4091,"date":"2021-04-18T17:23:59","date_gmt":"2021-04-18T15:23:59","guid":{"rendered":"https:\/\/geschenke.blogseite.com\/?post_type=product&#038;p=4091"},"modified":"2022-04-01T11:51:16","modified_gmt":"2022-04-01T09:51:16","slug":"essbare-blattgold-flocken-24-karat-gold-%f0%9f%98%86","status":"publish","type":"product","link":"https:\/\/www.blogseite.com\/geschenke\/s\/essbare-blattgold-flocken-24-karat-gold-%f0%9f%98%86\/","title":{"rendered":"Essbare Blattgold Flocken 24 Karat Gold  \ud83d\ude06"},"content":{"rendered":"<ul class=\"a-unordered-list a-vertical a-spacing-mini\">\n<li><span class=\"a-list-item\"> \u221a 23.75 Karat Essbare Goldflocken 25 mg und nicht nur zum Basteln sondern auch zum Kochen. <\/span><\/li>\n<li><span class=\"a-list-item\"> \u221a Perfekte Dekoration f\u00fcr Lebensmittel. Sie k\u00f6nnen die Goldflocken in Torte, Cupcakes, Makronen, Pralinen, Desserts, Backwaren verwenden. <\/span><\/li>\n<li><span class=\"a-list-item\"> \u221a Kann auch verwendet werden, um Ihre Haut zu dekorieren und verleihen ein Gef\u00fchl von Luxus zum Essen. <\/span><\/li>\n<li><span class=\"a-list-item\"> \u221a Verwendung von professionellen K\u00f6chen, perfekt zum Dekorieren von Kuchen, S\u00fc\u00dfwaren, Schokolade, Desserts und Cocktails. <\/span><\/li>\n<li><span class=\"a-list-item\"> \u221a Alle essbare Karat Gold von uns erhalten relevante Zertifizierungen. <\/span><\/li>\n<\/ul>\n","protected":false},"excerpt":{"rendered":"<p>\u221a 23.75 Karat Essbare Goldflocken 25 mg und nicht nur zum Basteln sondern auch zum Kochen. \u221a Perfekte Dekoration f\u00fcr Lebensmittel. Sie k\u00f6nnen die Goldflocken in Torte, Cupcakes, Makronen, Pralinen, Desserts, Backwaren verwenden. \u221a Kann auch verwendet werden, um Ihre Haut zu dekorieren und verleihen ein Gef\u00fchl von Luxus zum Essen. \u221a Verwendung von professionellen [&hellip;]<\/p>\n","protected":false},"featured_media":4092,"comment_status":"open","ping_status":"closed","template":"","meta":[],"product_cat":[78,103,74,110,54,116,63,53,56,45,108,73,280,55,426,428,430,431,293,301,292,300,302,70,299,295,294,291,296,298,64],"product_tag":[837,838],"class_list":{"0":"post-4091","1":"product","2":"type-product","3":"status-publish","4":"has-post-thumbnail","6":"product_cat-weihnachtsgeschenke","7":"product_cat-studenten","8":"product_cat-bester-freund","9":"product_cat-freund","10":"product_cat-vatertag","11":"product_cat-frauen","12":"product_cat-mutter","13":"product_cat-muttertag","14":"product_cat-hochzeit","15":"product_cat-freundin","16":"product_cat-maenner","17":"product_cat-beste-freundin","18":"product_cat-geburtstagsgeschenke","19":"product_cat-valentinstag","20":"product_cat-nach-preis","21":"product_cat-unter-10-euro","22":"product_cat-unter-20-euro","23":"product_cat-unter-50-euro","24":"product_cat-geschenk-fuer-bruder","25":"product_cat-eltern","26":"product_cat-sohn","27":"product_cat--kollege","28":"product_cat--jungen","29":"product_cat-geschenke-fuer-jeden-anlass","30":"product_cat--chef","31":"product_cat--tochter","32":"product_cat--schwester","33":"product_cat-nerds","34":"product_cat--schwiegermutter","35":"product_cat--ehefrau","36":"product_cat-vater","37":"product_tag-apple-watch","38":"product_tag-displayschutz","40":"first","41":"instock","42":"shipping-taxable","43":"product-type-external"},"_links":{"self":[{"href":"https:\/\/www.blogseite.com\/geschenke\/wp-json\/wp\/v2\/product\/4091"}],"collection":[{"href":"https:\/\/www.blogseite.com\/geschenke\/wp-json\/wp\/v2\/product"}],"about":[{"href":"https:\/\/www.blogseite.com\/geschenke\/wp-json\/wp\/v2\/types\/product"}],"replies":[{"embeddable":true,"href":"https:\/\/www.blogseite.com\/geschenke\/wp-json\/wp\/v2\/comments?post=4091"}],"wp:featuredmedia":[{"embeddable":true,"href":"https:\/\/www.blogseite.com\/geschenke\/wp-json\/wp\/v2\/media\/4092"}],"wp:attachment":[{"href":"https:\/\/www.blogseite.com\/geschenke\/wp-json\/wp\/v2\/media?parent=4091"}],"wp:term":[{"taxonomy":"product_cat","embeddable":true,"href":"https:\/\/www.blogseite.com\/geschenke\/wp-json\/wp\/v2\/product_cat?post=4091"},{"taxonomy":"product_tag","embeddable":true,"href":"https:\/\/www.blogseite.com\/geschenke\/wp-json\/wp\/v2\/product_tag?post=4091"}],"curies":[{"name":"wp","href":"https:\/\/api.w.org\/{rel}","templated":true}]}}