{"id":4085,"date":"2021-04-18T11:38:56","date_gmt":"2021-04-18T09:38:56","guid":{"rendered":"https:\/\/geschenke.blogseite.com\/?post_type=product&#038;p=4085"},"modified":"2022-04-18T12:35:54","modified_gmt":"2022-04-18T10:35:54","slug":"tragbar-metalldetektor-ip66-wasserdichter-metall-%f0%9f%98%83","status":"publish","type":"product","link":"https:\/\/www.blogseite.com\/geschenke\/s\/tragbar-metalldetektor-ip66-wasserdichter-metall-%f0%9f%98%83\/","title":{"rendered":"Tragbar Metalldetektor IP66 Wasserdichter Metall \ud83d\ude03"},"content":{"rendered":"<ul class=\"a-unordered-list a-vertical a-spacing-mini\">\n<li><span class=\"a-list-item\"> Erkennung beschleunigen &#8211; Erweiterte Erkennung von PinPoint Erfassungsbereich 360 \u00b0 -Scan. Damit k\u00f6nnen Sie den Metalldetektor horizontal halten, um schnell gro\u00dffl\u00e4chig zu scannen, und den Erkennungsbereich verkleinern, um die Erkennungsgenauigkeit zu erh\u00f6hen. Erkennung mit hoher Empfindlichkeit, gro\u00dfer Metalldetektionsbereich. Temperaturerfassungsbereich: -35 \u2109 (-37 \u2103) ~ 158 (70). Die Entfernung erkennt: 5cm <\/span><\/li>\n<li><span class=\"a-list-item\"> Vielseitiger Detektor &#8211; Die Klinge, die zwischen den Begrenzungen der Erde sucht. Automatische einstellung. Der Alarm wird auf der Grundlage von N\u00e4herungsobjekten getragen. LED-Licht f\u00fcr schwache Lichtverh\u00e4ltnisse. <\/span><\/li>\n<li><span class=\"a-list-item\"> Einfach zu bedienen &#8211; einfache Touchbedienung. Im Gegensatz zu anderen Einzelalarmtypen liefert unser Detektor Audioalarme und Vibrationen, die die Erkennung komfortabler und effizienter machen. Leichter Metalldetektoralarm mit Etui f\u00fcr Sicherheit <\/span><\/li>\n<li><span class=\"a-list-item\"> Erkennt verschiedene Metalle \u2013 Hochempfindlicher Metalldetektorstiftzeiger kann innen, au\u00dfen, auf Sand, auf dem Rasen oder im Boden erkennen, M\u00fcnzen, Silberschmuck, Goldschmuck lokalisieren und mit Geschwindigkeit und Pr\u00e4zision empfohlen eine M\u00fcnze und Jagd, Reliktjagd, Goldwaschen und Dienstprogramme. <\/span><\/li>\n<li><span class=\"a-list-item\"> Wasserdichter Zeiger &#8211; mit einem Strichmuster \/ LED-Licht und wasserdichter Schutzart IP66 kann er f\u00fcr die Schatzsuche in engen Nischenbereichen \/ Nacht \/ Regentag verwendet werden. Es funktioniert mit 9V-Batterie (nicht mitgeliefert !!!) <\/span><\/li>\n<\/ul>\n","protected":false},"excerpt":{"rendered":"<p>Erkennung beschleunigen &#8211; Erweiterte Erkennung von PinPoint Erfassungsbereich 360 \u00b0 -Scan. Damit k\u00f6nnen Sie den Metalldetektor horizontal halten, um schnell gro\u00dffl\u00e4chig zu scannen, und den Erkennungsbereich verkleinern, um die Erkennungsgenauigkeit zu erh\u00f6hen. Erkennung mit hoher Empfindlichkeit, gro\u00dfer Metalldetektionsbereich. Temperaturerfassungsbereich: -35 \u2109 (-37 \u2103) ~ 158 (70). Die Entfernung erkennt: 5cm Vielseitiger Detektor &#8211; Die Klinge, [&hellip;]<\/p>\n","protected":false},"featured_media":4086,"comment_status":"open","ping_status":"closed","template":"","meta":[],"product_cat":[78,103,74,110,54,53,108,426,432,433,431,293,292,300,302,70,299,291,296,298,64],"product_tag":[686],"class_list":{"0":"post-4085","1":"product","2":"type-product","3":"status-publish","4":"has-post-thumbnail","6":"product_cat-weihnachtsgeschenke","7":"product_cat-studenten","8":"product_cat-bester-freund","9":"product_cat-freund","10":"product_cat-vatertag","11":"product_cat-muttertag","12":"product_cat-maenner","13":"product_cat-nach-preis","14":"product_cat-ueber-35-euro","15":"product_cat-ueber-40-euro","16":"product_cat-unter-50-euro","17":"product_cat-geschenk-fuer-bruder","18":"product_cat-sohn","19":"product_cat--kollege","20":"product_cat--jungen","21":"product_cat-geschenke-fuer-jeden-anlass","22":"product_cat--chef","23":"product_cat-nerds","24":"product_cat--schwiegermutter","25":"product_cat--ehefrau","26":"product_cat-vater","27":"product_tag-werkzeug","29":"first","30":"instock","31":"shipping-taxable","32":"product-type-external"},"_links":{"self":[{"href":"https:\/\/www.blogseite.com\/geschenke\/wp-json\/wp\/v2\/product\/4085"}],"collection":[{"href":"https:\/\/www.blogseite.com\/geschenke\/wp-json\/wp\/v2\/product"}],"about":[{"href":"https:\/\/www.blogseite.com\/geschenke\/wp-json\/wp\/v2\/types\/product"}],"replies":[{"embeddable":true,"href":"https:\/\/www.blogseite.com\/geschenke\/wp-json\/wp\/v2\/comments?post=4085"}],"wp:featuredmedia":[{"embeddable":true,"href":"https:\/\/www.blogseite.com\/geschenke\/wp-json\/wp\/v2\/media\/4086"}],"wp:attachment":[{"href":"https:\/\/www.blogseite.com\/geschenke\/wp-json\/wp\/v2\/media?parent=4085"}],"wp:term":[{"taxonomy":"product_cat","embeddable":true,"href":"https:\/\/www.blogseite.com\/geschenke\/wp-json\/wp\/v2\/product_cat?post=4085"},{"taxonomy":"product_tag","embeddable":true,"href":"https:\/\/www.blogseite.com\/geschenke\/wp-json\/wp\/v2\/product_tag?post=4085"}],"curies":[{"name":"wp","href":"https:\/\/api.w.org\/{rel}","templated":true}]}}