{"id":4083,"date":"2021-04-18T11:34:47","date_gmt":"2021-04-18T09:34:47","guid":{"rendered":"https:\/\/geschenke.blogseite.com\/?post_type=product&#038;p=4083"},"modified":"2022-04-18T12:35:59","modified_gmt":"2022-04-18T10:35:59","slug":"leichter-metalldetektor-fuer-erwachsene-und-kinder-%f0%9f%98%83","status":"publish","type":"product","link":"https:\/\/www.blogseite.com\/geschenke\/s\/leichter-metalldetektor-fuer-erwachsene-und-kinder-%f0%9f%98%83\/","title":{"rendered":"Leichter Metalldetektor f\u00fcr Erwachsene und Kinder \ud83d\ude03"},"content":{"rendered":"<div id=\"featurebullets_feature_div\" class=\"celwidget\" data-feature-name=\"featurebullets\" data-csa-c-id=\"fwksk0-f203ic-gyko9w-djx6un\" data-cel-widget=\"featurebullets_feature_div\">\n<div id=\"feature-bullets\" class=\"a-section a-spacing-medium a-spacing-top-small\">\n<ul class=\"a-unordered-list a-vertical a-spacing-mini\">\n<li><span class=\"a-list-item\"> Hochwertiger Erwachsenen und Kinder Metalldetektor, das Beste des Dr.-\u00d6tek-Deluxe-Sortiments. Der MT-XR ist eine aufregende Erg\u00e4nzung f\u00fcr Profis und Enthusiasten. Bietet 5 Modi, einschlie\u00dflich Pinpoint-Modus, jedes Metall, Unterscheidung, Speicher und Schmuck. Ein Innovativer Memory-Modus merkt sich eine Art Metall und erkennt nur diesen bestimmten Typ. Finden Sie genau das, was Sie wollen, in weniger Zeit. <\/span><\/li>\n<li><span class=\"a-list-item\"> Gro\u00dfes LCD-Display hat einen gro\u00dfen, klaren 7,6 x 5,1 cm gro\u00dfen Bildschirm (3 x 2,2 Zoll), der leicht abzulesen ist (evtl. nicht in deutscher Sprache). Mit Hintergrundbeleuchtung k\u00f6nnen Sie im Dunkeln arbeiten f\u00fcr viel mehr Flexibilit\u00e4t. 3 Anzeigemodi zur einfachen Identifizierung der Art von Metallen, die Sie entdecken. Zeigt digitales Bild und Ton mit mehreren Einstellungen zur Anpassung an. <\/span><\/li>\n<li><span class=\"a-list-item\"> Die 24,1 cm breite Suchspule ist so stark, dass sie eine Viertelm\u00fcnze bis zu 25,4 cm unter der Erde finden kann. Er kann gr\u00f6\u00dfere Objekte in noch gr\u00f6\u00dferen Tiefen finden. Die Spule ist wasserdicht und funktioniert gut in flachem Wasser. Der MT-XR besitzt hochwertige Technik. <\/span><\/li>\n<li><span class=\"a-list-item\"> Tiefe und Empfindlichkeit einstellbar. Passen Sie die Tiefenanzeige f\u00fcr Objekte mit Plus oder Minus an: 5,1 cm, 10,2 cm, 15,2 cm, 20,3 cm. Mit der 5-stufigen Empfindlichkeitskontrolle k\u00f6nnen Sie Objekte und Bedingungen einfach feinabstimmen. Dies gibt Ihnen eine hohe Kontrolle \u00fcber die Genauigkeit. Verbringen Sie viel weniger Zeit mit dem Graben und suchen Sie mehr aufregende Edelmetalle und antike Artefakte. <\/span><\/li>\n<li><span class=\"a-list-item\"> Leicht und einfach zu transportieren. Dies ist eine ausgezeichnete Wahl f\u00fcr Reisen, Urlaub, Campingausfl\u00fcge und Ausfl\u00fcge. Ein tolles Geburtstagsgeschenk, Urlaubsgeschenk, Jahrestagsgeschenk oder als Geschenk zum Vatertag und Muttertag. <\/span><\/li>\n<\/ul>\n<\/div>\n<\/div>\n<div id=\"customerReviewsAttribute_feature_div\" class=\"celwidget\" data-feature-name=\"customerReviewsAttribute\" data-csa-c-id=\"yzcw54-rgefc0-509nuv-hjjovi\" data-cel-widget=\"customerReviewsAttribute_feature_div\"><\/div>\n<div id=\"addOnItem_feature_div\" class=\"celwidget\" data-feature-name=\"addOnItem\" data-csa-c-id=\"35pkln-wljovx-eun3r3-85vkrc\" data-cel-widget=\"addOnItem_feature_div\"><\/div>\n","protected":false},"excerpt":{"rendered":"<p>Hochwertiger Erwachsenen und Kinder Metalldetektor, das Beste des Dr.-\u00d6tek-Deluxe-Sortiments. Der MT-XR ist eine aufregende Erg\u00e4nzung f\u00fcr Profis und Enthusiasten. Bietet 5 Modi, einschlie\u00dflich Pinpoint-Modus, jedes Metall, Unterscheidung, Speicher und Schmuck. Ein Innovativer Memory-Modus merkt sich eine Art Metall und erkennt nur diesen bestimmten Typ. Finden Sie genau das, was Sie wollen, in weniger Zeit. Gro\u00dfes [&hellip;]<\/p>\n","protected":false},"featured_media":4084,"comment_status":"open","ping_status":"closed","template":"","meta":[],"product_cat":[78,103,74,110,54,53,108,426,432,433,431,293,292,300,302,70,299,291,296,298,64],"product_tag":[686],"class_list":{"0":"post-4083","1":"product","2":"type-product","3":"status-publish","4":"has-post-thumbnail","6":"product_cat-weihnachtsgeschenke","7":"product_cat-studenten","8":"product_cat-bester-freund","9":"product_cat-freund","10":"product_cat-vatertag","11":"product_cat-muttertag","12":"product_cat-maenner","13":"product_cat-nach-preis","14":"product_cat-ueber-35-euro","15":"product_cat-ueber-40-euro","16":"product_cat-unter-50-euro","17":"product_cat-geschenk-fuer-bruder","18":"product_cat-sohn","19":"product_cat--kollege","20":"product_cat--jungen","21":"product_cat-geschenke-fuer-jeden-anlass","22":"product_cat--chef","23":"product_cat-nerds","24":"product_cat--schwiegermutter","25":"product_cat--ehefrau","26":"product_cat-vater","27":"product_tag-werkzeug","29":"first","30":"instock","31":"shipping-taxable","32":"product-type-external"},"_links":{"self":[{"href":"https:\/\/www.blogseite.com\/geschenke\/wp-json\/wp\/v2\/product\/4083"}],"collection":[{"href":"https:\/\/www.blogseite.com\/geschenke\/wp-json\/wp\/v2\/product"}],"about":[{"href":"https:\/\/www.blogseite.com\/geschenke\/wp-json\/wp\/v2\/types\/product"}],"replies":[{"embeddable":true,"href":"https:\/\/www.blogseite.com\/geschenke\/wp-json\/wp\/v2\/comments?post=4083"}],"wp:featuredmedia":[{"embeddable":true,"href":"https:\/\/www.blogseite.com\/geschenke\/wp-json\/wp\/v2\/media\/4084"}],"wp:attachment":[{"href":"https:\/\/www.blogseite.com\/geschenke\/wp-json\/wp\/v2\/media?parent=4083"}],"wp:term":[{"taxonomy":"product_cat","embeddable":true,"href":"https:\/\/www.blogseite.com\/geschenke\/wp-json\/wp\/v2\/product_cat?post=4083"},{"taxonomy":"product_tag","embeddable":true,"href":"https:\/\/www.blogseite.com\/geschenke\/wp-json\/wp\/v2\/product_tag?post=4083"}],"curies":[{"name":"wp","href":"https:\/\/api.w.org\/{rel}","templated":true}]}}