{"id":4081,"date":"2021-04-18T11:26:27","date_gmt":"2021-04-18T09:26:27","guid":{"rendered":"https:\/\/geschenke.blogseite.com\/?post_type=product&#038;p=4081"},"modified":"2022-04-18T12:36:15","modified_gmt":"2022-04-18T10:36:15","slug":"multifunktional-klappschaufel-rostfreier-stahl-%f0%9f%98%83","status":"publish","type":"product","link":"https:\/\/www.blogseite.com\/geschenke\/s\/multifunktional-klappschaufel-rostfreier-stahl-%f0%9f%98%83\/","title":{"rendered":"Multifunktional-Klappschaufel rostfreier Stahl \ud83d\ude03"},"content":{"rendered":"<ul class=\"a-unordered-list a-vertical a-spacing-mini\">\n<li><span class=\"a-list-item\"> 420 hochwertiger legierter Stahl und Oberfl\u00e4chenoxydation, damit den Rost effektiv zu verhindern. Dicke der Schaufeloberfl\u00e4che 0,15 cm, hohe H\u00e4rte, stark und langlebig, geeignet f\u00fcr verschiedene raue Outdoor-Umgebungen. Verdickter Schaufelk\u00f6rper, legierte galvanoplastische Nuss, scharfe Kante und Schraube aus legiertem Stahl, anders als andere billige Eisen- und Plastikn\u00fcsse, faltende Werkzeugschaufel. Es kann wirksam die Rissen auf der Oberfl\u00e4che der Schaufel, N\u00fcsse-Schraubenriss. <\/span><\/li>\n<li><span class=\"a-list-item\"> Schaufeln, Plektren, Koteletts, Hobel, Hacken, Flaschen\u00f6ffner, S\u00e4gen, Shredder, Heftklammerentferner. Der Handgriff ist mit einem Messer und S\u00e4gezahn f\u00fcr Notfall ausgestattet. Ein abnehmbarer Magnesiumstab, um Feuer f\u00fcr die Heizung oder das Essen zu machen, wenn Sie im Freien oder auf einem Hochplateau sind. <\/span><\/li>\n<li><span class=\"a-list-item\"> Insgesamt vier abnehmbare Schraubgriffe, einfach zu montieren und abmontieren, damit kann man als Garten oder Camping Klappspaten. Mit einer Aufbewahrungstasche, kompakt und leicht, kann in einem Rucksack einfach platziert werden, wenn Sie ausgehen, perfekt f\u00fcr Garten, Camper, Bergsteiger und viele andere Outdoor-Aktivit\u00e4ten. <\/span><\/li>\n<li><span class=\"a-list-item\"> Die Schaufel ist zusammenklappbar, um in 3 L\u00e4ngen (18\/24\/31 Zoll) eingestellt zu werden; Durch den Drehpunkt kann der Schaufelkopf auf 0-180 Grad eingestellt. Damit kann die Funktion vom Schaufel zum Graben, Hobeln, Bohren einfach wechselt. <\/span><\/li>\n<li><span class=\"a-list-item\"> deal f\u00fcr Camping, Outdoor Aktivit\u00e4ten, Survival, Bergsteigen, Wintersport und auch f\u00fcr Ihr Auto. Geeignet zum Schneiden von Gem\u00fcse, Schneiden von Brennholz, Graben von Zelten, Schaufeln von Erde, Pfeife zum \u00dcberleben w\u00e4hrend des Campens im Freien. <\/span><\/li>\n<\/ul>\n","protected":false},"excerpt":{"rendered":"<p>420 hochwertiger legierter Stahl und Oberfl\u00e4chenoxydation, damit den Rost effektiv zu verhindern. Dicke der Schaufeloberfl\u00e4che 0,15 cm, hohe H\u00e4rte, stark und langlebig, geeignet f\u00fcr verschiedene raue Outdoor-Umgebungen. Verdickter Schaufelk\u00f6rper, legierte galvanoplastische Nuss, scharfe Kante und Schraube aus legiertem Stahl, anders als andere billige Eisen- und Plastikn\u00fcsse, faltende Werkzeugschaufel. Es kann wirksam die Rissen auf der [&hellip;]<\/p>\n","protected":false},"featured_media":4082,"comment_status":"open","ping_status":"closed","template":"","meta":[],"product_cat":[78,103,74,110,54,53,108,426,432,433,431,293,292,300,302,70,299,291,296,298,64],"product_tag":[686],"class_list":{"0":"post-4081","1":"product","2":"type-product","3":"status-publish","4":"has-post-thumbnail","6":"product_cat-weihnachtsgeschenke","7":"product_cat-studenten","8":"product_cat-bester-freund","9":"product_cat-freund","10":"product_cat-vatertag","11":"product_cat-muttertag","12":"product_cat-maenner","13":"product_cat-nach-preis","14":"product_cat-ueber-35-euro","15":"product_cat-ueber-40-euro","16":"product_cat-unter-50-euro","17":"product_cat-geschenk-fuer-bruder","18":"product_cat-sohn","19":"product_cat--kollege","20":"product_cat--jungen","21":"product_cat-geschenke-fuer-jeden-anlass","22":"product_cat--chef","23":"product_cat-nerds","24":"product_cat--schwiegermutter","25":"product_cat--ehefrau","26":"product_cat-vater","27":"product_tag-werkzeug","29":"first","30":"instock","31":"shipping-taxable","32":"product-type-external"},"_links":{"self":[{"href":"https:\/\/www.blogseite.com\/geschenke\/wp-json\/wp\/v2\/product\/4081"}],"collection":[{"href":"https:\/\/www.blogseite.com\/geschenke\/wp-json\/wp\/v2\/product"}],"about":[{"href":"https:\/\/www.blogseite.com\/geschenke\/wp-json\/wp\/v2\/types\/product"}],"replies":[{"embeddable":true,"href":"https:\/\/www.blogseite.com\/geschenke\/wp-json\/wp\/v2\/comments?post=4081"}],"wp:featuredmedia":[{"embeddable":true,"href":"https:\/\/www.blogseite.com\/geschenke\/wp-json\/wp\/v2\/media\/4082"}],"wp:attachment":[{"href":"https:\/\/www.blogseite.com\/geschenke\/wp-json\/wp\/v2\/media?parent=4081"}],"wp:term":[{"taxonomy":"product_cat","embeddable":true,"href":"https:\/\/www.blogseite.com\/geschenke\/wp-json\/wp\/v2\/product_cat?post=4081"},{"taxonomy":"product_tag","embeddable":true,"href":"https:\/\/www.blogseite.com\/geschenke\/wp-json\/wp\/v2\/product_tag?post=4081"}],"curies":[{"name":"wp","href":"https:\/\/api.w.org\/{rel}","templated":true}]}}