{"id":4079,"date":"2021-04-18T11:20:42","date_gmt":"2021-04-18T09:20:42","guid":{"rendered":"https:\/\/geschenke.blogseite.com\/?post_type=product&#038;p=4079"},"modified":"2022-04-01T11:54:41","modified_gmt":"2022-04-01T09:54:41","slug":"multifunktionswerkzeuge-21-in-1-faltbares-multitools-edelstahl-%f0%9f%98%83","status":"publish","type":"product","link":"https:\/\/www.blogseite.com\/geschenke\/s\/multifunktionswerkzeuge-21-in-1-faltbares-multitools-edelstahl-%f0%9f%98%83\/","title":{"rendered":"Multifunktionswerkzeuge, 21 in 1 Faltbares Multitools Edelstahl \ud83d\ude03"},"content":{"rendered":"<ul class=\"a-unordered-list a-vertical a-spacing-mini\">\n<li><span class=\"a-list-item\"> Doppelwinkel-Schraubendreher &#8211; Um diese neue Multitool-Zange f\u00fcr Reparaturarbeiten besser geeignet zu machen, hat Bibury Team eine Sechskanth\u00fclse eingesetzt und bietet ein 4-Bit-Set im Paket an. Sie k\u00f6nnen das Bit ausw\u00e4hlen oder die H\u00fclsenwinkelbasis nach Bedarf \u00e4ndern. <\/span><\/li>\n<li><span class=\"a-list-item\"> 21 Funktionen in 1 &#8211; 21 n\u00fctzlichen Werkzeugen enthalten einen Zangenk\u00f6rper: Spitzzange, Endschneider, Kombizange, Sechskanth\u00fclse, Cutter, Skala, Sichel, Seilschneider, Flaschen\u00f6ffner-Schraubendreher, S\u00e4ge &#8230; <\/span><\/li>\n<li><span class=\"a-list-item\"> Handlich und Robust &#8211; Der gesamte K\u00f6rper des Bibury Multi-Tools besteht aus 3Cr13 (Edelstahl mit hoher H\u00e4rte), das die Zange f\u00fcr viele schwere und raue Umgebungen geeignet macht. <\/span><\/li>\n<li><span class=\"a-list-item\"> Praktische Sicherheitsvorrichtung &#8211; Bibury Team steckt viele praktische Werkzeuge in den Griff. Wir stellen auch eine praktische Sicherheitsvorrichtung ein, um sie zu kontrollieren. Dr\u00fccken Sie nach Beendigung Ihrer Arbeit auf die Verriegelung und lassen Sie das Zubeh\u00f6r an Ort und Stelle. <\/span><\/li>\n<li><span class=\"a-list-item\"> Kundendienst &#8211; Das Bibury-Team ist bestrebt, den Verbrauchern hochwertige Produkte und Dienstleistungen anzubieten. Wenn Sie nach dem Kauf Probleme haben, k\u00f6nnen Sie sich gerne an uns wenden. Wir werden unser Bestes tun, um Probleme zu l\u00f6sen und Ihre Anforderungen zu erf\u00fcllen. <\/span><\/li>\n<\/ul>\n","protected":false},"excerpt":{"rendered":"<p>Doppelwinkel-Schraubendreher &#8211; Um diese neue Multitool-Zange f\u00fcr Reparaturarbeiten besser geeignet zu machen, hat Bibury Team eine Sechskanth\u00fclse eingesetzt und bietet ein 4-Bit-Set im Paket an. Sie k\u00f6nnen das Bit ausw\u00e4hlen oder die H\u00fclsenwinkelbasis nach Bedarf \u00e4ndern. 21 Funktionen in 1 &#8211; 21 n\u00fctzlichen Werkzeugen enthalten einen Zangenk\u00f6rper: Spitzzange, Endschneider, Kombizange, Sechskanth\u00fclse, Cutter, Skala, Sichel, Seilschneider, [&hellip;]<\/p>\n","protected":false},"featured_media":4080,"comment_status":"open","ping_status":"closed","template":"","meta":[],"product_cat":[78,103,74,110,54,53,108,426,432,433,431,293,292,300,302,70,299,291,296,298,64],"product_tag":[686],"class_list":{"0":"post-4079","1":"product","2":"type-product","3":"status-publish","4":"has-post-thumbnail","6":"product_cat-weihnachtsgeschenke","7":"product_cat-studenten","8":"product_cat-bester-freund","9":"product_cat-freund","10":"product_cat-vatertag","11":"product_cat-muttertag","12":"product_cat-maenner","13":"product_cat-nach-preis","14":"product_cat-ueber-35-euro","15":"product_cat-ueber-40-euro","16":"product_cat-unter-50-euro","17":"product_cat-geschenk-fuer-bruder","18":"product_cat-sohn","19":"product_cat--kollege","20":"product_cat--jungen","21":"product_cat-geschenke-fuer-jeden-anlass","22":"product_cat--chef","23":"product_cat-nerds","24":"product_cat--schwiegermutter","25":"product_cat--ehefrau","26":"product_cat-vater","27":"product_tag-werkzeug","29":"first","30":"instock","31":"shipping-taxable","32":"product-type-external"},"_links":{"self":[{"href":"https:\/\/www.blogseite.com\/geschenke\/wp-json\/wp\/v2\/product\/4079"}],"collection":[{"href":"https:\/\/www.blogseite.com\/geschenke\/wp-json\/wp\/v2\/product"}],"about":[{"href":"https:\/\/www.blogseite.com\/geschenke\/wp-json\/wp\/v2\/types\/product"}],"replies":[{"embeddable":true,"href":"https:\/\/www.blogseite.com\/geschenke\/wp-json\/wp\/v2\/comments?post=4079"}],"wp:featuredmedia":[{"embeddable":true,"href":"https:\/\/www.blogseite.com\/geschenke\/wp-json\/wp\/v2\/media\/4080"}],"wp:attachment":[{"href":"https:\/\/www.blogseite.com\/geschenke\/wp-json\/wp\/v2\/media?parent=4079"}],"wp:term":[{"taxonomy":"product_cat","embeddable":true,"href":"https:\/\/www.blogseite.com\/geschenke\/wp-json\/wp\/v2\/product_cat?post=4079"},{"taxonomy":"product_tag","embeddable":true,"href":"https:\/\/www.blogseite.com\/geschenke\/wp-json\/wp\/v2\/product_tag?post=4079"}],"curies":[{"name":"wp","href":"https:\/\/api.w.org\/{rel}","templated":true}]}}