{"id":4077,"date":"2021-04-18T11:05:39","date_gmt":"2021-04-18T09:05:39","guid":{"rendered":"https:\/\/geschenke.blogseite.com\/?post_type=product&#038;p=4077"},"modified":"2022-04-01T11:55:10","modified_gmt":"2022-04-01T09:55:10","slug":"schraubendreher-set-feinmechaniker-screwdriver-set-%f0%9f%94%a5","status":"publish","type":"product","link":"https:\/\/www.blogseite.com\/geschenke\/s\/schraubendreher-set-feinmechaniker-screwdriver-set-%f0%9f%94%a5\/","title":{"rendered":"Schraubendreher Set, Feinmechaniker Screwdriver Set \ud83d\udd25"},"content":{"rendered":"<ul class=\"a-unordered-list a-vertical a-spacing-mini\">\n<li><span class=\"a-list-item\"> \ud83d\udccc32 in1 SET: Das 32-teilige Schraubendreher Set verf\u00fcgt \u00fcber ein Pr\u00e4zisionsgetriebe und ist mit vielen Bits in unterschiedlichen Gr\u00f6\u00dfen ausgestattet. Es dient Ihnen zum L\u00f6sen oder Festziehen von Schrauben mit verschiedenen Aufnahmen. <\/span><\/li>\n<li><span class=\"a-list-item\"> \ud83d\udcccFEINMECHANIKER-SCHRAUBENDREHER: Hergestellt aus Chrom-Vanadium-Stahl, der f\u00fcr H\u00e4rte mit Hitze behandelt wurde. Korrosionsbest\u00e4ndige Oberfl\u00e4che f\u00fcr zus\u00e4tzliche St\u00e4rke. Der rutschfeste Griff des Schl\u00fcssels und Schraubendrehers bietet einen bequemen, sicheren Halt f\u00fcr optimale Kontrolle. <\/span><\/li>\n<li><span class=\"a-list-item\"> \ud83d\udcccMAGNETISCHER BITHALTER: Die magnetische Spitzen der Schrauber erleichtern das Handling beim Schrauben. Der Schraubendreher kann in T-Form umgewandelt werden, um Arbeit zu sparen und maximales Drehmoment und Komfort w\u00e4hrend des Gebrauchs zu bieten. <\/span><\/li>\n<li><span class=\"a-list-item\"> \ud83d\udcccPR\u00c4ZISIONSANWENDUNGEN: Schraubendreher-Set geeignet f\u00fcr die h\u00e4ufigsten Schraub- und Montagearbeiten. Ideal f\u00fcr manuelle Reparaturen an g\u00e4ngigen elektronischen Ger\u00e4ten, wie Klimaanlagen, Waschmaschinen, K\u00fchlschr\u00e4nken, Fernsehern und mehr <\/span><\/li>\n<li><span class=\"a-list-item\"> \ud83d\udcccUMFANGREICH AUSGESTATTET: Inklusive Aufbewahrungsh\u00fclle aus Kunststoff mit speziellem Platz f\u00fcr den Schraubendreher, die Verl\u00e4ngerung und Bits. Ein unverzichtbares Tool f\u00fcr jeden organisierten Heim- und Handwerke <\/span><\/li>\n<\/ul>\n","protected":false},"excerpt":{"rendered":"<p>\ud83d\udccc32 in1 SET: Das 32-teilige Schraubendreher Set verf\u00fcgt \u00fcber ein Pr\u00e4zisionsgetriebe und ist mit vielen Bits in unterschiedlichen Gr\u00f6\u00dfen ausgestattet. Es dient Ihnen zum L\u00f6sen oder Festziehen von Schrauben mit verschiedenen Aufnahmen. \ud83d\udcccFEINMECHANIKER-SCHRAUBENDREHER: Hergestellt aus Chrom-Vanadium-Stahl, der f\u00fcr H\u00e4rte mit Hitze behandelt wurde. Korrosionsbest\u00e4ndige Oberfl\u00e4che f\u00fcr zus\u00e4tzliche St\u00e4rke. Der rutschfeste Griff des Schl\u00fcssels und Schraubendrehers [&hellip;]<\/p>\n","protected":false},"featured_media":4078,"comment_status":"open","ping_status":"closed","template":"","meta":[],"product_cat":[78,103,74,110,54,53,108,426,432,433,431,293,292,300,302,70,299,291,296,298,64],"product_tag":[686],"class_list":{"0":"post-4077","1":"product","2":"type-product","3":"status-publish","4":"has-post-thumbnail","6":"product_cat-weihnachtsgeschenke","7":"product_cat-studenten","8":"product_cat-bester-freund","9":"product_cat-freund","10":"product_cat-vatertag","11":"product_cat-muttertag","12":"product_cat-maenner","13":"product_cat-nach-preis","14":"product_cat-ueber-35-euro","15":"product_cat-ueber-40-euro","16":"product_cat-unter-50-euro","17":"product_cat-geschenk-fuer-bruder","18":"product_cat-sohn","19":"product_cat--kollege","20":"product_cat--jungen","21":"product_cat-geschenke-fuer-jeden-anlass","22":"product_cat--chef","23":"product_cat-nerds","24":"product_cat--schwiegermutter","25":"product_cat--ehefrau","26":"product_cat-vater","27":"product_tag-werkzeug","29":"first","30":"instock","31":"shipping-taxable","32":"product-type-external"},"_links":{"self":[{"href":"https:\/\/www.blogseite.com\/geschenke\/wp-json\/wp\/v2\/product\/4077"}],"collection":[{"href":"https:\/\/www.blogseite.com\/geschenke\/wp-json\/wp\/v2\/product"}],"about":[{"href":"https:\/\/www.blogseite.com\/geschenke\/wp-json\/wp\/v2\/types\/product"}],"replies":[{"embeddable":true,"href":"https:\/\/www.blogseite.com\/geschenke\/wp-json\/wp\/v2\/comments?post=4077"}],"wp:featuredmedia":[{"embeddable":true,"href":"https:\/\/www.blogseite.com\/geschenke\/wp-json\/wp\/v2\/media\/4078"}],"wp:attachment":[{"href":"https:\/\/www.blogseite.com\/geschenke\/wp-json\/wp\/v2\/media?parent=4077"}],"wp:term":[{"taxonomy":"product_cat","embeddable":true,"href":"https:\/\/www.blogseite.com\/geschenke\/wp-json\/wp\/v2\/product_cat?post=4077"},{"taxonomy":"product_tag","embeddable":true,"href":"https:\/\/www.blogseite.com\/geschenke\/wp-json\/wp\/v2\/product_tag?post=4077"}],"curies":[{"name":"wp","href":"https:\/\/api.w.org\/{rel}","templated":true}]}}