{"id":4065,"date":"2021-04-18T10:17:34","date_gmt":"2021-04-18T08:17:34","guid":{"rendered":"https:\/\/geschenke.blogseite.com\/?post_type=product&#038;p=4065"},"modified":"2022-04-01T11:57:05","modified_gmt":"2022-04-01T09:57:05","slug":"ledger-nano-s-die-beste-crypto-hardware-geldboerse-%f0%9f%98%83","status":"publish","type":"product","link":"https:\/\/www.blogseite.com\/geschenke\/s\/ledger-nano-s-die-beste-crypto-hardware-geldboerse-%f0%9f%98%83\/","title":{"rendered":"Ledger Nano S \u2013 Die Beste Crypto-Hardware-Geldb\u00f6rse \ud83d\ude03"},"content":{"rendered":"<ul>\n<li><span class=\"a-list-item\"> CryptoCurry-Hardware-Wallet: Erm\u00f6glicht es Ihnen, Krypto-Assets sicher und bequem zu senden und zu empfangen. Ihr Ledger Hardware-Portemonnaie kann einfach mit einem Computer verbunden und \u00fcber die Ledger Live Companion App verwaltet werden. Der Ledger Nano S sch\u00fctzt Ihre privaten Schl\u00fcssel <\/span><\/li>\n<li><span class=\"a-list-item\"> Sicher: Ihre vertraulichen Daten werden nie freigelegt: sie wird in einem stark isolierten Secure Chip gespeichert und durch einen 8-stelligen PIN-Code gesperrt. <\/span><\/li>\n<li><span class=\"a-list-item\"> Multicurrency: erm\u00f6glicht es Ihnen, mehrere Ger\u00e4te auf dem gleichen Ger\u00e4t zu verwalten, und unterst\u00fctzt \u00fcber 30 Kryptow\u00e4hrungen und alle ERC20-Tokens. <\/span><\/li>\n<li><span class=\"a-list-item\"> Einfach zu bedienen: Entwickelt um eine intuitive Benutzererfahrung. \u00dcberpr\u00fcfen und best\u00e4tigen Sie Finanzen auf dem eingebauten Display und best\u00e4tigen Sie mit den zwei physikalischen Tasten (Anti-Sekund-Faktor-Verifizierung). <\/span><\/li>\n<li><span class=\"a-list-item\"> Backup &amp; Wiederherstellung: Ihre Daten werden auf einem Wiederherstellungsblatt gesichert und k\u00f6nnen leicht auf jedem Ledger-Ger\u00e4t oder kompatiblen Brieftasche (BIP39\/BIP44) wiederhergestellt werden. <\/span><\/li>\n<\/ul>\n","protected":false},"excerpt":{"rendered":"<p>CryptoCurry-Hardware-Wallet: Erm\u00f6glicht es Ihnen, Krypto-Assets sicher und bequem zu senden und zu empfangen. Ihr Ledger Hardware-Portemonnaie kann einfach mit einem Computer verbunden und \u00fcber die Ledger Live Companion App verwaltet werden. Der Ledger Nano S sch\u00fctzt Ihre privaten Schl\u00fcssel Sicher: Ihre vertraulichen Daten werden nie freigelegt: sie wird in einem stark isolierten Secure Chip gespeichert [&hellip;]<\/p>\n","protected":false},"featured_media":4066,"comment_status":"open","ping_status":"closed","template":"","meta":[],"product_cat":[78,103,74,110,54,53,108,426,432,433,431,293,292,302,70,299,291,296,298,64],"product_tag":[836],"class_list":{"0":"post-4065","1":"product","2":"type-product","3":"status-publish","4":"has-post-thumbnail","6":"product_cat-weihnachtsgeschenke","7":"product_cat-studenten","8":"product_cat-bester-freund","9":"product_cat-freund","10":"product_cat-vatertag","11":"product_cat-muttertag","12":"product_cat-maenner","13":"product_cat-nach-preis","14":"product_cat-ueber-35-euro","15":"product_cat-ueber-40-euro","16":"product_cat-unter-50-euro","17":"product_cat-geschenk-fuer-bruder","18":"product_cat-sohn","19":"product_cat--jungen","20":"product_cat-geschenke-fuer-jeden-anlass","21":"product_cat--chef","22":"product_cat-nerds","23":"product_cat--schwiegermutter","24":"product_cat--ehefrau","25":"product_cat-vater","26":"product_tag-wallet","28":"first","29":"instock","30":"shipping-taxable","31":"product-type-external"},"_links":{"self":[{"href":"https:\/\/www.blogseite.com\/geschenke\/wp-json\/wp\/v2\/product\/4065"}],"collection":[{"href":"https:\/\/www.blogseite.com\/geschenke\/wp-json\/wp\/v2\/product"}],"about":[{"href":"https:\/\/www.blogseite.com\/geschenke\/wp-json\/wp\/v2\/types\/product"}],"replies":[{"embeddable":true,"href":"https:\/\/www.blogseite.com\/geschenke\/wp-json\/wp\/v2\/comments?post=4065"}],"wp:featuredmedia":[{"embeddable":true,"href":"https:\/\/www.blogseite.com\/geschenke\/wp-json\/wp\/v2\/media\/4066"}],"wp:attachment":[{"href":"https:\/\/www.blogseite.com\/geschenke\/wp-json\/wp\/v2\/media?parent=4065"}],"wp:term":[{"taxonomy":"product_cat","embeddable":true,"href":"https:\/\/www.blogseite.com\/geschenke\/wp-json\/wp\/v2\/product_cat?post=4065"},{"taxonomy":"product_tag","embeddable":true,"href":"https:\/\/www.blogseite.com\/geschenke\/wp-json\/wp\/v2\/product_tag?post=4065"}],"curies":[{"name":"wp","href":"https:\/\/api.w.org\/{rel}","templated":true}]}}