{"id":3818,"date":"2021-03-30T16:35:31","date_gmt":"2021-03-30T14:35:31","guid":{"rendered":"https:\/\/geschenke.blogseite.com\/?post_type=product&#038;p=3818"},"modified":"2022-04-01T12:16:44","modified_gmt":"2022-04-01T10:16:44","slug":"nachttischlampe-tischlampe-mit-wireless-charger-10w","status":"publish","type":"product","link":"https:\/\/www.blogseite.com\/geschenke\/s\/nachttischlampe-tischlampe-mit-wireless-charger-10w\/","title":{"rendered":"Nachttischlampe Tischlampe mit Wireless Charger 10W"},"content":{"rendered":"<ul>\n<li><span class=\"a-list-item\"> 3 Helligkeitsstufen &#8211; Die Helligkeit des Lichts hat drei Stufen: niedrig, mittel und hoch, um Ihren unterschiedlichen Anforderungen gerecht zu werden <\/span><\/li>\n<li><span class=\"a-list-item\"> Touch Control &#8211; Sie k\u00f6nnen die Helligkeit einstellen oder ein-\/ausschalten des Nachttischlampe durch leichtes Ber\u00fchren des Oberarms <\/span><\/li>\n<li><span class=\"a-list-item\"> Kabelloses Ladeger\u00e4t &#8211; Stellen Sie Ihr Smartphone auf den Sockel der Lampe, um den Akku problemlos aufzuladen; Kompatibel mit den meisten derzeit auf dem Markt befindlichen Smartphones. Hinweis: \u00dcberpr\u00fcfen Sie vor dem Kauf das Modell Ihres Smartphones und pr\u00fcfen Sie, ob es das kabellose Laden unterst\u00fctzt. <\/span><\/li>\n<li><span class=\"a-list-item\"> Drehbares Design &#8211; Oberarm von 0 bis 180 \u00b0 drehbar, um den idealen Beleuchtungswinkel zu w\u00e4hlen <\/span><\/li>\n<li><span class=\"a-list-item\"> Multifunktion -Ideal als Tischlampe zum Lesen und als Nachttischlampe f\u00fcr Kinder und Erwachsene <\/span><\/li>\n<\/ul>\n","protected":false},"excerpt":{"rendered":"<p>3 Helligkeitsstufen &#8211; Die Helligkeit des Lichts hat drei Stufen: niedrig, mittel und hoch, um Ihren unterschiedlichen Anforderungen gerecht zu werden Touch Control &#8211; Sie k\u00f6nnen die Helligkeit einstellen oder ein-\/ausschalten des Nachttischlampe durch leichtes Ber\u00fchren des Oberarms Kabelloses Ladeger\u00e4t &#8211; Stellen Sie Ihr Smartphone auf den Sockel der Lampe, um den Akku problemlos aufzuladen; [&hellip;]<\/p>\n","protected":false},"featured_media":3819,"comment_status":"open","ping_status":"closed","template":"","meta":[],"product_cat":[814,78,746,74,110,116,63,53,45,108,57,73,280,426,429,430,431,301,300,70,295,294,296,298],"product_tag":[815,816],"class_list":{"0":"post-3818","1":"product","2":"type-product","3":"status-publish","4":"has-post-thumbnail","6":"product_cat-zuhause","7":"product_cat-weihnachtsgeschenke","8":"product_cat--fit-fuer-den-fruehling","9":"product_cat-bester-freund","10":"product_cat-freund","11":"product_cat-frauen","12":"product_cat-mutter","13":"product_cat-muttertag","14":"product_cat-freundin","15":"product_cat-maenner","16":"product_cat-oma","17":"product_cat-beste-freundin","18":"product_cat-geburtstagsgeschenke","19":"product_cat-nach-preis","20":"product_cat-unter-15-euro","21":"product_cat-unter-20-euro","22":"product_cat-unter-50-euro","23":"product_cat-eltern","24":"product_cat--kollege","25":"product_cat-geschenke-fuer-jeden-anlass","26":"product_cat--tochter","27":"product_cat--schwester","28":"product_cat--schwiegermutter","29":"product_cat--ehefrau","30":"product_tag-deko","31":"product_tag-zuhause","33":"first","34":"instock","35":"shipping-taxable","36":"product-type-external"},"_links":{"self":[{"href":"https:\/\/www.blogseite.com\/geschenke\/wp-json\/wp\/v2\/product\/3818"}],"collection":[{"href":"https:\/\/www.blogseite.com\/geschenke\/wp-json\/wp\/v2\/product"}],"about":[{"href":"https:\/\/www.blogseite.com\/geschenke\/wp-json\/wp\/v2\/types\/product"}],"replies":[{"embeddable":true,"href":"https:\/\/www.blogseite.com\/geschenke\/wp-json\/wp\/v2\/comments?post=3818"}],"wp:featuredmedia":[{"embeddable":true,"href":"https:\/\/www.blogseite.com\/geschenke\/wp-json\/wp\/v2\/media\/3819"}],"wp:attachment":[{"href":"https:\/\/www.blogseite.com\/geschenke\/wp-json\/wp\/v2\/media?parent=3818"}],"wp:term":[{"taxonomy":"product_cat","embeddable":true,"href":"https:\/\/www.blogseite.com\/geschenke\/wp-json\/wp\/v2\/product_cat?post=3818"},{"taxonomy":"product_tag","embeddable":true,"href":"https:\/\/www.blogseite.com\/geschenke\/wp-json\/wp\/v2\/product_tag?post=3818"}],"curies":[{"name":"wp","href":"https:\/\/api.w.org\/{rel}","templated":true}]}}