{"id":3813,"date":"2021-03-30T16:16:59","date_gmt":"2021-03-30T14:16:59","guid":{"rendered":"https:\/\/geschenke.blogseite.com\/?post_type=product&#038;p=3813"},"modified":"2022-04-01T12:17:29","modified_gmt":"2022-04-01T10:17:29","slug":"lichterkette-aussen-12m-lichterkette-mit-echten-gluehbirnen","status":"publish","type":"product","link":"https:\/\/www.blogseite.com\/geschenke\/s\/lichterkette-aussen-12m-lichterkette-mit-echten-gluehbirnen\/","title":{"rendered":"Lichterkette Au\u00dfen, 12M Lichterkette mit Echten Gl\u00fchbirnen"},"content":{"rendered":"<ul>\n<li><span class=\"a-list-item\"> Die interne Sicherung verst\u00e4rkt die Sicherheit beim Benutzen. Jede Birne hat eine Leistung von nur 7 w, und braucht nur wenig Strom. Der Lampendurchmesser betr\u00e4gt 40 mm und ist mit einer wasserdichten Gummikappe am Sockelende ausgestattet, wodurch die Verwendung sicherer wird. IP44 wasserdicht und UL zertifiziert. <\/span><\/li>\n<li><span class=\"a-list-item\"> Die Party-Lichterkette ist parallel geschaltet, um zu verhindern, dass eine defekte Gl\u00fchbirne die anderen Gl\u00fchbirnen beeinflusst. Auch bei zerbrochenen oder entfernten Gl\u00fchbirnen leuchten die restlichen Lampen weiter. Wenn eine Gl\u00fchbirne ausgeht, k\u00f6nnen Sie sie einfach austauschen, wir bieten 5 Lampenwechsel kostenlos an. Leistung: 7W pro Gl\u00fchbirne. <\/span><\/li>\n<li><span class=\"a-list-item\"> Schutzart IP44 hei\u00dft Wasserresistent, die Lichterkette kann auch an regnerischen Tagen verwendet werd. Diese outdoor lichterkette ist ein langlebiges und wetterfestes Premiumkabel. Das Kabel besteht aus Gummi, ist flexibel und dicker als ein herk\u00f6mmliches Kabel, sodass Sie k\u00f6nnen es also mit Zuversicht verwenden. <\/span><\/li>\n<li><span class=\"a-list-item\"> Alles, was Sie tun m\u00fcssen, ist die Gl\u00fchbirnen in die leeren Fassungen zu schrauben, den Stecker und die Lichterkette miteinander zu verbinden und dann den Stecker in die Steckdose zu stecken. Jede einzelne Gl\u00fchbirne verf\u00fcgt \u00fcber ein Haken , die es einfach macht, Gl\u00fchbirnen an einem Seil zu h\u00e4ngen. Sie k\u00f6nnen die Lichterkette unter Zelten, auf Terrassen, Zimmer, Balkon oder Sonnenschirmen einfach anbringen. <\/span><\/li>\n<li><span class=\"a-list-item\"> Die G40 30 Birnen 12 Meter Gl\u00fchlampe Lichterkette taucht jede Umgebung in wunderbar gelblichen Glanz und schafft eine besondere Stimmung. Diese Lichterkette mit Echten Gl\u00fchbirnen eignet sich hervorragend f\u00fcr die Innen- und Au\u00dfenbeleuchtung zu jeder Zeit zu Halloween, Weihnachten, privaten Feiern oder Feiertagen usw. Sie kann eine s\u00fc\u00dfe und gute Atmosph\u00e4re schaffen. <\/span><\/li>\n<\/ul>\n","protected":false},"excerpt":{"rendered":"<p>Die interne Sicherung verst\u00e4rkt die Sicherheit beim Benutzen. Jede Birne hat eine Leistung von nur 7 w, und braucht nur wenig Strom. Der Lampendurchmesser betr\u00e4gt 40 mm und ist mit einer wasserdichten Gummikappe am Sockelende ausgestattet, wodurch die Verwendung sicherer wird. IP44 wasserdicht und UL zertifiziert. Die Party-Lichterkette ist parallel geschaltet, um zu verhindern, dass [&hellip;]<\/p>\n","protected":false},"featured_media":3814,"comment_status":"open","ping_status":"closed","template":"","meta":[],"product_cat":[814,78,746,74,110,116,63,53,45,108,57,73,280,426,429,430,431,301,300,70,295,294,296,298],"product_tag":[815,816],"class_list":{"0":"post-3813","1":"product","2":"type-product","3":"status-publish","4":"has-post-thumbnail","6":"product_cat-zuhause","7":"product_cat-weihnachtsgeschenke","8":"product_cat--fit-fuer-den-fruehling","9":"product_cat-bester-freund","10":"product_cat-freund","11":"product_cat-frauen","12":"product_cat-mutter","13":"product_cat-muttertag","14":"product_cat-freundin","15":"product_cat-maenner","16":"product_cat-oma","17":"product_cat-beste-freundin","18":"product_cat-geburtstagsgeschenke","19":"product_cat-nach-preis","20":"product_cat-unter-15-euro","21":"product_cat-unter-20-euro","22":"product_cat-unter-50-euro","23":"product_cat-eltern","24":"product_cat--kollege","25":"product_cat-geschenke-fuer-jeden-anlass","26":"product_cat--tochter","27":"product_cat--schwester","28":"product_cat--schwiegermutter","29":"product_cat--ehefrau","30":"product_tag-deko","31":"product_tag-zuhause","33":"first","34":"instock","35":"shipping-taxable","36":"product-type-external"},"_links":{"self":[{"href":"https:\/\/www.blogseite.com\/geschenke\/wp-json\/wp\/v2\/product\/3813"}],"collection":[{"href":"https:\/\/www.blogseite.com\/geschenke\/wp-json\/wp\/v2\/product"}],"about":[{"href":"https:\/\/www.blogseite.com\/geschenke\/wp-json\/wp\/v2\/types\/product"}],"replies":[{"embeddable":true,"href":"https:\/\/www.blogseite.com\/geschenke\/wp-json\/wp\/v2\/comments?post=3813"}],"wp:featuredmedia":[{"embeddable":true,"href":"https:\/\/www.blogseite.com\/geschenke\/wp-json\/wp\/v2\/media\/3814"}],"wp:attachment":[{"href":"https:\/\/www.blogseite.com\/geschenke\/wp-json\/wp\/v2\/media?parent=3813"}],"wp:term":[{"taxonomy":"product_cat","embeddable":true,"href":"https:\/\/www.blogseite.com\/geschenke\/wp-json\/wp\/v2\/product_cat?post=3813"},{"taxonomy":"product_tag","embeddable":true,"href":"https:\/\/www.blogseite.com\/geschenke\/wp-json\/wp\/v2\/product_tag?post=3813"}],"curies":[{"name":"wp","href":"https:\/\/api.w.org\/{rel}","templated":true}]}}