{"id":3765,"date":"2021-03-30T12:30:27","date_gmt":"2021-03-30T10:30:27","guid":{"rendered":"https:\/\/geschenke.blogseite.com\/?post_type=product&#038;p=3765"},"modified":"2022-04-01T17:45:54","modified_gmt":"2022-04-01T15:45:54","slug":"led-fotoclips-lichterkette-fuer-zimmer-deko-geschenk-%f0%9f%94%a5","status":"publish","type":"product","link":"https:\/\/www.blogseite.com\/geschenke\/s\/led-fotoclips-lichterkette-fuer-zimmer-deko-geschenk-%f0%9f%94%a5\/","title":{"rendered":"LED Fotoclips Lichterkette f\u00fcr Zimmer Deko: Geschenk \ud83d\udd25"},"content":{"rendered":"<ul>\n<li><span class=\"a-list-item\"> Unsere lichterketten f\u00fcr zimmer haben 100 LED. Jede LED 10cm, insgesamt 10m lang. Ausgestattet mit 60 transparenten Clips zur Anzeige mehrerer Bilder, Karten, Drucke, Kindergrafiken, Zeichnungen, Spr\u00fcche und mehr. Kommt mit 20 N\u00e4geln zum Aufh\u00e4ngen und Befestigen der Lichter an Wand, T\u00fcr, Weihnachtsb\u00e4umen, Haus und Schlafzimmer. <\/span><\/li>\n<li><span class=\"a-list-item\"> Die lichterkette mit klammern f\u00fcr fotos besteht aus 0,38 mm hochwertigem Silberdraht. Dieser robuste Silberdraht ist nicht leicht zu brechen oder zu besch\u00e4digen. Sie k\u00f6nnen es beliebig biegen. <\/span><\/li>\n<li><span class=\"a-list-item\"> foto lichterkette mit 3 AA-Batterien (Die Batterien sind nicht im Lieferumfang enthalten) und ohne Netzstecker betrieben. Ideal f\u00fcr den Innenbereich, auch f\u00fcr den Au\u00dfenbereich in \u00fcberdachten Bereichen geeignet. <\/span><\/li>\n<li><span class=\"a-list-item\"> Die Lichterketten f\u00fcr Fotoclips zum Aufh\u00e4ngen von Bildern \/ Karten eignen sich hervorragend als Dekoration f\u00fcr Schlafzimmer, Weihnachten, Hochzeiten, Valentinstag, Party, Pub, Konzert, Modenschau, Schaufenster usw. <\/span><\/li>\n<li><span class=\"a-list-item\"> 1 x 100 LED Lichterketten, 60 x transparente Clips, 20 x spurlose N\u00e4gel; 60 Tage Geld-zur\u00fcck-Garantie, 1 Jahr sorgenfreie Garantie, 24 Stunden freundlicher Kundenservice. <\/span><\/li>\n<\/ul>\n","protected":false},"excerpt":{"rendered":"<p>Unsere lichterketten f\u00fcr zimmer haben 100 LED. Jede LED 10cm, insgesamt 10m lang. Ausgestattet mit 60 transparenten Clips zur Anzeige mehrerer Bilder, Karten, Drucke, Kindergrafiken, Zeichnungen, Spr\u00fcche und mehr. Kommt mit 20 N\u00e4geln zum Aufh\u00e4ngen und Befestigen der Lichter an Wand, T\u00fcr, Weihnachtsb\u00e4umen, Haus und Schlafzimmer. Die lichterkette mit klammern f\u00fcr fotos besteht aus 0,38 [&hellip;]<\/p>\n","protected":false},"featured_media":3766,"comment_status":"open","ping_status":"closed","template":"","meta":[],"product_cat":[814,78,74,110,116,63,53,45,108,57,73,280,426,430,431,301,300,70,295,294,296,298],"product_tag":[815,816],"class_list":{"0":"post-3765","1":"product","2":"type-product","3":"status-publish","4":"has-post-thumbnail","6":"product_cat-zuhause","7":"product_cat-weihnachtsgeschenke","8":"product_cat-bester-freund","9":"product_cat-freund","10":"product_cat-frauen","11":"product_cat-mutter","12":"product_cat-muttertag","13":"product_cat-freundin","14":"product_cat-maenner","15":"product_cat-oma","16":"product_cat-beste-freundin","17":"product_cat-geburtstagsgeschenke","18":"product_cat-nach-preis","19":"product_cat-unter-20-euro","20":"product_cat-unter-50-euro","21":"product_cat-eltern","22":"product_cat--kollege","23":"product_cat-geschenke-fuer-jeden-anlass","24":"product_cat--tochter","25":"product_cat--schwester","26":"product_cat--schwiegermutter","27":"product_cat--ehefrau","28":"product_tag-deko","29":"product_tag-zuhause","31":"first","32":"instock","33":"shipping-taxable","34":"product-type-external"},"_links":{"self":[{"href":"https:\/\/www.blogseite.com\/geschenke\/wp-json\/wp\/v2\/product\/3765"}],"collection":[{"href":"https:\/\/www.blogseite.com\/geschenke\/wp-json\/wp\/v2\/product"}],"about":[{"href":"https:\/\/www.blogseite.com\/geschenke\/wp-json\/wp\/v2\/types\/product"}],"replies":[{"embeddable":true,"href":"https:\/\/www.blogseite.com\/geschenke\/wp-json\/wp\/v2\/comments?post=3765"}],"wp:featuredmedia":[{"embeddable":true,"href":"https:\/\/www.blogseite.com\/geschenke\/wp-json\/wp\/v2\/media\/3766"}],"wp:attachment":[{"href":"https:\/\/www.blogseite.com\/geschenke\/wp-json\/wp\/v2\/media?parent=3765"}],"wp:term":[{"taxonomy":"product_cat","embeddable":true,"href":"https:\/\/www.blogseite.com\/geschenke\/wp-json\/wp\/v2\/product_cat?post=3765"},{"taxonomy":"product_tag","embeddable":true,"href":"https:\/\/www.blogseite.com\/geschenke\/wp-json\/wp\/v2\/product_tag?post=3765"}],"curies":[{"name":"wp","href":"https:\/\/api.w.org\/{rel}","templated":true}]}}