{"id":3753,"date":"2021-03-30T12:05:08","date_gmt":"2021-03-30T10:05:08","guid":{"rendered":"https:\/\/geschenke.blogseite.com\/?post_type=product&#038;p=3753"},"modified":"2022-04-01T17:48:13","modified_gmt":"2022-04-01T15:48:13","slug":"led-glaskugel-3er-set-exklusive-groesse-geschenk-%f0%9f%94%a5","status":"publish","type":"product","link":"https:\/\/www.blogseite.com\/geschenke\/s\/led-glaskugel-3er-set-exklusive-groesse-geschenk-%f0%9f%94%a5\/","title":{"rendered":"LED Glaskugel 3er Set &#8211; Exklusive Gr\u00f6\u00dfe Geschenk \ud83d\udd25"},"content":{"rendered":"<ul class=\"a-unordered-list a-vertical a-spacing-mini\">\n<li><span class=\"a-list-item\"> Lassen Sie Ihr Zuhause erstrahlen! Freuen Sie sich mit Pure Living auf extra gro\u00dfe Leuchtkugeln als ganzj\u00e4hrige Dekoration f\u00fcr Wohn- &amp; Schlafzimmer; Das wundersch\u00f6ne LED Glaskugeln 3er Set enth\u00e4lt je eine 10, 12 &amp; 15 cm Leuchtkugel <\/span><\/li>\n<li><span class=\"a-list-item\"> An der gro\u00dfen Boden\u00f6ffnung jeder LED Lichtkugel befindet sich ein zuverl\u00e4ssiger Gummiring, der daf\u00fcr sorgt, dass sowohl Ihre M\u00f6bel wie auch H\u00e4nde frei von Kratzern bleiben &#8211; 100% Schutz &amp; Premium-Qualit\u00e4t <\/span><\/li>\n<li><span class=\"a-list-item\"> LED Kugeln mit Timer? Extrem praktisch, plus energie- &amp; kostensparend! W\u00e4hlen Sie ganz einfach die raffinierte Timerfunktion &amp; jede Lichterkugel schaltet sich automatisch nach 5 Std. ab <\/span><\/li>\n<li><span class=\"a-list-item\"> Mit den Deko Glaskugeln &amp; gesamt 27 LEDs wird jeder Raum zum warmwei\u00dfen Traum; Die Glaskugel mit LED Beleuchtung als Sahneh\u00e4ubchen Ihrer Lichtstimmung, aber auch ohne Beleuchtung ein moderner Deko-Eyecatcher <\/span><\/li>\n<li><span class=\"a-list-item\"> Im Flur oder doch lieber auf der Fensterbank? Erschaffen Sie mit dem LED Leuchtkugel Set sanfte Lichteffekte, wo auch immer Sie m\u00f6chten; Sie ben\u00f6tigen lediglich 3x AA-Batterien (nicht inkl.) und schon sind LED Kugel mit Timer deko-bereit <\/span><\/li>\n<\/ul>\n","protected":false},"excerpt":{"rendered":"<p>Lassen Sie Ihr Zuhause erstrahlen! Freuen Sie sich mit Pure Living auf extra gro\u00dfe Leuchtkugeln als ganzj\u00e4hrige Dekoration f\u00fcr Wohn- &amp; Schlafzimmer; Das wundersch\u00f6ne LED Glaskugeln 3er Set enth\u00e4lt je eine 10, 12 &amp; 15 cm Leuchtkugel An der gro\u00dfen Boden\u00f6ffnung jeder LED Lichtkugel befindet sich ein zuverl\u00e4ssiger Gummiring, der daf\u00fcr sorgt, dass sowohl Ihre [&hellip;]<\/p>\n","protected":false},"featured_media":3754,"comment_status":"open","ping_status":"closed","template":"","meta":[],"product_cat":[814,78,74,110,116,63,53,45,108,57,73,280,426,431,301,300,70,295,294,296,298],"product_tag":[815,817,816],"class_list":{"0":"post-3753","1":"product","2":"type-product","3":"status-publish","4":"has-post-thumbnail","6":"product_cat-zuhause","7":"product_cat-weihnachtsgeschenke","8":"product_cat-bester-freund","9":"product_cat-freund","10":"product_cat-frauen","11":"product_cat-mutter","12":"product_cat-muttertag","13":"product_cat-freundin","14":"product_cat-maenner","15":"product_cat-oma","16":"product_cat-beste-freundin","17":"product_cat-geburtstagsgeschenke","18":"product_cat-nach-preis","19":"product_cat-unter-50-euro","20":"product_cat-eltern","21":"product_cat--kollege","22":"product_cat-geschenke-fuer-jeden-anlass","23":"product_cat--tochter","24":"product_cat--schwester","25":"product_cat--schwiegermutter","26":"product_cat--ehefrau","27":"product_tag-deko","28":"product_tag-garten","29":"product_tag-zuhause","31":"first","32":"instock","33":"shipping-taxable","34":"product-type-external"},"_links":{"self":[{"href":"https:\/\/www.blogseite.com\/geschenke\/wp-json\/wp\/v2\/product\/3753"}],"collection":[{"href":"https:\/\/www.blogseite.com\/geschenke\/wp-json\/wp\/v2\/product"}],"about":[{"href":"https:\/\/www.blogseite.com\/geschenke\/wp-json\/wp\/v2\/types\/product"}],"replies":[{"embeddable":true,"href":"https:\/\/www.blogseite.com\/geschenke\/wp-json\/wp\/v2\/comments?post=3753"}],"wp:featuredmedia":[{"embeddable":true,"href":"https:\/\/www.blogseite.com\/geschenke\/wp-json\/wp\/v2\/media\/3754"}],"wp:attachment":[{"href":"https:\/\/www.blogseite.com\/geschenke\/wp-json\/wp\/v2\/media?parent=3753"}],"wp:term":[{"taxonomy":"product_cat","embeddable":true,"href":"https:\/\/www.blogseite.com\/geschenke\/wp-json\/wp\/v2\/product_cat?post=3753"},{"taxonomy":"product_tag","embeddable":true,"href":"https:\/\/www.blogseite.com\/geschenke\/wp-json\/wp\/v2\/product_tag?post=3753"}],"curies":[{"name":"wp","href":"https:\/\/api.w.org\/{rel}","templated":true}]}}