{"id":3740,"date":"2021-03-30T10:09:35","date_gmt":"2021-03-30T08:09:35","guid":{"rendered":"https:\/\/geschenke.blogseite.com\/?post_type=product&#038;p=3740"},"modified":"2022-04-01T17:51:24","modified_gmt":"2022-04-01T15:51:24","slug":"wandteelichthalter-abstrakt-metall-wand-schwarz-61-cm","status":"publish","type":"product","link":"https:\/\/www.blogseite.com\/geschenke\/s\/wandteelichthalter-abstrakt-metall-wand-schwarz-61-cm\/","title":{"rendered":"Wandteelichthalter Abstrakt Metall Wand Schwarz 61 cm"},"content":{"rendered":"<ul class=\"a-unordered-list a-vertical a-spacing-mini\">\n<li><span class=\"a-list-item\"> Design Wandteelichthalter Abstrakt mit Platz f\u00fcr 4 Teelichter, wundersch\u00f6ne Wanddekoration inklusive 4 Teelichtgl\u00e4ser. <\/span><\/li>\n<li><span class=\"a-list-item\"> Der Teelichthalter wird bereits fertig montiert geliefert, Sie k\u00f6nnen den Wandleuchter somit sofort aus der Verpackung entnehmen und an Ihrem Lieblingsort anbringen. <\/span><\/li>\n<li><span class=\"a-list-item\"> Ideal als Geschenk f\u00fcr jeden Anlass und ein Blickfang in jedem Wohnzimmer, Esszimmer, K\u00fcche, Flur oder B\u00fcro. <\/span><\/li>\n<li><span class=\"a-list-item\"> Ma\u00dfe: H\u00f6he 61 cm, Breite 29, Tiefe 13 cm, Gewicht 1,5 kg <\/span><\/li>\n<li><span class=\"a-list-item\"> Pulverbeschichtet in der Farbe Schwarz <\/span><\/li>\n<\/ul>\n","protected":false},"excerpt":{"rendered":"<p>Design Wandteelichthalter Abstrakt mit Platz f\u00fcr 4 Teelichter, wundersch\u00f6ne Wanddekoration inklusive 4 Teelichtgl\u00e4ser. Der Teelichthalter wird bereits fertig montiert geliefert, Sie k\u00f6nnen den Wandleuchter somit sofort aus der Verpackung entnehmen und an Ihrem Lieblingsort anbringen. Ideal als Geschenk f\u00fcr jeden Anlass und ein Blickfang in jedem Wohnzimmer, Esszimmer, K\u00fcche, Flur oder B\u00fcro. Ma\u00dfe: H\u00f6he 61 [&hellip;]<\/p>\n","protected":false},"featured_media":3741,"comment_status":"open","ping_status":"closed","template":"","meta":[],"product_cat":[814,78,74,110,116,63,53,45,108,57,73,280,426,431,301,300,70,295,294,296,298],"product_tag":[800,804],"class_list":{"0":"post-3740","1":"product","2":"type-product","3":"status-publish","4":"has-post-thumbnail","6":"product_cat-zuhause","7":"product_cat-weihnachtsgeschenke","8":"product_cat-bester-freund","9":"product_cat-freund","10":"product_cat-frauen","11":"product_cat-mutter","12":"product_cat-muttertag","13":"product_cat-freundin","14":"product_cat-maenner","15":"product_cat-oma","16":"product_cat-beste-freundin","17":"product_cat-geburtstagsgeschenke","18":"product_cat-nach-preis","19":"product_cat-unter-50-euro","20":"product_cat-eltern","21":"product_cat--kollege","22":"product_cat-geschenke-fuer-jeden-anlass","23":"product_cat--tochter","24":"product_cat--schwester","25":"product_cat--schwiegermutter","26":"product_cat--ehefrau","27":"product_tag-sport","28":"product_tag-sup","30":"first","31":"instock","32":"shipping-taxable","33":"product-type-external"},"_links":{"self":[{"href":"https:\/\/www.blogseite.com\/geschenke\/wp-json\/wp\/v2\/product\/3740"}],"collection":[{"href":"https:\/\/www.blogseite.com\/geschenke\/wp-json\/wp\/v2\/product"}],"about":[{"href":"https:\/\/www.blogseite.com\/geschenke\/wp-json\/wp\/v2\/types\/product"}],"replies":[{"embeddable":true,"href":"https:\/\/www.blogseite.com\/geschenke\/wp-json\/wp\/v2\/comments?post=3740"}],"wp:featuredmedia":[{"embeddable":true,"href":"https:\/\/www.blogseite.com\/geschenke\/wp-json\/wp\/v2\/media\/3741"}],"wp:attachment":[{"href":"https:\/\/www.blogseite.com\/geschenke\/wp-json\/wp\/v2\/media?parent=3740"}],"wp:term":[{"taxonomy":"product_cat","embeddable":true,"href":"https:\/\/www.blogseite.com\/geschenke\/wp-json\/wp\/v2\/product_cat?post=3740"},{"taxonomy":"product_tag","embeddable":true,"href":"https:\/\/www.blogseite.com\/geschenke\/wp-json\/wp\/v2\/product_tag?post=3740"}],"curies":[{"name":"wp","href":"https:\/\/api.w.org\/{rel}","templated":true}]}}