{"id":369,"date":"2020-11-21T10:54:27","date_gmt":"2020-11-21T09:54:27","guid":{"rendered":"https:\/\/geschenke.blogseite.com\/?post_type=product&#038;p=369"},"modified":"2022-04-06T10:49:09","modified_gmt":"2022-04-06T08:49:09","slug":"spiegelau-nachtmann-set-kristallglas","status":"publish","type":"product","link":"https:\/\/www.blogseite.com\/geschenke\/s\/spiegelau-nachtmann-set-kristallglas\/","title":{"rendered":"Spiegelau &#038; Nachtmann, Set, Kristallglas"},"content":{"rendered":"<ul class=\"a-unordered-list a-vertical a-spacing-mini\">\n<li><span class=\"a-list-item\">4-teiliges Whisky-Set f\u00fcr die elegante Pr\u00e4sentation Ihrer Getr\u00e4nke und Whiskys zu jeder Tischplatte oder jeder Bar, Hohe Standfestigkeit dank Gewicht (2,281 Kg), Ideal f\u00fcr besondere Abende<\/span><\/li>\n<li><span class=\"a-list-item\">Kristallglas in zeitlosem Schliff-Design, Diamantartige Detaillierung, Einzigartige Textur, Feiner, wulstfreier Rand, Brillante Lichtbrechung<\/span><\/li>\n<li><span class=\"a-list-item\">Optimierung der Sinneseindr\u00fccke: Entfaltung des perfekten Spirituosenaromas und perfekter Genuss von Cocktails, Betonung des vielf\u00e4ltigen Mundgef\u00fchls, Perfekt abgestimmt auf klassische 4 cl Whiskys<\/span><\/li>\n<li><span class=\"a-list-item\">Made in Germany: Sp\u00fclmaschinengeeignet, Keine Beeintr\u00e4chtigung der Glasqualit\u00e4t nach zahlreichen Sp\u00fclg\u00e4ngen, Erh\u00f6hte Bruchfestigkeit dank hochwertiger Verarbeitung reinster Zutaten und spezieller Rohstoffe<\/span><\/li>\n<li><span class=\"a-list-item\">Lieferumfang: 1x Spiegelau &amp; Nachtmann Whisky-Set 4tlg. Noblesse, 89207, Material: Kristallglas, F\u00fcllmenge: 295 ml, H\u00f6he 9,8 cm, Durchmesser 8,2 cm, Gewicht: 1,9 Kg<\/span><\/li>\n<\/ul>\n","protected":false},"excerpt":{"rendered":"<p>4-teiliges Whisky-Set f\u00fcr die elegante Pr\u00e4sentation Ihrer Getr\u00e4nke und Whiskys zu jeder Tischplatte oder jeder Bar, Hohe Standfestigkeit dank Gewicht (2,281 Kg), Ideal f\u00fcr besondere Abende Kristallglas in zeitlosem Schliff-Design, Diamantartige Detaillierung, Einzigartige Textur, Feiner, wulstfreier Rand, Brillante Lichtbrechung Optimierung der Sinneseindr\u00fccke: Entfaltung des perfekten Spirituosenaromas und perfekter Genuss von Cocktails, Betonung des vielf\u00e4ltigen Mundgef\u00fchls, [&hellip;]<\/p>\n","protected":false},"featured_media":370,"comment_status":"open","ping_status":"closed","template":"","meta":[],"product_cat":[426,430,431,70],"product_tag":[219,220,208,218,217,571],"class_list":{"0":"post-369","1":"product","2":"type-product","3":"status-publish","4":"has-post-thumbnail","6":"product_cat-nach-preis","7":"product_cat-unter-20-euro","8":"product_cat-unter-50-euro","9":"product_cat-geschenke-fuer-jeden-anlass","10":"product_tag-cooles-geschenk","11":"product_tag-edles-geschenk","12":"product_tag-geschenk-fuer-jeden-anlass","13":"product_tag-geschenk-geburtstag","14":"product_tag-geschenk-weihnachten","15":"product_tag-schnappsglser","17":"first","18":"instock","19":"shipping-taxable","20":"product-type-external"},"_links":{"self":[{"href":"https:\/\/www.blogseite.com\/geschenke\/wp-json\/wp\/v2\/product\/369"}],"collection":[{"href":"https:\/\/www.blogseite.com\/geschenke\/wp-json\/wp\/v2\/product"}],"about":[{"href":"https:\/\/www.blogseite.com\/geschenke\/wp-json\/wp\/v2\/types\/product"}],"replies":[{"embeddable":true,"href":"https:\/\/www.blogseite.com\/geschenke\/wp-json\/wp\/v2\/comments?post=369"}],"wp:featuredmedia":[{"embeddable":true,"href":"https:\/\/www.blogseite.com\/geschenke\/wp-json\/wp\/v2\/media\/370"}],"wp:attachment":[{"href":"https:\/\/www.blogseite.com\/geschenke\/wp-json\/wp\/v2\/media?parent=369"}],"wp:term":[{"taxonomy":"product_cat","embeddable":true,"href":"https:\/\/www.blogseite.com\/geschenke\/wp-json\/wp\/v2\/product_cat?post=369"},{"taxonomy":"product_tag","embeddable":true,"href":"https:\/\/www.blogseite.com\/geschenke\/wp-json\/wp\/v2\/product_tag?post=369"}],"curies":[{"name":"wp","href":"https:\/\/api.w.org\/{rel}","templated":true}]}}