{"id":3558,"date":"2021-03-25T11:34:03","date_gmt":"2021-03-25T10:34:03","guid":{"rendered":"https:\/\/geschenke.blogseite.com\/?post_type=product&#038;p=3558"},"modified":"2022-04-01T17:57:16","modified_gmt":"2022-04-01T15:57:16","slug":"geschenk-tischtennisschlaeger-schlaeger-ausziehbare-tischtennisnetz","status":"publish","type":"product","link":"https:\/\/www.blogseite.com\/geschenke\/s\/geschenk-tischtennisschlaeger-schlaeger-ausziehbare-tischtennisnetz\/","title":{"rendered":"Geschenk: Tischtennisschl\u00e4ger\/Schl\u00e4ger + Ausziehbare Tischtennisnetz"},"content":{"rendered":"<ul class=\"a-unordered-list a-vertical a-spacing-mini\">\n<li><span class=\"a-list-item\"> Dieses tischtennis schlaeger set eignet sich ideal f\u00fcr unterhaltsame Spiele in der Schule, zu Hause, im Sportclub oder im B\u00fcro f\u00fcr das t\u00e4gliche Training, die Fitness oder f\u00fcr Unterhaltungen. Jeder kann den Spa\u00df dieses Sets genie\u00dfen, besonders f\u00fcr Trainer, Amateure und Anf\u00e4nger. <\/span><\/li>\n<li><span class=\"a-list-item\"> 7 lagige Klinge aus Pappelholz f\u00fcr eine feste Struktur. Die Paddel aus 2 mm hochelastischem Schwamm und doppelseitigem Premium-Gummi bieten hervorragende Kontrolle beim Angriff und der Verteidigung. Das Seitenband um den Schl\u00e4ger wird mit einem abriebfesten Schwamm geliefert, um den Verschlei\u00df der Schl\u00e4gerkante durch unregelm\u00e4\u00dfige Bewegungen oder Schl\u00e4gerkollisionen effektiv zu verhindern. <\/span><\/li>\n<li><span class=\"a-list-item\"> Dieses Ping Pong Netz besteht aus hochwertiger Polyester Baumwolle. Das Gestellwellendesign trifft auf das menschliche Handdesign, und das Strecken ist bequemer und arbeitssparender. Der gro\u00dfe Kiefer hat eine starke Bisskraft und ist fest und rutschfest. Es kann stabil auf einem Tisch mit einer Dicke von weniger als 5 cm installiert werden, der f\u00fcr alle Tischarten geeignet ist. <\/span><\/li>\n<li><span class=\"a-list-item\"> Konisch zulaufendes Design f\u00fcr einen perfekten Griff mit Griff, der nicht nur beim Halten der Flederm\u00e4use die Hand angenehm macht, sondern auch die Reibung zwischen den H\u00e4nden und Flederm\u00e4usen erh\u00f6ht, um ein Abrutschen zu vermeiden <\/span><\/li>\n<li><span class=\"a-list-item\"> Das tischtennisschlaeger set umfasst 4 hochwertige schl\u00e4ger, 8 B\u00e4lle und ein einziehbares Netz. Es ist sehr praktisch f\u00fcr Familienmitglieder oder Ping-Pong-Liebhaber, \u00fcberall und jederzeit Tischtennis zu spielen. <\/span><\/li>\n<\/ul>\n","protected":false},"excerpt":{"rendered":"<p>Dieses tischtennis schlaeger set eignet sich ideal f\u00fcr unterhaltsame Spiele in der Schule, zu Hause, im Sportclub oder im B\u00fcro f\u00fcr das t\u00e4gliche Training, die Fitness oder f\u00fcr Unterhaltungen. Jeder kann den Spa\u00df dieses Sets genie\u00dfen, besonders f\u00fcr Trainer, Amateure und Anf\u00e4nger. 7 lagige Klinge aus Pappelholz f\u00fcr eine feste Struktur. Die Paddel aus 2 [&hellip;]<\/p>\n","protected":false},"featured_media":3559,"comment_status":"open","ping_status":"closed","template":"","meta":[],"product_cat":[78,74,110,116,63,53,45,108,73,280,426,429,430,431,293,301,292,300,302,70,299,295,294,291,64],"product_tag":[799,800],"class_list":{"0":"post-3558","1":"product","2":"type-product","3":"status-publish","4":"has-post-thumbnail","6":"product_cat-weihnachtsgeschenke","7":"product_cat-bester-freund","8":"product_cat-freund","9":"product_cat-frauen","10":"product_cat-mutter","11":"product_cat-muttertag","12":"product_cat-freundin","13":"product_cat-maenner","14":"product_cat-beste-freundin","15":"product_cat-geburtstagsgeschenke","16":"product_cat-nach-preis","17":"product_cat-unter-15-euro","18":"product_cat-unter-20-euro","19":"product_cat-unter-50-euro","20":"product_cat-geschenk-fuer-bruder","21":"product_cat-eltern","22":"product_cat-sohn","23":"product_cat--kollege","24":"product_cat--jungen","25":"product_cat-geschenke-fuer-jeden-anlass","26":"product_cat--chef","27":"product_cat--tochter","28":"product_cat--schwester","29":"product_cat-nerds","30":"product_cat-vater","31":"product_tag-frisbee","32":"product_tag-sport","34":"first","35":"instock","36":"shipping-taxable","37":"product-type-external"},"_links":{"self":[{"href":"https:\/\/www.blogseite.com\/geschenke\/wp-json\/wp\/v2\/product\/3558"}],"collection":[{"href":"https:\/\/www.blogseite.com\/geschenke\/wp-json\/wp\/v2\/product"}],"about":[{"href":"https:\/\/www.blogseite.com\/geschenke\/wp-json\/wp\/v2\/types\/product"}],"replies":[{"embeddable":true,"href":"https:\/\/www.blogseite.com\/geschenke\/wp-json\/wp\/v2\/comments?post=3558"}],"wp:featuredmedia":[{"embeddable":true,"href":"https:\/\/www.blogseite.com\/geschenke\/wp-json\/wp\/v2\/media\/3559"}],"wp:attachment":[{"href":"https:\/\/www.blogseite.com\/geschenke\/wp-json\/wp\/v2\/media?parent=3558"}],"wp:term":[{"taxonomy":"product_cat","embeddable":true,"href":"https:\/\/www.blogseite.com\/geschenke\/wp-json\/wp\/v2\/product_cat?post=3558"},{"taxonomy":"product_tag","embeddable":true,"href":"https:\/\/www.blogseite.com\/geschenke\/wp-json\/wp\/v2\/product_tag?post=3558"}],"curies":[{"name":"wp","href":"https:\/\/api.w.org\/{rel}","templated":true}]}}