{"id":3511,"date":"2021-03-23T11:24:55","date_gmt":"2021-03-23T10:24:55","guid":{"rendered":"https:\/\/geschenke.blogseite.com\/?post_type=product&#038;p=3511"},"modified":"2022-04-01T18:08:56","modified_gmt":"2022-04-01T16:08:56","slug":"schaumstoffrolle-2-in-1-schaumstoffrollen-4-teiliges-set-%f0%9f%98%8a","status":"publish","type":"product","link":"https:\/\/www.blogseite.com\/geschenke\/s\/schaumstoffrolle-2-in-1-schaumstoffrollen-4-teiliges-set-%f0%9f%98%8a\/","title":{"rendered":"Schaumstoffrolle 2 in 1 Schaumstoffrollen 4-teiliges Set \ud83d\ude0a"},"content":{"rendered":"<ul class=\"a-unordered-list a-vertical a-spacing-mini\">\n<li><span class=\"a-list-item\"> Verwenden Sie die FitBeast Foam Rollers 4-teiliges Set, um die Milchs\u00e4ure aus Ihren Muskeln zu sp\u00fclen und den Blutfluss durch eine Tiefengewebemassage zu erh\u00f6hen, die die Muskelverspannung in den Beinen, im R\u00fccken und im K\u00f6rper l\u00f6st sowie den Schlaf verbessern. <\/span><\/li>\n<li><span class=\"a-list-item\"> Verwenden Sie die Schaumstoffrolle mit dem Ausl\u00f6ser, um direkt in die tiefsten Muskeln Ihres K\u00f6rpers zu gelangen und erhalten Sie eine schnelle myofasziale Freisetzung. Die weiche Schaumstoffrolle kann nicht nur die Schmerzen von Schienbeinschienen und Entz\u00fcndungen lindern, sondern auch R\u00fccken, Schultern und Brustbereich durch hartes Training verletzen. <\/span><\/li>\n<li><span class=\"a-list-item\"> Die kostenlosen Massagekugeln sind eines der besten Massage-Tools, um kleine Oberfl\u00e4chen im ganzen K\u00f6rper zu bearbeiten, insbesondere die Schultern, die Leistengegend und die F\u00fc\u00dfe. Schaumstoffrolle 2 in 1, die speziell f\u00fcr die Entlastung festsitzender und unbequemer Muskeln entwickelt wurde, die Spannung reduziert, die Durchblutung erh\u00f6ht und Giftstoffe entfernt. <\/span><\/li>\n<li><span class=\"a-list-item\"> Unsere 2-in-1-Schaumstoffrollen bestehen aus ungiftigen und ungef\u00e4hrlichen Materialien, die Ihre Haut nicht verletzen. Nicht nur ideal f\u00fcr alle Sportarten, einschlie\u00dflich Laufen, Radfahren, Yoga und Pilates, sondern auch f\u00fcr Sporttrainer, Masseure und Gesundheitsexperten f\u00fcr Ganzk\u00f6rpertraining, Rehabilitation, Pr\u00e4vention von Sportverletzungen und Nach dem Training zur Beschleunigung der Genesung. <\/span><\/li>\n<li><span class=\"a-list-item\"> \u3010Einfache Handhabung mit praktischer Tragetasche\u3011: Die Schaumstoffrollen f\u00fcr die Muskeln sind einfach zu bedienen, leicht und tragbar. Die hintere Schaumstoffrolle passt problemlos hinein, und Sie k\u00f6nnen alles in einer praktischen Tasche verstauen und mitnehmen. <\/span><\/li>\n<\/ul>\n","protected":false},"excerpt":{"rendered":"<p>Verwenden Sie die FitBeast Foam Rollers 4-teiliges Set, um die Milchs\u00e4ure aus Ihren Muskeln zu sp\u00fclen und den Blutfluss durch eine Tiefengewebemassage zu erh\u00f6hen, die die Muskelverspannung in den Beinen, im R\u00fccken und im K\u00f6rper l\u00f6st sowie den Schlaf verbessern. Verwenden Sie die Schaumstoffrolle mit dem Ausl\u00f6ser, um direkt in die tiefsten Muskeln Ihres K\u00f6rpers [&hellip;]<\/p>\n","protected":false},"featured_media":3512,"comment_status":"open","ping_status":"closed","template":"","meta":[],"product_cat":[78,74,110,116,63,53,45,108,73,280,426,432,431,293,301,292,300,302,70,299,295,294,291,64],"product_tag":[790],"class_list":{"0":"post-3511","1":"product","2":"type-product","3":"status-publish","4":"has-post-thumbnail","6":"product_cat-weihnachtsgeschenke","7":"product_cat-bester-freund","8":"product_cat-freund","9":"product_cat-frauen","10":"product_cat-mutter","11":"product_cat-muttertag","12":"product_cat-freundin","13":"product_cat-maenner","14":"product_cat-beste-freundin","15":"product_cat-geburtstagsgeschenke","16":"product_cat-nach-preis","17":"product_cat-ueber-35-euro","18":"product_cat-unter-50-euro","19":"product_cat-geschenk-fuer-bruder","20":"product_cat-eltern","21":"product_cat-sohn","22":"product_cat--kollege","23":"product_cat--jungen","24":"product_cat-geschenke-fuer-jeden-anlass","25":"product_cat--chef","26":"product_cat--tochter","27":"product_cat--schwester","28":"product_cat-nerds","29":"product_cat-vater","30":"product_tag-fitness","32":"first","33":"instock","34":"shipping-taxable","35":"product-type-external"},"_links":{"self":[{"href":"https:\/\/www.blogseite.com\/geschenke\/wp-json\/wp\/v2\/product\/3511"}],"collection":[{"href":"https:\/\/www.blogseite.com\/geschenke\/wp-json\/wp\/v2\/product"}],"about":[{"href":"https:\/\/www.blogseite.com\/geschenke\/wp-json\/wp\/v2\/types\/product"}],"replies":[{"embeddable":true,"href":"https:\/\/www.blogseite.com\/geschenke\/wp-json\/wp\/v2\/comments?post=3511"}],"wp:featuredmedia":[{"embeddable":true,"href":"https:\/\/www.blogseite.com\/geschenke\/wp-json\/wp\/v2\/media\/3512"}],"wp:attachment":[{"href":"https:\/\/www.blogseite.com\/geschenke\/wp-json\/wp\/v2\/media?parent=3511"}],"wp:term":[{"taxonomy":"product_cat","embeddable":true,"href":"https:\/\/www.blogseite.com\/geschenke\/wp-json\/wp\/v2\/product_cat?post=3511"},{"taxonomy":"product_tag","embeddable":true,"href":"https:\/\/www.blogseite.com\/geschenke\/wp-json\/wp\/v2\/product_tag?post=3511"}],"curies":[{"name":"wp","href":"https:\/\/api.w.org\/{rel}","templated":true}]}}