{"id":3496,"date":"2021-03-22T19:36:49","date_gmt":"2021-03-22T18:36:49","guid":{"rendered":"https:\/\/geschenke.blogseite.com\/?post_type=product&#038;p=3496"},"modified":"2022-04-01T18:12:00","modified_gmt":"2022-04-01T16:12:00","slug":"augenbrauenstempel-augenbrauen-stempelkit-geschenk","status":"publish","type":"product","link":"https:\/\/www.blogseite.com\/geschenke\/s\/augenbrauenstempel-augenbrauen-stempelkit-geschenk\/","title":{"rendered":"Augenbrauenstempel, Augenbrauen-Stempelkit Geschenk"},"content":{"rendered":"<ul class=\"a-unordered-list a-vertical a-spacing-mini\">\n<li><span class=\"a-list-item\"> Neues Design, neues Brauenpuder. Keine F\u00e4higkeiten erforderlich, geeignet f\u00fcr faule Leute und Anf\u00e4nger. Stempeln Sie einfach Ihre Lieblingsaugenbrauen gleichm\u00e4\u00dfig (rechts und links), nur wenige Sekunden, um die perfekte Augenbrauenform zu zeichnen. <\/span><\/li>\n<li><span class=\"a-list-item\"> Verk\u00e4ufer empfehlen: Verwenden Sie eine Lotion, bevor Sie das Augenbrauenpuder verwenden. Der wasserfeste und schwei\u00dfhemmende Effekt wird besser. 3 verschiedene Augenbrauenformen: Arch Brow, Willow Brow &amp; Straight Eyebrow. Einfach die Augenbrauen zu zeichnen und in einer Sekunde die nat\u00fcrliche und perfekte Augenbrauenform zu schaffen. <\/span><\/li>\n<li><span class=\"a-list-item\"> Langlebig und wischfest. Perfektes Augenbrauenpuder, gleichm\u00e4\u00dfig geformt, wasserdicht, kein Durcheinander, kein Versagen. Langlebig &#8211; Es h\u00e4lt lange an, bis Sie sich entscheiden, es abzunehmen. Und einfach mit Make-up-Entferner zu entfernen. <\/span><\/li>\n<li><span class=\"a-list-item\"> Geeignet f\u00fcr verschiedene Anl\u00e4sse, perfekt f\u00fcr t\u00e4gliches Make-up, Party-Make-up, Freizeit-Make-up, Hochzeits-Make-up usw. Nat\u00fcrliche Farbe, die Ihr Make-up nat\u00fcrlicher und perfekter macht. Es ist einfach, die klassische Augenbraue zu zeichnen und die nat\u00fcrliche und perfekte Augenbrauenform zu erzeugen. <\/span><\/li>\n<li><span class=\"a-list-item\"> Verwendung: 1. Nehmen Sie den Brauenstempel heraus, dr\u00fccken Sie ihn auf die Augenbrauenpuderbox und reiben Sie ihn von links nach rechts, bis der Stempel mit dem Puder gef\u00fcllt ist. 2. Positionieren Sie den Stempel an Ihrem Stirnbein, um die Platzierung zu bestimmen. Legen Sie den Stempel dann vorsichtig auf die Haut und dr\u00fccken Sie. 3, bei Bedarf nachbessern. Wenn Sie immer noch nicht wissen, wie Sie das Produkt verwenden sollen, sehen Sie sich bitte das Video zur Verwendung des Produkts an <\/span><\/li>\n<\/ul>\n","protected":false},"excerpt":{"rendered":"<p>Neues Design, neues Brauenpuder. Keine F\u00e4higkeiten erforderlich, geeignet f\u00fcr faule Leute und Anf\u00e4nger. Stempeln Sie einfach Ihre Lieblingsaugenbrauen gleichm\u00e4\u00dfig (rechts und links), nur wenige Sekunden, um die perfekte Augenbrauenform zu zeichnen. Verk\u00e4ufer empfehlen: Verwenden Sie eine Lotion, bevor Sie das Augenbrauenpuder verwenden. Der wasserfeste und schwei\u00dfhemmende Effekt wird besser. 3 verschiedene Augenbrauenformen: Arch Brow, Willow [&hellip;]<\/p>\n","protected":false},"featured_media":3497,"comment_status":"open","ping_status":"closed","template":"","meta":[],"product_cat":[78,103,116,63,53,56,45,57,73,280,55,426,430,431,301,297,295,294,296,298],"product_tag":[789,788],"class_list":{"0":"post-3496","1":"product","2":"type-product","3":"status-publish","4":"has-post-thumbnail","6":"product_cat-weihnachtsgeschenke","7":"product_cat-studenten","8":"product_cat-frauen","9":"product_cat-mutter","10":"product_cat-muttertag","11":"product_cat-hochzeit","12":"product_cat-freundin","13":"product_cat-oma","14":"product_cat-beste-freundin","15":"product_cat-geburtstagsgeschenke","16":"product_cat-valentinstag","17":"product_cat-nach-preis","18":"product_cat-unter-20-euro","19":"product_cat-unter-50-euro","20":"product_cat-eltern","21":"product_cat--maedchen","22":"product_cat--tochter","23":"product_cat--schwester","24":"product_cat--schwiegermutter","25":"product_cat--ehefrau","26":"product_tag-inflencer","27":"product_tag-wimpern","29":"first","30":"instock","31":"shipping-taxable","32":"product-type-external"},"_links":{"self":[{"href":"https:\/\/www.blogseite.com\/geschenke\/wp-json\/wp\/v2\/product\/3496"}],"collection":[{"href":"https:\/\/www.blogseite.com\/geschenke\/wp-json\/wp\/v2\/product"}],"about":[{"href":"https:\/\/www.blogseite.com\/geschenke\/wp-json\/wp\/v2\/types\/product"}],"replies":[{"embeddable":true,"href":"https:\/\/www.blogseite.com\/geschenke\/wp-json\/wp\/v2\/comments?post=3496"}],"wp:featuredmedia":[{"embeddable":true,"href":"https:\/\/www.blogseite.com\/geschenke\/wp-json\/wp\/v2\/media\/3497"}],"wp:attachment":[{"href":"https:\/\/www.blogseite.com\/geschenke\/wp-json\/wp\/v2\/media?parent=3496"}],"wp:term":[{"taxonomy":"product_cat","embeddable":true,"href":"https:\/\/www.blogseite.com\/geschenke\/wp-json\/wp\/v2\/product_cat?post=3496"},{"taxonomy":"product_tag","embeddable":true,"href":"https:\/\/www.blogseite.com\/geschenke\/wp-json\/wp\/v2\/product_tag?post=3496"}],"curies":[{"name":"wp","href":"https:\/\/api.w.org\/{rel}","templated":true}]}}