{"id":3488,"date":"2021-03-21T10:50:43","date_gmt":"2021-03-21T09:50:43","guid":{"rendered":"https:\/\/geschenke.blogseite.com\/?post_type=product&#038;p=3488"},"modified":"2022-04-01T18:13:58","modified_gmt":"2022-04-01T16:13:58","slug":"tofu-duftkerzen-geschenksetaromatische-kerze","status":"publish","type":"product","link":"https:\/\/www.blogseite.com\/geschenke\/s\/tofu-duftkerzen-geschenksetaromatische-kerze\/","title":{"rendered":"TOFU Duftkerzen Geschenkset,Aromatische Kerze"},"content":{"rendered":"<ul class=\"a-unordered-list a-vertical a-spacing-mini\">\n<li><span class=\"a-list-item\"> Freesia, Lavendel, Rosmarin und franz\u00f6sische Vanille. Z\u00fcnden Sie eine Kerze an und f\u00fcllen Sie Ihr Zuhause mit beruhigenden D\u00fcften, die Ihre Sinne erwecken und eine erfrischende und saubere aromatische Umgebung f\u00fcr Ihr Zuhause schaffen. <\/span><\/li>\n<li><span class=\"a-list-item\">Sojakerzen bestehen aus nat\u00fcrlichem Sojawachs, reinem Baumwollfaden und \u00e4therischem \u00d6l. Kein Rauch beim Brennen. Kerzen brennen gleichm\u00e4\u00dfig und bis an die R\u00e4nder, wodurch weniger Wachs verschwendet wird. <\/span><\/li>\n<li><span class=\"a-list-item\"> Gr\u00f6\u00dfe: L\u00e4nge 2,95 &#8221; x H\u00f6he 2,95 &#8221;, 120 g (4,4 oz) pro Kerze. Verbrennungsstunde: 25 bis 30 Stunden, erm\u00f6glicht es Ihnen, den Duft fast den ganzen Tag oder etwas l\u00e4nger zu genie\u00dfen ca. 120 Stunden Brenndauer. Es kann ca. eine Woche verwendet werden, wenn weiter gebrannt wird. <\/span><\/li>\n<li><span class=\"a-list-item\"> Kerzenbeh\u00e4lter sind s\u00fc\u00df und attraktiv, eignen sich zum Dekorieren Ihres Hauses oder zum Aufbewahren einiger kleiner Dinge, sobald sie aufgebraucht sind. Sie sind attraktiv f\u00fcr Ihren Gast. <\/span><\/li>\n<li><span class=\"a-list-item\"> Sch\u00f6nes Kerzengeschenk kommt mit einer sch\u00f6nen Geschenkbox und einer Geschenkkarte. Schreiben Sie Ihren Wunsch auf und senden Sie ihn an Ihre Geschenke, Ihre Frau, Ihren Freund, Ihre Familie, Ihren Lehrer oder an jeden, den Sie an einem Festival wie Muttertag, Weihnachtstag, Geburtstag, Lehrertag, Hochzeitstag oder einfach nur Danke sagen. <\/span><\/li>\n<\/ul>\n","protected":false},"excerpt":{"rendered":"<p>Freesia, Lavendel, Rosmarin und franz\u00f6sische Vanille. Z\u00fcnden Sie eine Kerze an und f\u00fcllen Sie Ihr Zuhause mit beruhigenden D\u00fcften, die Ihre Sinne erwecken und eine erfrischende und saubere aromatische Umgebung f\u00fcr Ihr Zuhause schaffen. Sojakerzen bestehen aus nat\u00fcrlichem Sojawachs, reinem Baumwollfaden und \u00e4therischem \u00d6l. Kein Rauch beim Brennen. Kerzen brennen gleichm\u00e4\u00dfig und bis an die [&hellip;]<\/p>\n","protected":false},"featured_media":3489,"comment_status":"open","ping_status":"closed","template":"","meta":[],"product_cat":[78,103,116,63,53,56,45,57,73,280,55,426,431,301,297,295,294,296,298],"product_tag":[779,507],"class_list":{"0":"post-3488","1":"product","2":"type-product","3":"status-publish","4":"has-post-thumbnail","6":"product_cat-weihnachtsgeschenke","7":"product_cat-studenten","8":"product_cat-frauen","9":"product_cat-mutter","10":"product_cat-muttertag","11":"product_cat-hochzeit","12":"product_cat-freundin","13":"product_cat-oma","14":"product_cat-beste-freundin","15":"product_cat-geburtstagsgeschenke","16":"product_cat-valentinstag","17":"product_cat-nach-preis","18":"product_cat-unter-50-euro","19":"product_cat-eltern","20":"product_cat--maedchen","21":"product_cat--tochter","22":"product_cat--schwester","23":"product_cat--schwiegermutter","24":"product_cat--ehefrau","25":"product_tag-duftkerzen","26":"product_tag-geschenkset","28":"first","29":"instock","30":"shipping-taxable","31":"product-type-external"},"_links":{"self":[{"href":"https:\/\/www.blogseite.com\/geschenke\/wp-json\/wp\/v2\/product\/3488"}],"collection":[{"href":"https:\/\/www.blogseite.com\/geschenke\/wp-json\/wp\/v2\/product"}],"about":[{"href":"https:\/\/www.blogseite.com\/geschenke\/wp-json\/wp\/v2\/types\/product"}],"replies":[{"embeddable":true,"href":"https:\/\/www.blogseite.com\/geschenke\/wp-json\/wp\/v2\/comments?post=3488"}],"wp:featuredmedia":[{"embeddable":true,"href":"https:\/\/www.blogseite.com\/geschenke\/wp-json\/wp\/v2\/media\/3489"}],"wp:attachment":[{"href":"https:\/\/www.blogseite.com\/geschenke\/wp-json\/wp\/v2\/media?parent=3488"}],"wp:term":[{"taxonomy":"product_cat","embeddable":true,"href":"https:\/\/www.blogseite.com\/geschenke\/wp-json\/wp\/v2\/product_cat?post=3488"},{"taxonomy":"product_tag","embeddable":true,"href":"https:\/\/www.blogseite.com\/geschenke\/wp-json\/wp\/v2\/product_tag?post=3488"}],"curies":[{"name":"wp","href":"https:\/\/api.w.org\/{rel}","templated":true}]}}