{"id":3486,"date":"2021-03-21T10:45:28","date_gmt":"2021-03-21T09:45:28","guid":{"rendered":"https:\/\/geschenke.blogseite.com\/?post_type=product&#038;p=3486"},"modified":"2022-04-01T18:14:16","modified_gmt":"2022-04-01T16:14:16","slug":"allgaeuquelle-naturprodukte-bio-zirben-saeckchen","status":"publish","type":"product","link":"https:\/\/www.blogseite.com\/geschenke\/s\/allgaeuquelle-naturprodukte-bio-zirben-saeckchen\/","title":{"rendered":"Allg\u00e4uQuelle Naturprodukte Bio Zirben-S\u00e4ckchen"},"content":{"rendered":"<ul class=\"a-unordered-list a-vertical a-spacing-mini\">\n<li><span class=\"a-list-item\"> \u2705 DAS NAT\u00dcRLICHE BIO ZIRBEN-S\u00c4CKCHEN. <\/span><\/li>\n<li><span class=\"a-list-item\"> \u2705 100 % BIO-ZIRBENHOLZSP\u00c4NE in Premiumqualit\u00e4t. Naturrein. Zirbenholz gehobelt im Allg\u00e4uer Familienbetrieb. <\/span><\/li>\n<li><span class=\"a-list-item\"> \u2705 DER HOLZIG-WARME DUFT DER ALPENZIRBE im Zirben-Kissen f\u00fcr dein Schlaf- oder Kinderzimmer, B\u00fcro, Auto und die Infrarotkabine. Optimal auch auf dem Kopfkissen zum Schlafen. <\/span><\/li>\n<li><span class=\"a-list-item\"> \u2705 DUFTKISSEN MIT ZIRBENHOLZ. Das Zirbens\u00e4ckchen ist optimal kombinierbar mit dem Allg\u00e4uQuelle AirSpray und Infrarotkabinen-Spray. Alle Inhaltsstoffe sind hochwertig, nat\u00fcrlich und ohne k\u00fcnstliche Zusatzstoffe. <\/span><\/li>\n<li><span class=\"a-list-item\"> \u2705 60 TAGE \u201eGELD ZUR\u00dcCK GARANTIE\u201c direkt vom Hersteller! <\/span><\/li>\n<\/ul>\n","protected":false},"excerpt":{"rendered":"<p>\u2705 DAS NAT\u00dcRLICHE BIO ZIRBEN-S\u00c4CKCHEN. \u2705 100 % BIO-ZIRBENHOLZSP\u00c4NE in Premiumqualit\u00e4t. Naturrein. Zirbenholz gehobelt im Allg\u00e4uer Familienbetrieb. \u2705 DER HOLZIG-WARME DUFT DER ALPENZIRBE im Zirben-Kissen f\u00fcr dein Schlaf- oder Kinderzimmer, B\u00fcro, Auto und die Infrarotkabine. Optimal auch auf dem Kopfkissen zum Schlafen. \u2705 DUFTKISSEN MIT ZIRBENHOLZ. Das Zirbens\u00e4ckchen ist optimal kombinierbar mit dem Allg\u00e4uQuelle AirSpray [&hellip;]<\/p>\n","protected":false},"featured_media":3487,"comment_status":"open","ping_status":"closed","template":"","meta":[],"product_cat":[78,103,116,63,53,56,45,57,73,280,55,426,431,301,297,295,294,296,298],"product_tag":[785,786],"class_list":{"0":"post-3486","1":"product","2":"type-product","3":"status-publish","4":"has-post-thumbnail","6":"product_cat-weihnachtsgeschenke","7":"product_cat-studenten","8":"product_cat-frauen","9":"product_cat-mutter","10":"product_cat-muttertag","11":"product_cat-hochzeit","12":"product_cat-freundin","13":"product_cat-oma","14":"product_cat-beste-freundin","15":"product_cat-geburtstagsgeschenke","16":"product_cat-valentinstag","17":"product_cat-nach-preis","18":"product_cat-unter-50-euro","19":"product_cat-eltern","20":"product_cat--maedchen","21":"product_cat--tochter","22":"product_cat--schwester","23":"product_cat--schwiegermutter","24":"product_cat--ehefrau","25":"product_tag-naturprodukt","26":"product_tag-schlafen","28":"first","29":"instock","30":"shipping-taxable","31":"product-type-external"},"_links":{"self":[{"href":"https:\/\/www.blogseite.com\/geschenke\/wp-json\/wp\/v2\/product\/3486"}],"collection":[{"href":"https:\/\/www.blogseite.com\/geschenke\/wp-json\/wp\/v2\/product"}],"about":[{"href":"https:\/\/www.blogseite.com\/geschenke\/wp-json\/wp\/v2\/types\/product"}],"replies":[{"embeddable":true,"href":"https:\/\/www.blogseite.com\/geschenke\/wp-json\/wp\/v2\/comments?post=3486"}],"wp:featuredmedia":[{"embeddable":true,"href":"https:\/\/www.blogseite.com\/geschenke\/wp-json\/wp\/v2\/media\/3487"}],"wp:attachment":[{"href":"https:\/\/www.blogseite.com\/geschenke\/wp-json\/wp\/v2\/media?parent=3486"}],"wp:term":[{"taxonomy":"product_cat","embeddable":true,"href":"https:\/\/www.blogseite.com\/geschenke\/wp-json\/wp\/v2\/product_cat?post=3486"},{"taxonomy":"product_tag","embeddable":true,"href":"https:\/\/www.blogseite.com\/geschenke\/wp-json\/wp\/v2\/product_tag?post=3486"}],"curies":[{"name":"wp","href":"https:\/\/api.w.org\/{rel}","templated":true}]}}