{"id":3484,"date":"2021-03-21T10:39:07","date_gmt":"2021-03-21T09:39:07","guid":{"rendered":"https:\/\/geschenke.blogseite.com\/?post_type=product&#038;p=3484"},"modified":"2022-04-01T18:14:33","modified_gmt":"2022-04-01T16:14:33","slug":"bio-geschenk-set-nachtruhe-mit-100-bio-oele","status":"publish","type":"product","link":"https:\/\/www.blogseite.com\/geschenke\/s\/bio-geschenk-set-nachtruhe-mit-100-bio-oele\/","title":{"rendered":"Bio Geschenk-Set Nachtruhe mit 100% Bio-\u00d6le"},"content":{"rendered":"<ul class=\"a-unordered-list a-vertical a-spacing-mini\">\n<li><span class=\"a-list-item\">\u00a01 x beruhigendes Bade\u00f6l, 1 x beruhigendes AirSpray, 1 x BIO Zirben-S\u00e4ckchen <\/span><\/li>\n<li><span class=\"a-list-item\"> Mit dem Duft der \u201eAllg\u00e4uer Nachtruhe\u201c aus 100 % echten naturreinen \u00e4therischen \u00d6len von Lavendel, Zeder und Mandarine. UV-gesch\u00fctzt im BIO-Energie-Glas (Miron). BIO-Garantie durch Prof. Wabner. 60 Tage \u201eGeld zur\u00fcck Garantie\u201c vom Hersteller. <\/span><\/li>\n<li><span class=\"a-list-item\"> Nat\u00fcrliche pflanzliche Basis-\u00d6le in kbA-Qualit\u00e4t: Avocado-, Sesam- und Jojoba\u00f6l \u2013 f\u00fcr ein seidiges Hautgef\u00fchl ohne Eincremen. <\/span><\/li>\n<li><span class=\"a-list-item\"> Mit dem Wasser der ehem. Heilquelle Bad Nieratz. Als Kissenspray, Raumduft oder aufs Zirben-S\u00e4ckchen \u00acgespr\u00fcht. Auch f\u00fcrs Kinderzimmer geeignet. <\/span><\/li>\n<li><span class=\"a-list-item\"> 100 % BIO Zirbenholzsp\u00e4ne in Premiumqualit\u00e4t. Naturrein. Zirbenholz gehobelt im Allg\u00e4uer Familienbetrieb. <\/span><\/li>\n<\/ul>\n","protected":false},"excerpt":{"rendered":"<p>\u00a01 x beruhigendes Bade\u00f6l, 1 x beruhigendes AirSpray, 1 x BIO Zirben-S\u00e4ckchen Mit dem Duft der \u201eAllg\u00e4uer Nachtruhe\u201c aus 100 % echten naturreinen \u00e4therischen \u00d6len von Lavendel, Zeder und Mandarine. UV-gesch\u00fctzt im BIO-Energie-Glas (Miron). BIO-Garantie durch Prof. Wabner. 60 Tage \u201eGeld zur\u00fcck Garantie\u201c vom Hersteller. Nat\u00fcrliche pflanzliche Basis-\u00d6le in kbA-Qualit\u00e4t: Avocado-, Sesam- und Jojoba\u00f6l \u2013 [&hellip;]<\/p>\n","protected":false},"featured_media":3485,"comment_status":"open","ping_status":"closed","template":"","meta":[],"product_cat":[78,103,116,63,53,56,45,57,73,280,55,426,431,301,297,295,294,296,298],"product_tag":[507,784],"class_list":{"0":"post-3484","1":"product","2":"type-product","3":"status-publish","4":"has-post-thumbnail","6":"product_cat-weihnachtsgeschenke","7":"product_cat-studenten","8":"product_cat-frauen","9":"product_cat-mutter","10":"product_cat-muttertag","11":"product_cat-hochzeit","12":"product_cat-freundin","13":"product_cat-oma","14":"product_cat-beste-freundin","15":"product_cat-geburtstagsgeschenke","16":"product_cat-valentinstag","17":"product_cat-nach-preis","18":"product_cat-unter-50-euro","19":"product_cat-eltern","20":"product_cat--maedchen","21":"product_cat--tochter","22":"product_cat--schwester","23":"product_cat--schwiegermutter","24":"product_cat--ehefrau","25":"product_tag-geschenkset","26":"product_tag-oel","28":"first","29":"instock","30":"shipping-taxable","31":"product-type-external"},"_links":{"self":[{"href":"https:\/\/www.blogseite.com\/geschenke\/wp-json\/wp\/v2\/product\/3484"}],"collection":[{"href":"https:\/\/www.blogseite.com\/geschenke\/wp-json\/wp\/v2\/product"}],"about":[{"href":"https:\/\/www.blogseite.com\/geschenke\/wp-json\/wp\/v2\/types\/product"}],"replies":[{"embeddable":true,"href":"https:\/\/www.blogseite.com\/geschenke\/wp-json\/wp\/v2\/comments?post=3484"}],"wp:featuredmedia":[{"embeddable":true,"href":"https:\/\/www.blogseite.com\/geschenke\/wp-json\/wp\/v2\/media\/3485"}],"wp:attachment":[{"href":"https:\/\/www.blogseite.com\/geschenke\/wp-json\/wp\/v2\/media?parent=3484"}],"wp:term":[{"taxonomy":"product_cat","embeddable":true,"href":"https:\/\/www.blogseite.com\/geschenke\/wp-json\/wp\/v2\/product_cat?post=3484"},{"taxonomy":"product_tag","embeddable":true,"href":"https:\/\/www.blogseite.com\/geschenke\/wp-json\/wp\/v2\/product_tag?post=3484"}],"curies":[{"name":"wp","href":"https:\/\/api.w.org\/{rel}","templated":true}]}}