{"id":348,"date":"2020-11-20T13:03:47","date_gmt":"2020-11-20T12:03:47","guid":{"rendered":"https:\/\/geschenke.blogseite.com\/?post_type=product&#038;p=348"},"modified":"2022-04-06T10:51:30","modified_gmt":"2022-04-06T08:51:30","slug":"boxlegend-verstelltbar-pollover-hosen-hemden-waesche-kinder-und-erwachsen-faltbrett-falthilfe-fuer-waesche-kleidung-t-shirt-falten-zusammenlegen-waeschefalter-waeschefaltbrett-hemdenfalter-schwarz","status":"publish","type":"product","link":"https:\/\/www.blogseite.com\/geschenke\/s\/boxlegend-verstelltbar-pollover-hosen-hemden-waesche-kinder-und-erwachsen-faltbrett-falthilfe-fuer-waesche-kleidung-t-shirt-falten-zusammenlegen-waeschefalter-waeschefaltbrett-hemdenfalter-schwarz\/","title":{"rendered":"BoxLegend Verstelltbar Pollover Hosen Hemden W\u00e4sche Kinder- und Erwachsen-Faltbrett Falthilfe f\u00fcr W\u00e4sche Kleidung T Shirt Falten Zusammenlegen W\u00e4schefalter W\u00e4schefaltbrett Hemdenfalter Schwarz"},"content":{"rendered":"<ul class=\"a-unordered-list a-vertical a-spacing-mini\">\n<li><span class=\"a-list-item\">Stabiler beim Zusammenlegen &#8212; dickere und st\u00e4rkere Filmscharniere aus umweltfreulichem Kunststoff<\/span><\/li>\n<li><span class=\"a-list-item\">Professionelles neues Design &#8212; durch die verstellbare Scharniere kann man T shirts, Hemden, Sweatshirts, Hosen oder Pullover, Mantel damit falten<\/span><\/li>\n<li><span class=\"a-list-item\">Platzsparend &#8212; Alle W\u00e4sche werden auf die gleiche Gr\u00f6\u00dfe gefaltet. Dadurch haben Sie mehr Platz in den Schubladen.<\/span><\/li>\n<li><span class=\"a-list-item\">Zeitsparend &#8212; einfacher und sekundenschnell die W\u00e4sche zusammenzulegen<\/span><\/li>\n<li><span class=\"a-list-item\">Ma\u00dfe: 69 x 58 cm; ma\u00dfe gefaltet: 22 x 28 cm Verpackungsabmessungen 24 x 29 x 3 cm<\/span><\/li>\n<\/ul>\n","protected":false},"excerpt":{"rendered":"<p>Stabiler beim Zusammenlegen &#8212; dickere und st\u00e4rkere Filmscharniere aus umweltfreulichem Kunststoff Professionelles neues Design &#8212; durch die verstellbare Scharniere kann man T shirts, Hemden, Sweatshirts, Hosen oder Pullover, Mantel damit falten Platzsparend &#8212; Alle W\u00e4sche werden auf die gleiche Gr\u00f6\u00dfe gefaltet. Dadurch haben Sie mehr Platz in den Schubladen. Zeitsparend &#8212; einfacher und sekundenschnell die [&hellip;]<\/p>\n","protected":false},"featured_media":349,"comment_status":"open","ping_status":"closed","template":"","meta":[],"product_cat":[78,103,74,110,426,430,431,70],"product_tag":[454,209,210,106],"class_list":{"0":"post-348","1":"product","2":"type-product","3":"status-publish","4":"has-post-thumbnail","6":"product_cat-weihnachtsgeschenke","7":"product_cat-studenten","8":"product_cat-bester-freund","9":"product_cat-freund","10":"product_cat-nach-preis","11":"product_cat-unter-20-euro","12":"product_cat-unter-50-euro","13":"product_cat-geschenke-fuer-jeden-anlass","14":"product_tag-gadget","15":"product_tag-geschenk-fuer-jungesellen","16":"product_tag-geschenk-fuer-singles","17":"product_tag-geschenk-fuer-studenten","19":"first","20":"instock","21":"shipping-taxable","22":"product-type-external"},"_links":{"self":[{"href":"https:\/\/www.blogseite.com\/geschenke\/wp-json\/wp\/v2\/product\/348"}],"collection":[{"href":"https:\/\/www.blogseite.com\/geschenke\/wp-json\/wp\/v2\/product"}],"about":[{"href":"https:\/\/www.blogseite.com\/geschenke\/wp-json\/wp\/v2\/types\/product"}],"replies":[{"embeddable":true,"href":"https:\/\/www.blogseite.com\/geschenke\/wp-json\/wp\/v2\/comments?post=348"}],"wp:featuredmedia":[{"embeddable":true,"href":"https:\/\/www.blogseite.com\/geschenke\/wp-json\/wp\/v2\/media\/349"}],"wp:attachment":[{"href":"https:\/\/www.blogseite.com\/geschenke\/wp-json\/wp\/v2\/media?parent=348"}],"wp:term":[{"taxonomy":"product_cat","embeddable":true,"href":"https:\/\/www.blogseite.com\/geschenke\/wp-json\/wp\/v2\/product_cat?post=348"},{"taxonomy":"product_tag","embeddable":true,"href":"https:\/\/www.blogseite.com\/geschenke\/wp-json\/wp\/v2\/product_tag?post=348"}],"curies":[{"name":"wp","href":"https:\/\/api.w.org\/{rel}","templated":true}]}}