{"id":344,"date":"2020-11-20T12:57:41","date_gmt":"2020-11-20T11:57:41","guid":{"rendered":"https:\/\/geschenke.blogseite.com\/?post_type=product&#038;p=344"},"modified":"2022-04-06T10:51:57","modified_gmt":"2022-04-06T08:51:57","slug":"samsung-galaxy-m31-android-smartphone-ohne-vertrag-4-kameras-grosser-6-000-mah-akku-64-zoll-super-amoled-fhd-display-64gb-6gb-ram-handy-in-rot-deutsche-version","status":"publish","type":"product","link":"https:\/\/www.blogseite.com\/geschenke\/s\/samsung-galaxy-m31-android-smartphone-ohne-vertrag-4-kameras-grosser-6-000-mah-akku-64-zoll-super-amoled-fhd-display-64gb-6gb-ram-handy-in-rot-deutsche-version\/","title":{"rendered":"Samsung Galaxy M31 Android Smartphone ohne Vertrag, 4 Kameras, gro\u00dfer 6.000 mAh Akku, 6,4 Zoll Super AMOLED FHD+ Display, 64GB\/6GB RAM, Handy in rot, deutsche Version"},"content":{"rendered":"<ul class=\"a-unordered-list a-vertical a-spacing-mini\">\n<li><span class=\"a-list-item\">Ein Display zum Verlieben: Genie\u00dfen Sie auf dem 6, 4-Zoll Infinity-U Display mit Super AMOLED FHD+-Technologie all Ihre Lieblingsvideos und Fotos in gestochen scharfer Aufl\u00f6sung.<\/span><\/li>\n<li><span class=\"a-list-item\">Jede Menge Power: Mit dem 6.000 mAh-Akku k\u00f6nnen Sie auch unterwegs den n\u00e4chsten Serienmarathon beginnen \u2013 und vielleicht noch beenden.<\/span><\/li>\n<li><span class=\"a-list-item\">Die Kamera f\u00fcr sch\u00f6ne Momente: Die vielseitige Quad-Kamera hat f\u00fcr fast jede Situation das passende Objektiv und zeigt Sie von Ihrer besten Seite mit der 32 MP-Selfie-Kamera.<\/span><\/li>\n<li><span class=\"a-list-item\">Ein echter Leistungstr\u00e4ger: Mit dem internen Speicher von 64 GB und 6 GB RAM haben Sie fast die Power eines Laptops in der Hand.<\/span><\/li>\n<li><span class=\"a-list-item\">Private Daten sicher gesch\u00fctzt: Der auf der R\u00fcckseite integrierte Fingerabdruckscanner oder die Gesichtserkennung erm\u00f6glichen Ihnen einen personalisierten Zugriff auf Ihr Smartphone.<\/span><\/li>\n<\/ul>\n","protected":false},"excerpt":{"rendered":"<p>Ein Display zum Verlieben: Genie\u00dfen Sie auf dem 6, 4-Zoll Infinity-U Display mit Super AMOLED FHD+-Technologie all Ihre Lieblingsvideos und Fotos in gestochen scharfer Aufl\u00f6sung. Jede Menge Power: Mit dem 6.000 mAh-Akku k\u00f6nnen Sie auch unterwegs den n\u00e4chsten Serienmarathon beginnen \u2013 und vielleicht noch beenden. Die Kamera f\u00fcr sch\u00f6ne Momente: Die vielseitige Quad-Kamera hat f\u00fcr [&hellip;]<\/p>\n","protected":false},"featured_media":345,"comment_status":"open","ping_status":"closed","template":"","meta":[],"product_cat":[78,103,74,110,54,116,63,45,73,426,434,432,433,70,64],"product_tag":[687],"class_list":{"0":"post-344","1":"product","2":"type-product","3":"status-publish","4":"has-post-thumbnail","6":"product_cat-weihnachtsgeschenke","7":"product_cat-studenten","8":"product_cat-bester-freund","9":"product_cat-freund","10":"product_cat-vatertag","11":"product_cat-frauen","12":"product_cat-mutter","13":"product_cat-freundin","14":"product_cat-beste-freundin","15":"product_cat-nach-preis","16":"product_cat-ueber-100-euro","17":"product_cat-ueber-35-euro","18":"product_cat-ueber-40-euro","19":"product_cat-geschenke-fuer-jeden-anlass","20":"product_cat-vater","21":"product_tag-handy","23":"first","24":"instock","25":"shipping-taxable","26":"product-type-external"},"_links":{"self":[{"href":"https:\/\/www.blogseite.com\/geschenke\/wp-json\/wp\/v2\/product\/344"}],"collection":[{"href":"https:\/\/www.blogseite.com\/geschenke\/wp-json\/wp\/v2\/product"}],"about":[{"href":"https:\/\/www.blogseite.com\/geschenke\/wp-json\/wp\/v2\/types\/product"}],"replies":[{"embeddable":true,"href":"https:\/\/www.blogseite.com\/geschenke\/wp-json\/wp\/v2\/comments?post=344"}],"wp:featuredmedia":[{"embeddable":true,"href":"https:\/\/www.blogseite.com\/geschenke\/wp-json\/wp\/v2\/media\/345"}],"wp:attachment":[{"href":"https:\/\/www.blogseite.com\/geschenke\/wp-json\/wp\/v2\/media?parent=344"}],"wp:term":[{"taxonomy":"product_cat","embeddable":true,"href":"https:\/\/www.blogseite.com\/geschenke\/wp-json\/wp\/v2\/product_cat?post=344"},{"taxonomy":"product_tag","embeddable":true,"href":"https:\/\/www.blogseite.com\/geschenke\/wp-json\/wp\/v2\/product_tag?post=344"}],"curies":[{"name":"wp","href":"https:\/\/api.w.org\/{rel}","templated":true}]}}