{"id":3438,"date":"2021-03-16T16:39:18","date_gmt":"2021-03-16T15:39:18","guid":{"rendered":"https:\/\/geschenke.blogseite.com\/?post_type=product&#038;p=3438"},"modified":"2022-04-03T12:05:02","modified_gmt":"2022-04-03T10:05:02","slug":"raeucherstaebchen-set-7-chakren-indische-staebchen-%f0%9f%94%a5","status":"publish","type":"product","link":"https:\/\/www.blogseite.com\/geschenke\/s\/raeucherstaebchen-set-7-chakren-indische-staebchen-%f0%9f%94%a5\/","title":{"rendered":"R\u00e4ucherst\u00e4bchen Set 7 Chakren, indische St\u00e4bchen \ud83d\udd25"},"content":{"rendered":"<ul class=\"a-unordered-list a-vertical a-spacing-mini\">\n<li><span class=\"a-list-item\"> Au\u00dfergew\u00f6hnliches Set indischer Masala R\u00e4ucherst\u00e4bchen mit 8 verschiedenen Sorten, u.a. 7 Chakren, Yoga u.v.m. <\/span><\/li>\n<li><span class=\"a-list-item\"> Bei der Herstellung der R\u00e4uchermassen werden ausschlie\u00dflich auserw\u00e4hlte aromatische Kr\u00e4uter, Harze und \u00e4therische \u00d6le verwendet <\/span><\/li>\n<li><span class=\"a-list-item\"> 8 wundervolle Sorten (Guru, Wisdom, Mantra, Mandala, Yoga, 7 Chakras, Nirvana, Srishti) aus nachhaltiger Produktion von Frauen in l\u00e4ndlichen Gebieten <\/span><\/li>\n<li><span class=\"a-list-item\"> Unsere Masala R\u00e4ucherst\u00e4bchen eignen sich hervorragend f\u00fcr Meditation und Yoga <\/span><\/li>\n<li><span class=\"a-list-item\"> Je Sorte enth\u00e4lt eine Packung 15 R\u00e4ucherst\u00e4bchen mit einer jeweiligen Brenndauer von ca. 45min <\/span><\/li>\n<\/ul>\n","protected":false},"excerpt":{"rendered":"<p>Au\u00dfergew\u00f6hnliches Set indischer Masala R\u00e4ucherst\u00e4bchen mit 8 verschiedenen Sorten, u.a. 7 Chakren, Yoga u.v.m. Bei der Herstellung der R\u00e4uchermassen werden ausschlie\u00dflich auserw\u00e4hlte aromatische Kr\u00e4uter, Harze und \u00e4therische \u00d6le verwendet 8 wundervolle Sorten (Guru, Wisdom, Mantra, Mandala, Yoga, 7 Chakras, Nirvana, Srishti) aus nachhaltiger Produktion von Frauen in l\u00e4ndlichen Gebieten Unsere Masala R\u00e4ucherst\u00e4bchen eignen sich hervorragend [&hellip;]<\/p>\n","protected":false},"featured_media":3439,"comment_status":"open","ping_status":"closed","template":"","meta":[],"product_cat":[78,103,74,110,58,54,116,63,45,108,57,73,280,426,428,429,430,431,293,301,292,300,302,70,294,296,298,64],"product_tag":[778,777,766],"class_list":{"0":"post-3438","1":"product","2":"type-product","3":"status-publish","4":"has-post-thumbnail","6":"product_cat-weihnachtsgeschenke","7":"product_cat-studenten","8":"product_cat-bester-freund","9":"product_cat-freund","10":"product_cat-opa","11":"product_cat-vatertag","12":"product_cat-frauen","13":"product_cat-mutter","14":"product_cat-freundin","15":"product_cat-maenner","16":"product_cat-oma","17":"product_cat-beste-freundin","18":"product_cat-geburtstagsgeschenke","19":"product_cat-nach-preis","20":"product_cat-unter-10-euro","21":"product_cat-unter-15-euro","22":"product_cat-unter-20-euro","23":"product_cat-unter-50-euro","24":"product_cat-geschenk-fuer-bruder","25":"product_cat-eltern","26":"product_cat-sohn","27":"product_cat--kollege","28":"product_cat--jungen","29":"product_cat-geschenke-fuer-jeden-anlass","30":"product_cat--schwester","31":"product_cat--schwiegermutter","32":"product_cat--ehefrau","33":"product_cat-vater","34":"product_tag-raeuchern","35":"product_tag-religion","36":"product_tag-weihrauch","38":"first","39":"instock","40":"shipping-taxable","41":"product-type-external"},"_links":{"self":[{"href":"https:\/\/www.blogseite.com\/geschenke\/wp-json\/wp\/v2\/product\/3438"}],"collection":[{"href":"https:\/\/www.blogseite.com\/geschenke\/wp-json\/wp\/v2\/product"}],"about":[{"href":"https:\/\/www.blogseite.com\/geschenke\/wp-json\/wp\/v2\/types\/product"}],"replies":[{"embeddable":true,"href":"https:\/\/www.blogseite.com\/geschenke\/wp-json\/wp\/v2\/comments?post=3438"}],"wp:featuredmedia":[{"embeddable":true,"href":"https:\/\/www.blogseite.com\/geschenke\/wp-json\/wp\/v2\/media\/3439"}],"wp:attachment":[{"href":"https:\/\/www.blogseite.com\/geschenke\/wp-json\/wp\/v2\/media?parent=3438"}],"wp:term":[{"taxonomy":"product_cat","embeddable":true,"href":"https:\/\/www.blogseite.com\/geschenke\/wp-json\/wp\/v2\/product_cat?post=3438"},{"taxonomy":"product_tag","embeddable":true,"href":"https:\/\/www.blogseite.com\/geschenke\/wp-json\/wp\/v2\/product_tag?post=3438"}],"curies":[{"name":"wp","href":"https:\/\/api.w.org\/{rel}","templated":true}]}}