{"id":324,"date":"2020-11-20T11:03:05","date_gmt":"2020-11-20T10:03:05","guid":{"rendered":"https:\/\/geschenke.blogseite.com\/?post_type=product&#038;p=324"},"modified":"2022-04-06T12:17:56","modified_gmt":"2022-04-06T10:17:56","slug":"eastpak-buddy-umhaengetasche-18-cm-schwarz-black","status":"publish","type":"product","link":"https:\/\/www.blogseite.com\/geschenke\/s\/eastpak-buddy-umhaengetasche-18-cm-schwarz-black\/","title":{"rendered":"Eastpak Buddy Umh\u00e4ngetasche, 18 cm, Schwarz (Black)"},"content":{"rendered":"<ul class=\"a-unordered-list a-vertical a-spacing-mini\">\n<li><span class=\"a-list-item\">Hauptfach mit Rei\u00dfverschluss und einem Schnallenverschluss unter der Klappe<\/span><\/li>\n<li><span class=\"a-list-item\">H\u00f6he: 18 cm, Breite: 13 cm, Tiefe: 2 cm<\/span><\/li>\n<li><span class=\"a-list-item\">Aus 100 Prozent Nylon f\u00fcr ein robustes Finish<\/span><\/li>\n<li><span class=\"a-list-item\">Mit dem verstellbaren Schultergurt k\u00f6nnen Sie ihn so tragen, wie Sie wollen<\/span><\/li>\n<\/ul>\n","protected":false},"excerpt":{"rendered":"<p>Hauptfach mit Rei\u00dfverschluss und einem Schnallenverschluss unter der Klappe H\u00f6he: 18 cm, Breite: 13 cm, Tiefe: 2 cm Aus 100 Prozent Nylon f\u00fcr ein robustes Finish Mit dem verstellbaren Schultergurt k\u00f6nnen Sie ihn so tragen, wie Sie wollen<\/p>\n","protected":false},"featured_media":325,"comment_status":"open","ping_status":"closed","template":"","meta":[],"product_cat":[74,110,73,426,430,431],"product_tag":[119,118,180,79,92,181,688],"class_list":{"0":"post-324","1":"product","2":"type-product","3":"status-publish","4":"has-post-thumbnail","6":"product_cat-bester-freund","7":"product_cat-freund","8":"product_cat-beste-freundin","9":"product_cat-nach-preis","10":"product_cat-unter-20-euro","11":"product_cat-unter-50-euro","12":"product_tag-geschenk-fuer-bratan","13":"product_tag-geschenk-fuer-bratina","14":"product_tag-geschenk-fuer-bruder","15":"product_tag-geschenk-fuer-freund","16":"product_tag-geschenk-fuer-freundin","17":"product_tag-geschenk-fuer-schwester","18":"product_tag-umhngetasche","20":"first","21":"instock","22":"shipping-taxable","23":"product-type-external"},"_links":{"self":[{"href":"https:\/\/www.blogseite.com\/geschenke\/wp-json\/wp\/v2\/product\/324"}],"collection":[{"href":"https:\/\/www.blogseite.com\/geschenke\/wp-json\/wp\/v2\/product"}],"about":[{"href":"https:\/\/www.blogseite.com\/geschenke\/wp-json\/wp\/v2\/types\/product"}],"replies":[{"embeddable":true,"href":"https:\/\/www.blogseite.com\/geschenke\/wp-json\/wp\/v2\/comments?post=324"}],"wp:featuredmedia":[{"embeddable":true,"href":"https:\/\/www.blogseite.com\/geschenke\/wp-json\/wp\/v2\/media\/325"}],"wp:attachment":[{"href":"https:\/\/www.blogseite.com\/geschenke\/wp-json\/wp\/v2\/media?parent=324"}],"wp:term":[{"taxonomy":"product_cat","embeddable":true,"href":"https:\/\/www.blogseite.com\/geschenke\/wp-json\/wp\/v2\/product_cat?post=324"},{"taxonomy":"product_tag","embeddable":true,"href":"https:\/\/www.blogseite.com\/geschenke\/wp-json\/wp\/v2\/product_tag?post=324"}],"curies":[{"name":"wp","href":"https:\/\/api.w.org\/{rel}","templated":true}]}}