{"id":321,"date":"2020-11-20T10:40:47","date_gmt":"2020-11-20T09:40:47","guid":{"rendered":"https:\/\/geschenke.blogseite.com\/?post_type=product&#038;p=321"},"modified":"2022-04-06T12:18:14","modified_gmt":"2022-04-06T10:18:14","slug":"alex-perry-geschenk-fuer-sie-schoene-life-series-anhaenger-halskette-925-sterling-silber-kristalle-von-swarovski-geburtstagsgeschenke-fuer-mama-schwester-maedchen","status":"publish","type":"product","link":"https:\/\/www.blogseite.com\/geschenke\/s\/alex-perry-geschenk-fuer-sie-schoene-life-series-anhaenger-halskette-925-sterling-silber-kristalle-von-swarovski-geburtstagsgeschenke-fuer-mama-schwester-maedchen\/","title":{"rendered":"Alex Perry Geschenk f\u00fcr Sie, Sch\u00f6ne Life Series Anh\u00e4nger Halskette, 925 Sterling Silber, Kristalle von Swarovski, Geburtstagsgeschenke f\u00fcr Mama Schwester M\u00e4dchen"},"content":{"rendered":"<ul class=\"a-unordered-list a-vertical a-spacing-mini\">\n<li><span class=\"a-list-item\">\u2665 Sch\u00f6nes Leben &#8211; Das Leben ist ein Fest, ein gro\u00dfes Fest, und es ist nur der Moment, den wir jetzt erleben.<\/span><\/li>\n<li><span class=\"a-list-item\">\u2665 Gr\u00f6\u00dfe: 0,8 cm * 0,8 cm \/ 0,31 in * 0,31 in. Gewicht: 2,61 g \/ 0,09 oz. Kettenl\u00e4nge: 45 cm + 5 cm \/ 17,7 in + 2 in.<\/span><\/li>\n<li><span class=\"a-list-item\">\u2665 Die funkelnde Halskette besteht aus Aurore Boreale-Kristallen von Swarovski, die das Licht aller Farben des Regenbogens reflektieren. Mit der Silberkette direkt durch den Kristall entsteht ein sch\u00f6ner und schlichter Look, der perfekt f\u00fcr eine elegante Frau ist. Hinweis: Dieser Kristall ist ein Spezialkristall von Swarovski mit einer speziellen Beschichtung und einer besonderen Reaktion auf Schwei\u00df. Bitte vermeiden Sie h\u00e4ufigen Kontakt mit Schwei\u00df.<\/span><\/li>\n<li><span class=\"a-list-item\">\u2665 Mit einer exquisiten Geschenkverpackung. Geeignet als Geschenke zum Valentinstag, Geschenke zum Muttertag, Weihnachtsgeschenke, Geburtstagsgeschenke, Hochzeitsgeschenke, Partygeschenke, Abschlussgeschenke, Geschenke f\u00fcr den Schulanfang. Soziale Distanz wird uns niemals trennen, sondern nur unsere Liebe st\u00e4rken.<\/span><\/li>\n<li><span class=\"a-list-item\">\u2665 Jeder Schmuck von Alex Perry hat seinen eigenen Charakter. Wir bieten 12 Monate Nach dem Verkauf. Wenn es irgendwelche Probleme mit dem Kauf gibt, z\u00f6gern Sie bitte nicht, sich mit uns in Verbindung zu setzen. Ihre Nachricht wird innerhalb von 24 Stunden beantwortet. Versand von Amazon erf\u00fcllt, genie\u00dfen Sie die schnelle und sichere Lieferung.<\/span><\/li>\n<\/ul>\n","protected":false},"excerpt":{"rendered":"<p>\u2665 Sch\u00f6nes Leben &#8211; Das Leben ist ein Fest, ein gro\u00dfes Fest, und es ist nur der Moment, den wir jetzt erleben. \u2665 Gr\u00f6\u00dfe: 0,8 cm * 0,8 cm \/ 0,31 in * 0,31 in. Gewicht: 2,61 g \/ 0,09 oz. Kettenl\u00e4nge: 45 cm + 5 cm \/ 17,7 in + 2 in. \u2665 Die [&hellip;]<\/p>\n","protected":false},"featured_media":322,"comment_status":"open","ping_status":"closed","template":"","meta":[],"product_cat":[63,53,45,73,426,429,430,431],"product_tag":[113,92,200,199],"class_list":{"0":"post-321","1":"product","2":"type-product","3":"status-publish","4":"has-post-thumbnail","6":"product_cat-mutter","7":"product_cat-muttertag","8":"product_cat-freundin","9":"product_cat-beste-freundin","10":"product_cat-nach-preis","11":"product_cat-unter-15-euro","12":"product_cat-unter-20-euro","13":"product_cat-unter-50-euro","14":"product_tag-geschenk-fuer-frauen","15":"product_tag-geschenk-fuer-freundin","16":"product_tag-geschenk-mutter","17":"product_tag-geschenk-zum-muttertag","19":"first","20":"instock","21":"shipping-taxable","22":"product-type-external"},"_links":{"self":[{"href":"https:\/\/www.blogseite.com\/geschenke\/wp-json\/wp\/v2\/product\/321"}],"collection":[{"href":"https:\/\/www.blogseite.com\/geschenke\/wp-json\/wp\/v2\/product"}],"about":[{"href":"https:\/\/www.blogseite.com\/geschenke\/wp-json\/wp\/v2\/types\/product"}],"replies":[{"embeddable":true,"href":"https:\/\/www.blogseite.com\/geschenke\/wp-json\/wp\/v2\/comments?post=321"}],"wp:featuredmedia":[{"embeddable":true,"href":"https:\/\/www.blogseite.com\/geschenke\/wp-json\/wp\/v2\/media\/322"}],"wp:attachment":[{"href":"https:\/\/www.blogseite.com\/geschenke\/wp-json\/wp\/v2\/media?parent=321"}],"wp:term":[{"taxonomy":"product_cat","embeddable":true,"href":"https:\/\/www.blogseite.com\/geschenke\/wp-json\/wp\/v2\/product_cat?post=321"},{"taxonomy":"product_tag","embeddable":true,"href":"https:\/\/www.blogseite.com\/geschenke\/wp-json\/wp\/v2\/product_tag?post=321"}],"curies":[{"name":"wp","href":"https:\/\/api.w.org\/{rel}","templated":true}]}}