{"id":3166,"date":"2021-02-22T19:04:02","date_gmt":"2021-02-22T18:04:02","guid":{"rendered":"https:\/\/geschenke.blogseite.com\/?post_type=product&#038;p=3166"},"modified":"2022-04-03T15:53:51","modified_gmt":"2022-04-03T13:53:51","slug":"uhuru-mikrofon-mit-tischstaender-um920","status":"publish","type":"product","link":"https:\/\/www.blogseite.com\/geschenke\/s\/uhuru-mikrofon-mit-tischstaender-um920\/","title":{"rendered":"UHURU Mikrofon mit Tischst\u00e4nder UM920"},"content":{"rendered":"<ul>\n<li><span class=\"a-list-item\">Dieses usb kondensatormikrofon verwendet den modernsten Chipsatz. Das USB-Mikrofon kann eine hochaufl\u00f6sende Abtastrate speichern.Die Samplerate betr\u00e4gt bis zu 192 kHz \/ 24 bit, Sanfter, flacher Frequenzgang von 30Hz-16kHz &#8211; Erweiterter Frequenzgang eignet sich hervorragend f\u00fcr Gesang, Sprache und Erz\u00e4hlung. Stellen Sie Ihre Stimme wieder her und sorgen Sie mit hochwertigen Mikrofonen f\u00fcr eine exquisite Klangwiedergabe im Internet. <\/span><\/li>\n<li><span class=\"a-list-item\"> Mit dem 16mm Elektret-Kondensator-Wandler kann ihnen das USB-Mikrofon eine starke Bass-Antwort geben. Dieses professionelle Kondensatormikrofon nimmt kristallklares Audio auf. Der Magnetring am USB-Mikrofonkabel hat eine starke Anti-Interferenz-Funktion, die Ihnen ein besseres Gef\u00fchl erm\u00f6glicht. <\/span><\/li>\n<li><span class=\"a-list-item\"> Dieses USB Mikrofon-Kit enth\u00e4lt eine abschlie\u00dfbare Aluminium-Aufbewahrungsbox, definitiv sicher und tragbar f\u00fcr Ihren t\u00e4glichen Gebrauch. Mikrofon-Set mit Aluminium-Geh\u00e4usen k\u00f6nnen Sie Ihr Mikrofon und andere Sch\u00e4den, die durch Fernverkehr , sch\u00fctzen, sondern auch die Lebensdauer des Mikrofons verl\u00e4ngern. Robuster und stabiler Mikrofonst\u00e4nder.Stabiler und stabiler Mikrofonst\u00e4nder. Die Standl\u00e4nge des Mikrofons kann verl\u00e4ngert werden. <\/span><\/li>\n<li><span class=\"a-list-item\"> Das Mikrofon verf\u00fcgt \u00fcber einen USB 2.0-Datenanschluss, der einfach mit Ihrem Computer und Linux-Betriebssystem verbunden werden kann, und keine zus\u00e4tzliche Treibersoftware ben\u00f6tigt, keine Notwendigkeit f\u00fcr eine externe Soundkarte. Langlebiges USB-Kabel mit doppelter Abschirmung reduziert Interferenzen. Das macht es einfach, gut auf einem Podcast, Live-Stream, Videoanruf, oder die meisten anderen Arten von Aufnahme klingen. <\/span><\/li>\n<li><span class=\"a-list-item\"> F\u00fcr alle Laptops, PCs und Mobiltelefone. Starker Ausgang, keine Verzerrung, geringer Stromverbrauch. Das Mikrofon kann auch f\u00fcr Mobiltelefone verwendet werden, aber Sie ben\u00f6tigen einen Adapter (nicht im Lieferumfang enthalten). <\/span><\/li>\n<\/ul>\n","protected":false},"excerpt":{"rendered":"<p>Dieses usb kondensatormikrofon verwendet den modernsten Chipsatz. Das USB-Mikrofon kann eine hochaufl\u00f6sende Abtastrate speichern.Die Samplerate betr\u00e4gt bis zu 192 kHz \/ 24 bit, Sanfter, flacher Frequenzgang von 30Hz-16kHz &#8211; Erweiterter Frequenzgang eignet sich hervorragend f\u00fcr Gesang, Sprache und Erz\u00e4hlung. Stellen Sie Ihre Stimme wieder her und sorgen Sie mit hochwertigen Mikrofonen f\u00fcr eine exquisite Klangwiedergabe [&hellip;]<\/p>\n","protected":false},"featured_media":3167,"comment_status":"open","ping_status":"closed","template":"","meta":[],"product_cat":[78,103,74,110,116,45,108,73,280,55,426,432,433,70,295,294,291],"product_tag":[178,106,589],"class_list":{"0":"post-3166","1":"product","2":"type-product","3":"status-publish","4":"has-post-thumbnail","6":"product_cat-weihnachtsgeschenke","7":"product_cat-studenten","8":"product_cat-bester-freund","9":"product_cat-freund","10":"product_cat-frauen","11":"product_cat-freundin","12":"product_cat-maenner","13":"product_cat-beste-freundin","14":"product_cat-geburtstagsgeschenke","15":"product_cat-valentinstag","16":"product_cat-nach-preis","17":"product_cat-ueber-35-euro","18":"product_cat-ueber-40-euro","19":"product_cat-geschenke-fuer-jeden-anlass","20":"product_cat--tochter","21":"product_cat--schwester","22":"product_cat-nerds","23":"product_tag-geschenk-fuer-nerds","24":"product_tag-geschenk-fuer-studenten","25":"product_tag-mikrofon","27":"first","28":"instock","29":"shipping-taxable","30":"product-type-external"},"_links":{"self":[{"href":"https:\/\/www.blogseite.com\/geschenke\/wp-json\/wp\/v2\/product\/3166"}],"collection":[{"href":"https:\/\/www.blogseite.com\/geschenke\/wp-json\/wp\/v2\/product"}],"about":[{"href":"https:\/\/www.blogseite.com\/geschenke\/wp-json\/wp\/v2\/types\/product"}],"replies":[{"embeddable":true,"href":"https:\/\/www.blogseite.com\/geschenke\/wp-json\/wp\/v2\/comments?post=3166"}],"wp:featuredmedia":[{"embeddable":true,"href":"https:\/\/www.blogseite.com\/geschenke\/wp-json\/wp\/v2\/media\/3167"}],"wp:attachment":[{"href":"https:\/\/www.blogseite.com\/geschenke\/wp-json\/wp\/v2\/media?parent=3166"}],"wp:term":[{"taxonomy":"product_cat","embeddable":true,"href":"https:\/\/www.blogseite.com\/geschenke\/wp-json\/wp\/v2\/product_cat?post=3166"},{"taxonomy":"product_tag","embeddable":true,"href":"https:\/\/www.blogseite.com\/geschenke\/wp-json\/wp\/v2\/product_tag?post=3166"}],"curies":[{"name":"wp","href":"https:\/\/api.w.org\/{rel}","templated":true}]}}