{"id":3151,"date":"2021-02-22T18:31:19","date_gmt":"2021-02-22T17:31:19","guid":{"rendered":"https:\/\/geschenke.blogseite.com\/?post_type=product&#038;p=3151"},"modified":"2022-04-03T15:56:32","modified_gmt":"2022-04-03T13:56:32","slug":"blue-microphones-yeti-usb-mikrofon-fuer-stream-%f0%9f%98%8d","status":"publish","type":"product","link":"https:\/\/www.blogseite.com\/geschenke\/s\/blue-microphones-yeti-usb-mikrofon-fuer-stream-%f0%9f%98%8d\/","title":{"rendered":"Blue Microphones Yeti USB-Mikrofon f\u00fcr Stream \ud83d\ude0d"},"content":{"rendered":"<ul>\n<li><span class=\"a-list-item\"> Ma\u00dfgefertigtes Dreikapsel-Mikrofon: Bietet klaren, kraftvollen Sound in Broadcast-Qualit\u00e4t f\u00fcr YouTube, Game-Streaming, Podcasts, Skype-Gespr\u00e4che und Musikaufnahmen <\/span><\/li>\n<li><span class=\"a-list-item\"> Vier Richtcharakteristiken: Die vier Richtcharakteristiken (nierenf\u00f6rmig, omnidirektional, bidirektional und stereo) erm\u00f6glichen unvergleichliche Flexibilit\u00e4t, sodass f\u00fcr alle Aufnahmen nur ein einziges Mikrofon ben\u00f6tigt wird <\/span><\/li>\n<li><span class=\"a-list-item\"> Integrierte Bedienelemente zur Audiosteuerung: Professionelle Bedienelemente f\u00fcr Kopfh\u00f6rer-Lautst\u00e4rke, Richtcharakteristik-Auswahl, Stummschaltung und Mikrofonverst\u00e4rkung machen es ideal f\u00fcr Aufnahmen und Streaming <\/span><\/li>\n<li><span class=\"a-list-item\"> Der legend\u00e4re Blue Studio-Sound: Sorgt f\u00fcr Aufnahmen und Streaming-Produktionen in Profi-Qualit\u00e4t f\u00fcr ein best\u00e4ndig wachsendes Publikum <\/span><\/li>\n<li><span class=\"a-list-item\"> Einzigartiges positionierbares Design: Das Mikrofon l\u00e4sst sich pr\u00e4zise auf die Tonquelle ausrichten f\u00fcr optimale Tonqualit\u00e4t <\/span><\/li>\n<li><span class=\"a-list-item\"> Plug&amp;Play auf Mac und PC: Das Aufnehmen und Streaming auf Mac oder PC kann sofort beginnen <\/span><\/li>\n<\/ul>\n","protected":false},"excerpt":{"rendered":"<p>Ma\u00dfgefertigtes Dreikapsel-Mikrofon: Bietet klaren, kraftvollen Sound in Broadcast-Qualit\u00e4t f\u00fcr YouTube, Game-Streaming, Podcasts, Skype-Gespr\u00e4che und Musikaufnahmen Vier Richtcharakteristiken: Die vier Richtcharakteristiken (nierenf\u00f6rmig, omnidirektional, bidirektional und stereo) erm\u00f6glichen unvergleichliche Flexibilit\u00e4t, sodass f\u00fcr alle Aufnahmen nur ein einziges Mikrofon ben\u00f6tigt wird Integrierte Bedienelemente zur Audiosteuerung: Professionelle Bedienelemente f\u00fcr Kopfh\u00f6rer-Lautst\u00e4rke, Richtcharakteristik-Auswahl, Stummschaltung und Mikrofonverst\u00e4rkung machen es ideal f\u00fcr Aufnahmen [&hellip;]<\/p>\n","protected":false},"featured_media":3152,"comment_status":"open","ping_status":"closed","template":"","meta":[],"product_cat":[78,103,74,110,116,45,108,73,280,55,426,434,432,433,70,295,294,291],"product_tag":[178,106,589],"class_list":{"0":"post-3151","1":"product","2":"type-product","3":"status-publish","4":"has-post-thumbnail","6":"product_cat-weihnachtsgeschenke","7":"product_cat-studenten","8":"product_cat-bester-freund","9":"product_cat-freund","10":"product_cat-frauen","11":"product_cat-freundin","12":"product_cat-maenner","13":"product_cat-beste-freundin","14":"product_cat-geburtstagsgeschenke","15":"product_cat-valentinstag","16":"product_cat-nach-preis","17":"product_cat-ueber-100-euro","18":"product_cat-ueber-35-euro","19":"product_cat-ueber-40-euro","20":"product_cat-geschenke-fuer-jeden-anlass","21":"product_cat--tochter","22":"product_cat--schwester","23":"product_cat-nerds","24":"product_tag-geschenk-fuer-nerds","25":"product_tag-geschenk-fuer-studenten","26":"product_tag-mikrofon","28":"first","29":"instock","30":"shipping-taxable","31":"product-type-external"},"_links":{"self":[{"href":"https:\/\/www.blogseite.com\/geschenke\/wp-json\/wp\/v2\/product\/3151"}],"collection":[{"href":"https:\/\/www.blogseite.com\/geschenke\/wp-json\/wp\/v2\/product"}],"about":[{"href":"https:\/\/www.blogseite.com\/geschenke\/wp-json\/wp\/v2\/types\/product"}],"replies":[{"embeddable":true,"href":"https:\/\/www.blogseite.com\/geschenke\/wp-json\/wp\/v2\/comments?post=3151"}],"wp:featuredmedia":[{"embeddable":true,"href":"https:\/\/www.blogseite.com\/geschenke\/wp-json\/wp\/v2\/media\/3152"}],"wp:attachment":[{"href":"https:\/\/www.blogseite.com\/geschenke\/wp-json\/wp\/v2\/media?parent=3151"}],"wp:term":[{"taxonomy":"product_cat","embeddable":true,"href":"https:\/\/www.blogseite.com\/geschenke\/wp-json\/wp\/v2\/product_cat?post=3151"},{"taxonomy":"product_tag","embeddable":true,"href":"https:\/\/www.blogseite.com\/geschenke\/wp-json\/wp\/v2\/product_tag?post=3151"}],"curies":[{"name":"wp","href":"https:\/\/api.w.org\/{rel}","templated":true}]}}