{"id":3126,"date":"2021-02-19T08:54:11","date_gmt":"2021-02-19T07:54:11","guid":{"rendered":"https:\/\/geschenke.blogseite.com\/?post_type=product&#038;p=3126"},"modified":"2022-04-03T16:00:23","modified_gmt":"2022-04-03T14:00:23","slug":"escape-room-familien-und-gesellschaftsspiel-%f0%9f%98%86","status":"publish","type":"product","link":"https:\/\/www.blogseite.com\/geschenke\/s\/escape-room-familien-und-gesellschaftsspiel-%f0%9f%98%86\/","title":{"rendered":"Escape Room Familien und Gesellschaftsspiel \ud83d\ude06"},"content":{"rendered":"<ul class=\"a-unordered-list a-vertical a-spacing-mini\">\n<li><span class=\"a-list-item\"> Spannende R\u00e4tsel &#8211; Tauchen Sie ein in die Escape Room Welt, Das Ziel ist es, innerhalb der Zeit gemeinsam Aufgaben zu l\u00f6sen um eine Chance zu haben die R\u00e4ume rechtzeitig zu verlassen <\/span><\/li>\n<li><span class=\"a-list-item\"> Vier Abenteuer &#8211; Erwarten Sie das Unerwartete im Spiel f\u00fcr Erwachsene; Beim L\u00f6sen der 4 R\u00e4tsel gibt es unterschiedliche Schwierigkeitsgrade, dabei z\u00e4hlt jede Sekunde <\/span><\/li>\n<li><span class=\"a-list-item\"> Chrono Decoder &#8211; Zum Starten des Spiels wird er eingeschaltet, ab dann l\u00e4uft die Zeit von 60 Minuten, Jeder der 3 Abschnitte in diesem Spiel wird mit einem Schl\u00fcssel-Code gel\u00f6st <\/span><\/li>\n<li><span class=\"a-list-item\"> Code Schl\u00fcssel &#8211; Um den Code eingeben zu k\u00f6nnen m\u00fcssen Sie 4 aus den 16 verf\u00fcgbaren Schl\u00fcsseln ausw\u00e4hlen, Jeder Schl\u00fcssel vom Gruppenspiel f\u00fcr die Familie hat 6 unterschiedliche Seiten <\/span><\/li>\n<li><span class=\"a-list-item\"> Vielseitige Spiele &#8211; Die Marke Noris entwickelt Spiele mit Spa\u00df f\u00fcr die ganze Familie, Altersgerecht werden die F\u00e4higkeiten gef\u00f6rdert <\/span><\/li>\n<\/ul>\n","protected":false},"excerpt":{"rendered":"<p>Spannende R\u00e4tsel &#8211; Tauchen Sie ein in die Escape Room Welt, Das Ziel ist es, innerhalb der Zeit gemeinsam Aufgaben zu l\u00f6sen um eine Chance zu haben die R\u00e4ume rechtzeitig zu verlassen Vier Abenteuer &#8211; Erwarten Sie das Unerwartete im Spiel f\u00fcr Erwachsene; Beim L\u00f6sen der 4 R\u00e4tsel gibt es unterschiedliche Schwierigkeitsgrade, dabei z\u00e4hlt jede [&hellip;]<\/p>\n","protected":false},"featured_media":3127,"comment_status":"open","ping_status":"closed","template":"","meta":[],"product_cat":[78,103,74,110,116,45,108,73,280,426,431,293,300,70,299,295,294,296,64],"product_tag":[466],"class_list":{"0":"post-3126","1":"product","2":"type-product","3":"status-publish","4":"has-post-thumbnail","6":"product_cat-weihnachtsgeschenke","7":"product_cat-studenten","8":"product_cat-bester-freund","9":"product_cat-freund","10":"product_cat-frauen","11":"product_cat-freundin","12":"product_cat-maenner","13":"product_cat-beste-freundin","14":"product_cat-geburtstagsgeschenke","15":"product_cat-nach-preis","16":"product_cat-unter-50-euro","17":"product_cat-geschenk-fuer-bruder","18":"product_cat--kollege","19":"product_cat-geschenke-fuer-jeden-anlass","20":"product_cat--chef","21":"product_cat--tochter","22":"product_cat--schwester","23":"product_cat--schwiegermutter","24":"product_cat-vater","25":"product_tag-brettspiel","27":"first","28":"instock","29":"shipping-taxable","30":"product-type-external"},"_links":{"self":[{"href":"https:\/\/www.blogseite.com\/geschenke\/wp-json\/wp\/v2\/product\/3126"}],"collection":[{"href":"https:\/\/www.blogseite.com\/geschenke\/wp-json\/wp\/v2\/product"}],"about":[{"href":"https:\/\/www.blogseite.com\/geschenke\/wp-json\/wp\/v2\/types\/product"}],"replies":[{"embeddable":true,"href":"https:\/\/www.blogseite.com\/geschenke\/wp-json\/wp\/v2\/comments?post=3126"}],"wp:featuredmedia":[{"embeddable":true,"href":"https:\/\/www.blogseite.com\/geschenke\/wp-json\/wp\/v2\/media\/3127"}],"wp:attachment":[{"href":"https:\/\/www.blogseite.com\/geschenke\/wp-json\/wp\/v2\/media?parent=3126"}],"wp:term":[{"taxonomy":"product_cat","embeddable":true,"href":"https:\/\/www.blogseite.com\/geschenke\/wp-json\/wp\/v2\/product_cat?post=3126"},{"taxonomy":"product_tag","embeddable":true,"href":"https:\/\/www.blogseite.com\/geschenke\/wp-json\/wp\/v2\/product_tag?post=3126"}],"curies":[{"name":"wp","href":"https:\/\/api.w.org\/{rel}","templated":true}]}}