{"id":311,"date":"2020-11-19T15:18:34","date_gmt":"2020-11-19T14:18:34","guid":{"rendered":"https:\/\/geschenke.blogseite.com\/?post_type=product&#038;p=311"},"modified":"2022-04-06T12:19:45","modified_gmt":"2022-04-06T10:19:45","slug":"rgb-mauspad-800-x-300-mm-gaming-mousepad-mit-9-led-farben-12-beleuchtungs-modi","status":"publish","type":"product","link":"https:\/\/www.blogseite.com\/geschenke\/s\/rgb-mauspad-800-x-300-mm-gaming-mousepad-mit-9-led-farben-12-beleuchtungs-modi\/","title":{"rendered":"RGB Mauspad, 800 x 300 mm Gaming Mousepad mit 9 LED Farben 12 Beleuchtungs-Modi"},"content":{"rendered":"<ul class=\"a-unordered-list a-vertical a-spacing-mini\">\n<li><span class=\"a-list-item\">12 Typen RGB-Beleuchtungsmodi\u3011RGB gaming mauspad, einschlie\u00dflich 3 dynamischer Modi: 2 Regenbogen- und 1 Atmungsmodi. 9 Statische Beleuchtungsmodi: Rot, Orange, Gelb, Gr\u00fcn, Cyan, Blau, Lila, Wei\u00df, Rosenrot. Erhalten Sie eine optisch atemberaubende Darstellung von Farben und Effekten.<\/span><\/li>\n<li><span class=\"a-list-item\">\u3010Raumfreiheit\u3011Gaming Mauspad Optimale Gr\u00f6\u00dfe von 800x300x4mm. Kann die Maus frei auf dem Desktop steuern. Bietet ein besseres Spielerlebnis gen\u00fcgender Platz f\u00fcr Ihren Laptop.<\/span><\/li>\n<li><span class=\"a-list-item\">\u3010Plug and Play\u3011LED Gaming Mauspad die USB-Stromversorgung des Computers kann jederzeit und \u00fcberall verwendet werden.One-Touch-Steuerung entwickelt, um die hellen Farben wechseln und abschalten, sehr bequem zu bedienen.<\/span><\/li>\n<li><span class=\"a-list-item\">\u3010Hochpr\u00e4zises Gewebe und Wasserbest\u00e4ndige\u3011Das gaming Mauspad ist aus hochwertigen Materialien gefertigt und verf\u00fcgt \u00fcber eine hochpr\u00e4zise mikrostrukturierte Oberfl\u00e4che, die h\u00f6chste Genauigkeit und Empfindlichkeit gew\u00e4hrleistet. Die wasserdichte Beschichtung verhindert Sch\u00e4den durch versch\u00fcttete Getr\u00e4nke oder andere Unf\u00e4lle.<\/span><\/li>\n<li><span class=\"a-list-item\">\u3010Rutschfeste Gummibasis\u3011Die Basis ist aus Naturkautschuk hergestellt, um die Reibung zu erh\u00f6hen.absorbiert Vibrationen und verhindert das gleiten des gaming Mauspads auf das Desktop.<\/span><\/li>\n<\/ul>\n","protected":false},"excerpt":{"rendered":"<p>12 Typen RGB-Beleuchtungsmodi\u3011RGB gaming mauspad, einschlie\u00dflich 3 dynamischer Modi: 2 Regenbogen- und 1 Atmungsmodi. 9 Statische Beleuchtungsmodi: Rot, Orange, Gelb, Gr\u00fcn, Cyan, Blau, Lila, Wei\u00df, Rosenrot. Erhalten Sie eine optisch atemberaubende Darstellung von Farben und Effekten. \u3010Raumfreiheit\u3011Gaming Mauspad Optimale Gr\u00f6\u00dfe von 800x300x4mm. Kann die Maus frei auf dem Desktop steuern. Bietet ein besseres Spielerlebnis gen\u00fcgender [&hellip;]<\/p>\n","protected":false},"featured_media":312,"comment_status":"open","ping_status":"closed","template":"","meta":[],"product_cat":[78,103,74,110,45,108,426,430,431],"product_tag":[79,92,177,198,708],"class_list":{"0":"post-311","1":"product","2":"type-product","3":"status-publish","4":"has-post-thumbnail","6":"product_cat-weihnachtsgeschenke","7":"product_cat-studenten","8":"product_cat-bester-freund","9":"product_cat-freund","10":"product_cat-freundin","11":"product_cat-maenner","12":"product_cat-nach-preis","13":"product_cat-unter-20-euro","14":"product_cat-unter-50-euro","15":"product_tag-geschenk-fuer-freund","16":"product_tag-geschenk-fuer-freundin","17":"product_tag-geschenk-fuer-gamer","18":"product_tag-geschenk-fuer-zocker","19":"product_tag-mauspad","21":"first","22":"instock","23":"shipping-taxable","24":"product-type-external"},"_links":{"self":[{"href":"https:\/\/www.blogseite.com\/geschenke\/wp-json\/wp\/v2\/product\/311"}],"collection":[{"href":"https:\/\/www.blogseite.com\/geschenke\/wp-json\/wp\/v2\/product"}],"about":[{"href":"https:\/\/www.blogseite.com\/geschenke\/wp-json\/wp\/v2\/types\/product"}],"replies":[{"embeddable":true,"href":"https:\/\/www.blogseite.com\/geschenke\/wp-json\/wp\/v2\/comments?post=311"}],"wp:featuredmedia":[{"embeddable":true,"href":"https:\/\/www.blogseite.com\/geschenke\/wp-json\/wp\/v2\/media\/312"}],"wp:attachment":[{"href":"https:\/\/www.blogseite.com\/geschenke\/wp-json\/wp\/v2\/media?parent=311"}],"wp:term":[{"taxonomy":"product_cat","embeddable":true,"href":"https:\/\/www.blogseite.com\/geschenke\/wp-json\/wp\/v2\/product_cat?post=311"},{"taxonomy":"product_tag","embeddable":true,"href":"https:\/\/www.blogseite.com\/geschenke\/wp-json\/wp\/v2\/product_tag?post=311"}],"curies":[{"name":"wp","href":"https:\/\/api.w.org\/{rel}","templated":true}]}}