{"id":309,"date":"2020-11-19T15:05:26","date_gmt":"2020-11-19T14:05:26","guid":{"rendered":"https:\/\/geschenke.blogseite.com\/?post_type=product&#038;p=309"},"modified":"2022-04-06T12:20:02","modified_gmt":"2022-04-06T10:20:02","slug":"sheepworld-44946-baumwoll-kissen-mit-spruch-traumfrau-30-cm-x-30-cm-zierkissen","status":"publish","type":"product","link":"https:\/\/www.blogseite.com\/geschenke\/s\/sheepworld-44946-baumwoll-kissen-mit-spruch-traumfrau-30-cm-x-30-cm-zierkissen\/","title":{"rendered":"Sheepworld 44946 Baumwoll-Kissen mit Spruch Traumfrau, 30 cm x 30 cm, Zierkissen"},"content":{"rendered":"<div id=\"featurebullets_feature_div\" class=\"celwidget\" data-feature-name=\"featurebullets\" data-csa-c-id=\"69fopw-mre2hs-nttgy-ox82jw\" data-cel-widget=\"featurebullets_feature_div\">\n<div id=\"feature-bullets\" class=\"a-section a-spacing-medium a-spacing-top-small\">\n<ul class=\"a-unordered-list a-vertical a-spacing-mini\">\n<li><span class=\"a-list-item\">Sch\u00f6nes Baumwollkissen im aktuellen sheepworld Trenddesign, ideal zum Dekorieren und Kombinieren<\/span><\/li>\n<li><span class=\"a-list-item\">Perfekte Kuschelgr\u00f6\u00dfe, Ma\u00dfe: 30 cm x 30 cm, Obermaterial: 100% Baumwolle, F\u00fcllung: 100% Polyester<\/span><\/li>\n<li><span class=\"a-list-item\">Pflegeleicht und praktisch, da waschbar bei 40 Grad<\/span><\/li>\n<li><span class=\"a-list-item\">Eine passende Geschenkidee zum Beispiel f\u00fcr die Partnerin oder eine gute Freundin<\/span><\/li>\n<li><span class=\"a-list-item\">Hohe Qualit\u00e4t, mit \u00d6ko-Tex Standard 100<\/span><\/li>\n<\/ul>\n<\/div>\n<\/div>\n<div id=\"legalEUAtf_feature_div\" class=\"celwidget\" data-feature-name=\"legalEUAtf\" data-csa-c-id=\"ei8jo1-9dl0tk-d231qi-eitoqe\" data-cel-widget=\"legalEUAtf_feature_div\"><\/div>\n<div id=\"globalStoreInfoBullets_feature_div\" class=\"celwidget\" data-feature-name=\"globalStoreInfoBullets\" data-csa-c-id=\"p3zogj-fjvhvu-cmxf8h-9e27vu\" data-cel-widget=\"globalStoreInfoBullets_feature_div\"><\/div>\n<div id=\"addOnItem_feature_div\" class=\"celwidget\" data-feature-name=\"addOnItem\" data-csa-c-id=\"t8gor7-5rxpbw-nechn9-fjmprk\" data-cel-widget=\"addOnItem_feature_div\"><\/div>\n<div id=\"recommendations_feature_div\" class=\"celwidget\" data-feature-name=\"recommendations\" data-csa-c-id=\"dmy146-3y746q-38n0j-hqu7oi\" data-cel-widget=\"recommendations_feature_div\"><\/div>\n<div id=\"HLCXComparisonJumplink_feature_div\"><\/div>\n","protected":false},"excerpt":{"rendered":"<p>Sch\u00f6nes Baumwollkissen im aktuellen sheepworld Trenddesign, ideal zum Dekorieren und Kombinieren Perfekte Kuschelgr\u00f6\u00dfe, Ma\u00dfe: 30 cm x 30 cm, Obermaterial: 100% Baumwolle, F\u00fcllung: 100% Polyester Pflegeleicht und praktisch, da waschbar bei 40 Grad Eine passende Geschenkidee zum Beispiel f\u00fcr die Partnerin oder eine gute Freundin Hohe Qualit\u00e4t, mit \u00d6ko-Tex Standard 100<\/p>\n","protected":false},"featured_media":310,"comment_status":"open","ping_status":"closed","template":"","meta":[],"product_cat":[116,56,45,73,52,55,426,428,429,430,431],"product_tag":[196,195,189,187,190,61,188,192,503,193,197,194,191],"class_list":{"0":"post-309","1":"product","2":"type-product","3":"status-publish","4":"has-post-thumbnail","6":"product_cat-frauen","7":"product_cat-hochzeit","8":"product_cat-freundin","9":"product_cat-beste-freundin","10":"product_cat-hochzeitsgeschenke","11":"product_cat-valentinstag","12":"product_cat-nach-preis","13":"product_cat-unter-10-euro","14":"product_cat-unter-15-euro","15":"product_cat-unter-20-euro","16":"product_cat-unter-50-euro","17":"product_tag-da-waschbar-bei-40-grad-eine-passende-geschenkidee-zum-beispiel-fuer-die-partnerin-oder-eine-gute-freundin-hohe-qualitaet","18":"product_tag-fuellung-100-polyester-pflegeleicht-und-praktisch","19":"product_tag-geschenk-bratina","20":"product_tag-geschenk-frau","21":"product_tag-geschenk-frauen","22":"product_tag-geschenk-freundin","23":"product_tag-geschenk-traumfrau","24":"product_tag-ideal-zum-dekorieren-und-kombinieren-perfekte-kuschelgroesse","25":"product_tag-kissen","26":"product_tag-masse-30-cm-x-30-cm","27":"product_tag-mit-oeko-tex-standard-100","28":"product_tag-obermaterial-100-baumwolle","29":"product_tag-schoenes-baumwollkissen-im-aktuellen-sheepworld-trenddesign","31":"first","32":"instock","33":"shipping-taxable","34":"product-type-external"},"_links":{"self":[{"href":"https:\/\/www.blogseite.com\/geschenke\/wp-json\/wp\/v2\/product\/309"}],"collection":[{"href":"https:\/\/www.blogseite.com\/geschenke\/wp-json\/wp\/v2\/product"}],"about":[{"href":"https:\/\/www.blogseite.com\/geschenke\/wp-json\/wp\/v2\/types\/product"}],"replies":[{"embeddable":true,"href":"https:\/\/www.blogseite.com\/geschenke\/wp-json\/wp\/v2\/comments?post=309"}],"wp:featuredmedia":[{"embeddable":true,"href":"https:\/\/www.blogseite.com\/geschenke\/wp-json\/wp\/v2\/media\/310"}],"wp:attachment":[{"href":"https:\/\/www.blogseite.com\/geschenke\/wp-json\/wp\/v2\/media?parent=309"}],"wp:term":[{"taxonomy":"product_cat","embeddable":true,"href":"https:\/\/www.blogseite.com\/geschenke\/wp-json\/wp\/v2\/product_cat?post=309"},{"taxonomy":"product_tag","embeddable":true,"href":"https:\/\/www.blogseite.com\/geschenke\/wp-json\/wp\/v2\/product_tag?post=309"}],"curies":[{"name":"wp","href":"https:\/\/api.w.org\/{rel}","templated":true}]}}