{"id":3085,"date":"2021-02-18T09:59:32","date_gmt":"2021-02-18T08:59:32","guid":{"rendered":"https:\/\/geschenke.blogseite.com\/?post_type=product&#038;p=3085"},"modified":"2022-04-03T16:04:30","modified_gmt":"2022-04-03T14:04:30","slug":"rorios-fashion-damen-uhr-kaufen-%f0%9f%8e%81-%f0%9f%a5%b0","status":"publish","type":"product","link":"https:\/\/www.blogseite.com\/geschenke\/s\/rorios-fashion-damen-uhr-kaufen-%f0%9f%8e%81-%f0%9f%a5%b0\/","title":{"rendered":"RORIOS Fashion Damen Uhr Kaufen \ud83c\udf81 \ud83e\udd70"},"content":{"rendered":"<ul class=\"a-unordered-list a-vertical a-spacing-mini\">\n<li><span class=\"a-list-item\"> Feature: Diese Uhr ist mit einem magnetischen Edelstahl-Mesh-Band f\u00fcr die einfache und praktische Verwendung konzipiert. Classic Beautiful Shining Sternenzifferblatt, sehr stilvoll und romantisch. Diese Uhren sind ideal f\u00fcr den t\u00e4glichen Gebrauch und machen Sie zum leuchtenden Star bei allen Gelegenheiten. Diese Uhr ist sehr luxuri\u00f6s. <\/span><\/li>\n<li><span class=\"a-list-item\"> Precise Time: Hochwertiges analoges Quarzwerk f\u00fcr genaue und genaue Zeitmessung. Dieser Magnet kann die Bewegung nicht ber\u00fchren. Bitte halten Sie den Magneten von der Bewegung fern. <\/span><\/li>\n<li><span class=\"a-list-item\"> T\u00e4glicher Gebrauch: Perfekt f\u00fcr alle Arten von Business-, Casual-, Indoor-Aktivit\u00e4ten oder den t\u00e4glichen Gebrauch. Diese Uhr kann das Wasser nicht ber\u00fchren. Bitte dr\u00fccken Sie KEINE Kn\u00f6pfe im Wasser oder tragen Sie diese Uhr f\u00fcr Unterwasseraktivit\u00e4ten. <\/span><\/li>\n<li><span class=\"a-list-item\"> Klassisches Design: Der schlichte, elegante Look macht es zu einem idealen Geschenk f\u00fcr Ihre Liebsten zu allen Anl\u00e4ssen wie Weihnachten, Thanksgiving, Geburtstage, Jubil\u00e4en, Muttertag, Abschlussfeier, Valentinstag, oder einfach nur, um sich mit etwas Neuem zu verw\u00f6hnen und trendy. <\/span><\/li>\n<li><span class=\"a-list-item\"> Service: Wir werden unser Bestes tun, um den Kunden zufriedenstellende Produkte und Dienstleistungen zu bieten. Sie haben Fragen und wir werden innerhalb von 24 Stunden antworten. Die Garantiezeit betr\u00e4gt 12 Monate. <\/span><\/li>\n<\/ul>\n","protected":false},"excerpt":{"rendered":"<p>Feature: Diese Uhr ist mit einem magnetischen Edelstahl-Mesh-Band f\u00fcr die einfache und praktische Verwendung konzipiert. Classic Beautiful Shining Sternenzifferblatt, sehr stilvoll und romantisch. Diese Uhren sind ideal f\u00fcr den t\u00e4glichen Gebrauch und machen Sie zum leuchtenden Star bei allen Gelegenheiten. Diese Uhr ist sehr luxuri\u00f6s. Precise Time: Hochwertiges analoges Quarzwerk f\u00fcr genaue und genaue Zeitmessung. [&hellip;]<\/p>\n","protected":false},"featured_media":3086,"comment_status":"open","ping_status":"closed","template":"","meta":[],"product_cat":[78,116,63,45,73,52,280,55,426,434,432,433,70,295,294,296,298],"product_tag":[754],"class_list":{"0":"post-3085","1":"product","2":"type-product","3":"status-publish","4":"has-post-thumbnail","6":"product_cat-weihnachtsgeschenke","7":"product_cat-frauen","8":"product_cat-mutter","9":"product_cat-freundin","10":"product_cat-beste-freundin","11":"product_cat-hochzeitsgeschenke","12":"product_cat-geburtstagsgeschenke","13":"product_cat-valentinstag","14":"product_cat-nach-preis","15":"product_cat-ueber-100-euro","16":"product_cat-ueber-35-euro","17":"product_cat-ueber-40-euro","18":"product_cat-geschenke-fuer-jeden-anlass","19":"product_cat--tochter","20":"product_cat--schwester","21":"product_cat--schwiegermutter","22":"product_cat--ehefrau","23":"product_tag-damen-uhr","25":"first","26":"instock","27":"shipping-taxable","28":"product-type-external"},"_links":{"self":[{"href":"https:\/\/www.blogseite.com\/geschenke\/wp-json\/wp\/v2\/product\/3085"}],"collection":[{"href":"https:\/\/www.blogseite.com\/geschenke\/wp-json\/wp\/v2\/product"}],"about":[{"href":"https:\/\/www.blogseite.com\/geschenke\/wp-json\/wp\/v2\/types\/product"}],"replies":[{"embeddable":true,"href":"https:\/\/www.blogseite.com\/geschenke\/wp-json\/wp\/v2\/comments?post=3085"}],"wp:featuredmedia":[{"embeddable":true,"href":"https:\/\/www.blogseite.com\/geschenke\/wp-json\/wp\/v2\/media\/3086"}],"wp:attachment":[{"href":"https:\/\/www.blogseite.com\/geschenke\/wp-json\/wp\/v2\/media?parent=3085"}],"wp:term":[{"taxonomy":"product_cat","embeddable":true,"href":"https:\/\/www.blogseite.com\/geschenke\/wp-json\/wp\/v2\/product_cat?post=3085"},{"taxonomy":"product_tag","embeddable":true,"href":"https:\/\/www.blogseite.com\/geschenke\/wp-json\/wp\/v2\/product_tag?post=3085"}],"curies":[{"name":"wp","href":"https:\/\/api.w.org\/{rel}","templated":true}]}}