{"id":3083,"date":"2021-02-18T09:46:09","date_gmt":"2021-02-18T08:46:09","guid":{"rendered":"https:\/\/geschenke.blogseite.com\/?post_type=product&#038;p=3083"},"modified":"2022-04-03T16:04:48","modified_gmt":"2022-04-03T14:04:48","slug":"alienwork-damen-uhr-mit-strass-steinen-kaufen","status":"publish","type":"product","link":"https:\/\/www.blogseite.com\/geschenke\/s\/alienwork-damen-uhr-mit-strass-steinen-kaufen\/","title":{"rendered":"Alienwork Damen-Uhr mit Strass-Steinen Kaufen \u263a\ufe0f"},"content":{"rendered":"<ul class=\"a-unordered-list a-vertical a-spacing-mini\">\n<li><span class=\"a-list-item\"> Die Armbanduhr wird von einem ganggenauen Japanischen Quarzwerk angetrieben. Die Damen-Uhr ist ein stilvoller Begleiter f\u00fcr Frauen und M\u00e4dchen. <\/span><\/li>\n<li><span class=\"a-list-item\"> Diese einzigartige Damen-Armbanduhr macht ein unkonventionelles, modisches Statement, das jedes Frauenherz h\u00f6her schlagen l\u00e4sst. Im Inneren des Zifferblatts bezaubern Natursteine mit dem unverkennbaren Funkeln. <\/span><\/li>\n<li><span class=\"a-list-item\"> Dieses zentrale Highlight wird von einem fein gearbeiteten Milanaise-Gliederband getragen, das sich angenehm ums Handgelenk legt. Dank der Kipp-Faltschlie\u00dfe kann es problemlos und individuell angepasst werden. Mit dieser Damen-Uhr zeigen Sie sich \u00fcberall herrlich stilvoll. <\/span><\/li>\n<li><span class=\"a-list-item\"> Diese Armbanduhr f\u00fcr Damen begeistert mit ihrem sportlichen und eleganten Aussehen. Die Damenuhr ist ein stilvoller Begleiter f\u00fcr alle Anl\u00e4sse und passt sowohl zur l\u00e4ssigen Jeans als auch zu besonders schicken Outfits. Eine sehr schicke Uhr f\u00fcr alle modebewussten Frauen! <\/span><\/li>\n<li><span class=\"a-list-item\"> Die Klassik Uhren-Kollektion wurde f\u00fcr Damen und M\u00e4dchen geschaffen, die klare Linien und minimalistisches, schlichtes Design zu sch\u00e4tzen wissen <\/span><\/li>\n<\/ul>\n","protected":false},"excerpt":{"rendered":"<p>Die Armbanduhr wird von einem ganggenauen Japanischen Quarzwerk angetrieben. Die Damen-Uhr ist ein stilvoller Begleiter f\u00fcr Frauen und M\u00e4dchen. Diese einzigartige Damen-Armbanduhr macht ein unkonventionelles, modisches Statement, das jedes Frauenherz h\u00f6her schlagen l\u00e4sst. Im Inneren des Zifferblatts bezaubern Natursteine mit dem unverkennbaren Funkeln. Dieses zentrale Highlight wird von einem fein gearbeiteten Milanaise-Gliederband getragen, das sich [&hellip;]<\/p>\n","protected":false},"featured_media":3084,"comment_status":"open","ping_status":"closed","template":"","meta":[],"product_cat":[78,116,63,45,73,52,280,55,426,434,432,433,70,295,294,296,298],"product_tag":[754],"class_list":{"0":"post-3083","1":"product","2":"type-product","3":"status-publish","4":"has-post-thumbnail","6":"product_cat-weihnachtsgeschenke","7":"product_cat-frauen","8":"product_cat-mutter","9":"product_cat-freundin","10":"product_cat-beste-freundin","11":"product_cat-hochzeitsgeschenke","12":"product_cat-geburtstagsgeschenke","13":"product_cat-valentinstag","14":"product_cat-nach-preis","15":"product_cat-ueber-100-euro","16":"product_cat-ueber-35-euro","17":"product_cat-ueber-40-euro","18":"product_cat-geschenke-fuer-jeden-anlass","19":"product_cat--tochter","20":"product_cat--schwester","21":"product_cat--schwiegermutter","22":"product_cat--ehefrau","23":"product_tag-damen-uhr","25":"first","26":"instock","27":"shipping-taxable","28":"product-type-external"},"_links":{"self":[{"href":"https:\/\/www.blogseite.com\/geschenke\/wp-json\/wp\/v2\/product\/3083"}],"collection":[{"href":"https:\/\/www.blogseite.com\/geschenke\/wp-json\/wp\/v2\/product"}],"about":[{"href":"https:\/\/www.blogseite.com\/geschenke\/wp-json\/wp\/v2\/types\/product"}],"replies":[{"embeddable":true,"href":"https:\/\/www.blogseite.com\/geschenke\/wp-json\/wp\/v2\/comments?post=3083"}],"wp:featuredmedia":[{"embeddable":true,"href":"https:\/\/www.blogseite.com\/geschenke\/wp-json\/wp\/v2\/media\/3084"}],"wp:attachment":[{"href":"https:\/\/www.blogseite.com\/geschenke\/wp-json\/wp\/v2\/media?parent=3083"}],"wp:term":[{"taxonomy":"product_cat","embeddable":true,"href":"https:\/\/www.blogseite.com\/geschenke\/wp-json\/wp\/v2\/product_cat?post=3083"},{"taxonomy":"product_tag","embeddable":true,"href":"https:\/\/www.blogseite.com\/geschenke\/wp-json\/wp\/v2\/product_tag?post=3083"}],"curies":[{"name":"wp","href":"https:\/\/api.w.org\/{rel}","templated":true}]}}