{"id":3081,"date":"2021-02-18T09:40:13","date_gmt":"2021-02-18T08:40:13","guid":{"rendered":"https:\/\/geschenke.blogseite.com\/?post_type=product&#038;p=3081"},"modified":"2022-04-03T16:05:16","modified_gmt":"2022-04-03T14:05:16","slug":"paul-valentine-damenuhr-mit-mesh-armband-kaufen-%e2%ad%90%ef%b8%8f","status":"publish","type":"product","link":"https:\/\/www.blogseite.com\/geschenke\/s\/paul-valentine-damenuhr-mit-mesh-armband-kaufen-%e2%ad%90%ef%b8%8f\/","title":{"rendered":"PAUL VALENTINE \u00ae Damenuhr Mesh Armband \u2b50\ufe0f"},"content":{"rendered":"<ul class=\"a-unordered-list a-vertical a-spacing-mini\">\n<li><span class=\"a-list-item\"> ELEGANTE UND STYLISCHE ARMBANDUHR: Das elegante Design der Paul Valentine Mesh Armbanduhr ist filigran, zeitlos und setzt zugleich ein unverwechselbares Statement! Edle Details runden das Design ab. Diese Damenuhr ist der perfekte Begleiter &#8211; elegant, zuverl\u00e4ssig und m\u00fchelos sch\u00f6n. <\/span><\/li>\n<li><span class=\"a-list-item\"> HOCHWERTIGES MATERIAL: Das Geh\u00e4use der Damenuhr besteht aus hochwertigem Edelstahl. Das japanische Quarzuhrwerk begleitet dich lange. Das ultrad\u00fcnne und elegante 18mm breite Mesh-Armband ist super komfortabel. Die Armbandl\u00e4nge ist individuell einstellbar. <\/span><\/li>\n<li><span class=\"a-list-item\"> WASSERBEST\u00c4NDIGKEIT BIS 5 ATM: Deine Uhr ist spritzwassergesch\u00fctzt, daher kannst du sie also ohne Probleme beim H\u00e4ndewaschen anlassen. <\/span><\/li>\n<li><span class=\"a-list-item\"> SCH\u00d6NE GESCHENKIDEE: Suchst du ein Geschenk f\u00fcr eine liebe Person? Dann mache ihr mit dieser sch\u00f6nen und edlen Armbanduhr eine gro\u00dfe Freude! <\/span><\/li>\n<li><span class=\"a-list-item\"> 24 MONATE GARANTIE: Wir sind von der hervorragenden Qualit\u00e4t unserer Uhren \u00fcberzeugt. <\/span><\/li>\n<\/ul>\n","protected":false},"excerpt":{"rendered":"<p>ELEGANTE UND STYLISCHE ARMBANDUHR: Das elegante Design der Paul Valentine Mesh Armbanduhr ist filigran, zeitlos und setzt zugleich ein unverwechselbares Statement! Edle Details runden das Design ab. Diese Damenuhr ist der perfekte Begleiter &#8211; elegant, zuverl\u00e4ssig und m\u00fchelos sch\u00f6n. HOCHWERTIGES MATERIAL: Das Geh\u00e4use der Damenuhr besteht aus hochwertigem Edelstahl. Das japanische Quarzuhrwerk begleitet dich lange. [&hellip;]<\/p>\n","protected":false},"featured_media":3082,"comment_status":"open","ping_status":"closed","template":"","meta":[],"product_cat":[78,116,63,45,73,52,280,55,426,434,432,433,70,295,294,296,298],"product_tag":[754],"class_list":{"0":"post-3081","1":"product","2":"type-product","3":"status-publish","4":"has-post-thumbnail","6":"product_cat-weihnachtsgeschenke","7":"product_cat-frauen","8":"product_cat-mutter","9":"product_cat-freundin","10":"product_cat-beste-freundin","11":"product_cat-hochzeitsgeschenke","12":"product_cat-geburtstagsgeschenke","13":"product_cat-valentinstag","14":"product_cat-nach-preis","15":"product_cat-ueber-100-euro","16":"product_cat-ueber-35-euro","17":"product_cat-ueber-40-euro","18":"product_cat-geschenke-fuer-jeden-anlass","19":"product_cat--tochter","20":"product_cat--schwester","21":"product_cat--schwiegermutter","22":"product_cat--ehefrau","23":"product_tag-damen-uhr","25":"first","26":"instock","27":"shipping-taxable","28":"product-type-external"},"_links":{"self":[{"href":"https:\/\/www.blogseite.com\/geschenke\/wp-json\/wp\/v2\/product\/3081"}],"collection":[{"href":"https:\/\/www.blogseite.com\/geschenke\/wp-json\/wp\/v2\/product"}],"about":[{"href":"https:\/\/www.blogseite.com\/geschenke\/wp-json\/wp\/v2\/types\/product"}],"replies":[{"embeddable":true,"href":"https:\/\/www.blogseite.com\/geschenke\/wp-json\/wp\/v2\/comments?post=3081"}],"wp:featuredmedia":[{"embeddable":true,"href":"https:\/\/www.blogseite.com\/geschenke\/wp-json\/wp\/v2\/media\/3082"}],"wp:attachment":[{"href":"https:\/\/www.blogseite.com\/geschenke\/wp-json\/wp\/v2\/media?parent=3081"}],"wp:term":[{"taxonomy":"product_cat","embeddable":true,"href":"https:\/\/www.blogseite.com\/geschenke\/wp-json\/wp\/v2\/product_cat?post=3081"},{"taxonomy":"product_tag","embeddable":true,"href":"https:\/\/www.blogseite.com\/geschenke\/wp-json\/wp\/v2\/product_tag?post=3081"}],"curies":[{"name":"wp","href":"https:\/\/api.w.org\/{rel}","templated":true}]}}