{"id":3072,"date":"2021-02-18T08:51:57","date_gmt":"2021-02-18T07:51:57","guid":{"rendered":"https:\/\/geschenke.blogseite.com\/?post_type=product&#038;p=3072"},"modified":"2022-04-03T16:07:00","modified_gmt":"2022-04-03T14:07:00","slug":"lige-unisex-uhre-kaufen-geschenk-%f0%9f%a5%b3","status":"publish","type":"product","link":"https:\/\/www.blogseite.com\/geschenke\/s\/lige-unisex-uhre-kaufen-geschenk-%f0%9f%a5%b3\/","title":{"rendered":"LIGE Unisex Uhre kaufen Geschenk  \ud83e\udd73"},"content":{"rendered":"<ul class=\"a-unordered-list a-vertical a-spacing-mini\">\n<li><span class=\"a-list-item\"> Einzigartiges und elegantes Design:Das ultrad\u00fcnne, klassische, integrierte Design und das einfache Zifferblatt machen es charmant und elegant und erleichtern das Ablesen. IP Rotgold Plating Uhrengeh\u00e4use wird nie verblasse.Diese Uhr ist einfach zu bedienen und f\u00fcr alle Gelegenheiten geeignet (die Zifferblattst\u00e4rke betr\u00e4gt nur 8 mm). <\/span><\/li>\n<li><span class=\"a-list-item\"> Das japanische Original-Quarzuhrwerk bietet eine genaue Zeitmessung und eine Lebensdauer von mehr als 3 Jahren. Die Batterie kann problemlos ausgetauscht werden. <\/span><\/li>\n<li><span class=\"a-list-item\"> Der schwarze Edelstahlg\u00fcrtel mit IP-Beschichtung bietet ein angenehmes Erlebnis, ist langlebig und verblasst nie. (Der Riemen kann entsprechend der Gr\u00f6\u00dfe Ihres Handgelenks eingestellt werden, sendet DIY-Werkzeuge) <\/span><\/li>\n<li><span class=\"a-list-item\"> Verschlei\u00dffeste, kratzfeste Mineralglaslinse und wasserdichtes 3ATM-Material, geeignet f\u00fcr den Alltag (Spritzen, Regen und Schwimmen, aber bitte nicht den Knopf im Wasser verwenden) <\/span><\/li>\n<li><span class=\"a-list-item\"> Bester Service: Wir bieten eine exquisite Verpackung und 2 Jahre Garantie mit einer 90-t\u00e4gigen Geld-zur\u00fcck-Garantie. Wenn Sie Fragen haben, wenden Sie sich bitte an uns. Wir werden uns innerhalb von 24 Stunden bei Ihnen melden <\/span><\/li>\n<\/ul>\n","protected":false},"excerpt":{"rendered":"<p>Einzigartiges und elegantes Design:Das ultrad\u00fcnne, klassische, integrierte Design und das einfache Zifferblatt machen es charmant und elegant und erleichtern das Ablesen. IP Rotgold Plating Uhrengeh\u00e4use wird nie verblasse.Diese Uhr ist einfach zu bedienen und f\u00fcr alle Gelegenheiten geeignet (die Zifferblattst\u00e4rke betr\u00e4gt nur 8 mm). Das japanische Original-Quarzuhrwerk bietet eine genaue Zeitmessung und eine Lebensdauer von [&hellip;]<\/p>\n","protected":false},"featured_media":3073,"comment_status":"open","ping_status":"closed","template":"","meta":[],"product_cat":[78,116,63,45,73,52,280,55,426,432,433,70,295,294,296,298],"product_tag":[754],"class_list":{"0":"post-3072","1":"product","2":"type-product","3":"status-publish","4":"has-post-thumbnail","6":"product_cat-weihnachtsgeschenke","7":"product_cat-frauen","8":"product_cat-mutter","9":"product_cat-freundin","10":"product_cat-beste-freundin","11":"product_cat-hochzeitsgeschenke","12":"product_cat-geburtstagsgeschenke","13":"product_cat-valentinstag","14":"product_cat-nach-preis","15":"product_cat-ueber-35-euro","16":"product_cat-ueber-40-euro","17":"product_cat-geschenke-fuer-jeden-anlass","18":"product_cat--tochter","19":"product_cat--schwester","20":"product_cat--schwiegermutter","21":"product_cat--ehefrau","22":"product_tag-damen-uhr","24":"first","25":"instock","26":"shipping-taxable","27":"product-type-external"},"_links":{"self":[{"href":"https:\/\/www.blogseite.com\/geschenke\/wp-json\/wp\/v2\/product\/3072"}],"collection":[{"href":"https:\/\/www.blogseite.com\/geschenke\/wp-json\/wp\/v2\/product"}],"about":[{"href":"https:\/\/www.blogseite.com\/geschenke\/wp-json\/wp\/v2\/types\/product"}],"replies":[{"embeddable":true,"href":"https:\/\/www.blogseite.com\/geschenke\/wp-json\/wp\/v2\/comments?post=3072"}],"wp:featuredmedia":[{"embeddable":true,"href":"https:\/\/www.blogseite.com\/geschenke\/wp-json\/wp\/v2\/media\/3073"}],"wp:attachment":[{"href":"https:\/\/www.blogseite.com\/geschenke\/wp-json\/wp\/v2\/media?parent=3072"}],"wp:term":[{"taxonomy":"product_cat","embeddable":true,"href":"https:\/\/www.blogseite.com\/geschenke\/wp-json\/wp\/v2\/product_cat?post=3072"},{"taxonomy":"product_tag","embeddable":true,"href":"https:\/\/www.blogseite.com\/geschenke\/wp-json\/wp\/v2\/product_tag?post=3072"}],"curies":[{"name":"wp","href":"https:\/\/api.w.org\/{rel}","templated":true}]}}