{"id":3065,"date":"2021-02-17T19:29:29","date_gmt":"2021-02-17T18:29:29","guid":{"rendered":"https:\/\/geschenke.blogseite.com\/?post_type=product&#038;p=3065"},"modified":"2022-04-18T12:41:41","modified_gmt":"2022-04-18T10:41:41","slug":"gps-tracker-ohne-sim-karte-taschen-kaufen-%f0%9f%a4%93","status":"publish","type":"product","link":"https:\/\/www.blogseite.com\/geschenke\/s\/gps-tracker-ohne-sim-karte-taschen-kaufen-%f0%9f%a4%93\/","title":{"rendered":"GPS Tracker ohne SIM-Karte Taschen Kaufen \ud83e\udd13"},"content":{"rendered":"<ul>\n<li><span class=\"a-list-item\"> ORTEN: Mit dem Invoxia GPS Tracker k\u00f6nnen Sie Ihre Wertsachen ohne Entfernungslimit von der Invoxia-App auf Ihrem Smartphone in Deutschland, Tschechische Republik, in den Niederlanden, und anderen L\u00e4ndern orten, die Sigfox Europa (RC1) abdeckt <\/span><\/li>\n<li><span class=\"a-list-item\"> INKLUSIVE ABONNEMENT &amp; LANGE LEBENSDAUER: Der GPS Tracker ist einsatzbereit und verwendet verbrauchsarme Netzwerke, inklusive 3-Jahres-Abonnement! Autonomie: 1 bis 6 Monate je nach Konfiguration und Abdeckung <\/span><\/li>\n<li><span class=\"a-list-item\"> DIEBSTAHLARM: Seien Sie benachrichtigt, wenn sich Ihr stehendes Fahrzeug verd\u00e4chtig bewegt. Definieren Sie Alarmzonen und erhalten Sie eine Benachrichtigung, sobald der Tracker eine Zone betritt und \/ oder verl\u00e4sst <\/span><\/li>\n<li><span class=\"a-list-item\"> \u00dcBERWACHUNG &amp; GESCHICHTE: In Bewegung \u00fcbertr\u00e4gt der GPS-Tracker seinen Standort mit einer einstellbaren Frequenz. Verfolgen Sie den Reiseverlauf \u00fcber die mobile App. <\/span><\/li>\n<li><span class=\"a-list-item\"> EINFACHE INSTALLATION: Laden Sie Ihren Tracker in 1 Stunde mit dem mitgelieferten Micro-USB-Kabel auf, koppeln Sie ihn mit Ihrem Smartphone und ziehen Sie ihn an die gew\u00fcnschte Stelle (z. B. Roller Kofferraum, Handschuhfach, Tasche). <\/span><\/li>\n<\/ul>\n","protected":false},"excerpt":{"rendered":"<p>ORTEN: Mit dem Invoxia GPS Tracker k\u00f6nnen Sie Ihre Wertsachen ohne Entfernungslimit von der Invoxia-App auf Ihrem Smartphone in Deutschland, Tschechische Republik, in den Niederlanden, und anderen L\u00e4ndern orten, die Sigfox Europa (RC1) abdeckt INKLUSIVE ABONNEMENT &amp; LANGE LEBENSDAUER: Der GPS Tracker ist einsatzbereit und verwendet verbrauchsarme Netzwerke, inklusive 3-Jahres-Abonnement! Autonomie: 1 bis 6 Monate [&hellip;]<\/p>\n","protected":false},"featured_media":3066,"comment_status":"open","ping_status":"closed","template":"","meta":[],"product_cat":[78,103,74,110,58,116,63,45,108,73,280,426,432,431,293,301,292,300,302,70,297,299,295,294,291,296,124,298,64],"product_tag":[752,753],"class_list":{"0":"post-3065","1":"product","2":"type-product","3":"status-publish","4":"has-post-thumbnail","6":"product_cat-weihnachtsgeschenke","7":"product_cat-studenten","8":"product_cat-bester-freund","9":"product_cat-freund","10":"product_cat-opa","11":"product_cat-frauen","12":"product_cat-mutter","13":"product_cat-freundin","14":"product_cat-maenner","15":"product_cat-beste-freundin","16":"product_cat-geburtstagsgeschenke","17":"product_cat-nach-preis","18":"product_cat-ueber-35-euro","19":"product_cat-unter-50-euro","20":"product_cat-geschenk-fuer-bruder","21":"product_cat-eltern","22":"product_cat-sohn","23":"product_cat--kollege","24":"product_cat--jungen","25":"product_cat-geschenke-fuer-jeden-anlass","26":"product_cat--maedchen","27":"product_cat--chef","28":"product_cat--tochter","29":"product_cat--schwester","30":"product_cat-nerds","31":"product_cat--schwiegermutter","32":"product_cat-jungesellenabschied","33":"product_cat--ehefrau","34":"product_cat-vater","35":"product_tag-aengstlich","36":"product_tag-gps-tracker","38":"first","39":"instock","40":"shipping-taxable","41":"product-type-external"},"_links":{"self":[{"href":"https:\/\/www.blogseite.com\/geschenke\/wp-json\/wp\/v2\/product\/3065"}],"collection":[{"href":"https:\/\/www.blogseite.com\/geschenke\/wp-json\/wp\/v2\/product"}],"about":[{"href":"https:\/\/www.blogseite.com\/geschenke\/wp-json\/wp\/v2\/types\/product"}],"replies":[{"embeddable":true,"href":"https:\/\/www.blogseite.com\/geschenke\/wp-json\/wp\/v2\/comments?post=3065"}],"wp:featuredmedia":[{"embeddable":true,"href":"https:\/\/www.blogseite.com\/geschenke\/wp-json\/wp\/v2\/media\/3066"}],"wp:attachment":[{"href":"https:\/\/www.blogseite.com\/geschenke\/wp-json\/wp\/v2\/media?parent=3065"}],"wp:term":[{"taxonomy":"product_cat","embeddable":true,"href":"https:\/\/www.blogseite.com\/geschenke\/wp-json\/wp\/v2\/product_cat?post=3065"},{"taxonomy":"product_tag","embeddable":true,"href":"https:\/\/www.blogseite.com\/geschenke\/wp-json\/wp\/v2\/product_tag?post=3065"}],"curies":[{"name":"wp","href":"https:\/\/api.w.org\/{rel}","templated":true}]}}