{"id":3010,"date":"2021-02-16T14:01:45","date_gmt":"2021-02-16T13:01:45","guid":{"rendered":"https:\/\/geschenke.blogseite.com\/?post_type=product&#038;p=3010"},"modified":"2022-04-03T16:20:26","modified_gmt":"2022-04-03T14:20:26","slug":"amexi-holz-sonnenbrillen-polarisierte-sonnenbrille","status":"publish","type":"product","link":"https:\/\/www.blogseite.com\/geschenke\/s\/amexi-holz-sonnenbrillen-polarisierte-sonnenbrille\/","title":{"rendered":"Amexi Holz Sonnenbrillen Polarisierte Sonnenbrille Kaufen"},"content":{"rendered":"<ul class=\"a-unordered-list a-vertical a-spacing-mini\">\n<li><span class=\"a-list-item\"> Brillenglas: 13.6 cm <\/span><\/li>\n<li><span class=\"a-list-item\"> Brillenglas: 53mm Millimeter <\/span><\/li>\n<li><span class=\"a-list-item\"> 100% nat\u00fcrliches Sandelholz polarized Sonnenbrille <\/span><\/li>\n<li><span class=\"a-list-item\"> Holz Sonnenbrillen Glasbreite:53mm, Glash\u00f6he:44mm, Stegbreite:20mm, B\u00fcgell\u00e4nge:136mm <\/span><\/li>\n<li><span class=\"a-list-item\"> EU-Normen, UV400-Schutz &#8211; Polarisiert &#8211; Gutes Preis-Leistungs-Verh\u00e4ltnis <\/span><\/li>\n<\/ul>\n","protected":false},"excerpt":{"rendered":"<p>Brillenglas: 13.6 cm Brillenglas: 53mm Millimeter 100% nat\u00fcrliches Sandelholz polarized Sonnenbrille Holz Sonnenbrillen Glasbreite:53mm, Glash\u00f6he:44mm, Stegbreite:20mm, B\u00fcgell\u00e4nge:136mm EU-Normen, UV400-Schutz &#8211; Polarisiert &#8211; Gutes Preis-Leistungs-Verh\u00e4ltnis<\/p>\n","protected":false},"featured_media":3011,"comment_status":"open","ping_status":"closed","template":"","meta":[],"product_cat":[78,746,103,110,116,63,53,45,73,280,55,426,430,431,70,299,295,294,296,298],"product_tag":[744,747],"class_list":{"0":"post-3010","1":"product","2":"type-product","3":"status-publish","4":"has-post-thumbnail","6":"product_cat-weihnachtsgeschenke","7":"product_cat--fit-fuer-den-fruehling","8":"product_cat-studenten","9":"product_cat-freund","10":"product_cat-frauen","11":"product_cat-mutter","12":"product_cat-muttertag","13":"product_cat-freundin","14":"product_cat-beste-freundin","15":"product_cat-geburtstagsgeschenke","16":"product_cat-valentinstag","17":"product_cat-nach-preis","18":"product_cat-unter-20-euro","19":"product_cat-unter-50-euro","20":"product_cat-geschenke-fuer-jeden-anlass","21":"product_cat--chef","22":"product_cat--tochter","23":"product_cat--schwester","24":"product_cat--schwiegermutter","25":"product_cat--ehefrau","26":"product_tag-sonnenbrille","27":"product_tag-sonnenbrille-herren","29":"first","30":"instock","31":"shipping-taxable","32":"product-type-external"},"_links":{"self":[{"href":"https:\/\/www.blogseite.com\/geschenke\/wp-json\/wp\/v2\/product\/3010"}],"collection":[{"href":"https:\/\/www.blogseite.com\/geschenke\/wp-json\/wp\/v2\/product"}],"about":[{"href":"https:\/\/www.blogseite.com\/geschenke\/wp-json\/wp\/v2\/types\/product"}],"replies":[{"embeddable":true,"href":"https:\/\/www.blogseite.com\/geschenke\/wp-json\/wp\/v2\/comments?post=3010"}],"wp:featuredmedia":[{"embeddable":true,"href":"https:\/\/www.blogseite.com\/geschenke\/wp-json\/wp\/v2\/media\/3011"}],"wp:attachment":[{"href":"https:\/\/www.blogseite.com\/geschenke\/wp-json\/wp\/v2\/media?parent=3010"}],"wp:term":[{"taxonomy":"product_cat","embeddable":true,"href":"https:\/\/www.blogseite.com\/geschenke\/wp-json\/wp\/v2\/product_cat?post=3010"},{"taxonomy":"product_tag","embeddable":true,"href":"https:\/\/www.blogseite.com\/geschenke\/wp-json\/wp\/v2\/product_tag?post=3010"}],"curies":[{"name":"wp","href":"https:\/\/api.w.org\/{rel}","templated":true}]}}