{"id":3002,"date":"2021-02-16T12:14:14","date_gmt":"2021-02-16T11:14:14","guid":{"rendered":"https:\/\/geschenke.blogseite.com\/?post_type=product&#038;p=3002"},"modified":"2022-04-03T16:21:25","modified_gmt":"2022-04-03T14:21:25","slug":"carfia-polarisierte-herren-sonnenbrille-metallrahmen-kaufen-%f0%9f%a4%a9","status":"publish","type":"product","link":"https:\/\/www.blogseite.com\/geschenke\/s\/carfia-polarisierte-herren-sonnenbrille-metallrahmen-kaufen-%f0%9f%a4%a9\/","title":{"rendered":"Carfia Polarisierte Herren Sonnenbrille Kaufen \ud83e\udd29"},"content":{"rendered":"<ul class=\"a-unordered-list a-vertical a-spacing-mini\">\n<li><span class=\"a-list-item\"> Diese Carfia Sonnenbrillen f\u00fcr Herren sind speziell entworfen f\u00fcr Fahrer. Gleichzeitig sind sie auch perfekt f\u00fcr Outdoor Sport, Angeln, Golf usw. <\/span><\/li>\n<li><span class=\"a-list-item\"> Die TAC Polarisierte Linsen mit 100% UV400 Schutzbeschichtung sch\u00fctzen Ihre Augen vor Belichtung von UVA und UVB Strahlung und absorbiert blendende Lichtstrahlen, die von glatten oder nassen Oberfl\u00e4chen wie zum Beispiel Stra\u00dfen, Gew\u00e4sser, Schnee reflektiert werden. <\/span><\/li>\n<li><span class=\"a-list-item\"> Metall <\/span><\/li>\n<li><span class=\"a-list-item\"> Modellnummer: CA5225 <\/span><\/li>\n<li><span class=\"a-list-item\"> Super leicht Metallrahmen aus Legierung von Aluminium-Magnesium erreichen die geeignete Festigkeit und Stabilit\u00e4t; Weiche und rutschfeste Silikon-Nasenpads bieten optimalen Komfort von Tragen an; Flexible B\u00fcgel mit 15 Grad Inklination passen sich automatisch jeder Kopfbreite an, ohne zu starken Druck auszu\u00fcben. <\/span><\/li>\n<li><span class=\"a-list-item\"> Mit modischem und coolem Design sind diese Carfia Sonnenbrille geeignet f\u00fcr Damen und Herren bei Reisen, Autofahren, Fischen, Golf, Wandern oder andere Outdoor-Aktivit\u00e4ten. <\/span><\/li>\n<li><span class=\"a-list-item\"> Lieferumfang: 1x Carfia Sonnenbrille; 1x tragbare Innenetui; 1x Putztuch&#8211; Gl\u00e4serbreite:58mm; Gl\u00e4serh\u00f6he:45mm; Steg:16mm; B\u00fcgell\u00e4nge: 145mm <\/span><\/li>\n<li><\/li>\n<\/ul>\n","protected":false},"excerpt":{"rendered":"<p>Diese Carfia Sonnenbrillen f\u00fcr Herren sind speziell entworfen f\u00fcr Fahrer. Gleichzeitig sind sie auch perfekt f\u00fcr Outdoor Sport, Angeln, Golf usw. Die TAC Polarisierte Linsen mit 100% UV400 Schutzbeschichtung sch\u00fctzen Ihre Augen vor Belichtung von UVA und UVB Strahlung und absorbiert blendende Lichtstrahlen, die von glatten oder nassen Oberfl\u00e4chen wie zum Beispiel Stra\u00dfen, Gew\u00e4sser, Schnee [&hellip;]<\/p>\n","protected":false},"featured_media":3003,"comment_status":"open","ping_status":"closed","template":"","meta":[],"product_cat":[78,746,103,74,110,54,108,280,426,431,293,292,300,302,70,299,291],"product_tag":[744,747],"class_list":{"0":"post-3002","1":"product","2":"type-product","3":"status-publish","4":"has-post-thumbnail","6":"product_cat-weihnachtsgeschenke","7":"product_cat--fit-fuer-den-fruehling","8":"product_cat-studenten","9":"product_cat-bester-freund","10":"product_cat-freund","11":"product_cat-vatertag","12":"product_cat-maenner","13":"product_cat-geburtstagsgeschenke","14":"product_cat-nach-preis","15":"product_cat-unter-50-euro","16":"product_cat-geschenk-fuer-bruder","17":"product_cat-sohn","18":"product_cat--kollege","19":"product_cat--jungen","20":"product_cat-geschenke-fuer-jeden-anlass","21":"product_cat--chef","22":"product_cat-nerds","23":"product_tag-sonnenbrille","24":"product_tag-sonnenbrille-herren","26":"first","27":"instock","28":"shipping-taxable","29":"product-type-external"},"_links":{"self":[{"href":"https:\/\/www.blogseite.com\/geschenke\/wp-json\/wp\/v2\/product\/3002"}],"collection":[{"href":"https:\/\/www.blogseite.com\/geschenke\/wp-json\/wp\/v2\/product"}],"about":[{"href":"https:\/\/www.blogseite.com\/geschenke\/wp-json\/wp\/v2\/types\/product"}],"replies":[{"embeddable":true,"href":"https:\/\/www.blogseite.com\/geschenke\/wp-json\/wp\/v2\/comments?post=3002"}],"wp:featuredmedia":[{"embeddable":true,"href":"https:\/\/www.blogseite.com\/geschenke\/wp-json\/wp\/v2\/media\/3003"}],"wp:attachment":[{"href":"https:\/\/www.blogseite.com\/geschenke\/wp-json\/wp\/v2\/media?parent=3002"}],"wp:term":[{"taxonomy":"product_cat","embeddable":true,"href":"https:\/\/www.blogseite.com\/geschenke\/wp-json\/wp\/v2\/product_cat?post=3002"},{"taxonomy":"product_tag","embeddable":true,"href":"https:\/\/www.blogseite.com\/geschenke\/wp-json\/wp\/v2\/product_tag?post=3002"}],"curies":[{"name":"wp","href":"https:\/\/api.w.org\/{rel}","templated":true}]}}