{"id":2998,"date":"2021-02-16T12:02:00","date_gmt":"2021-02-16T11:02:00","guid":{"rendered":"https:\/\/geschenke.blogseite.com\/?post_type=product&#038;p=2998"},"modified":"2022-04-03T16:22:03","modified_gmt":"2022-04-03T14:22:03","slug":"attcl-herren-polarisierte-fahren-sonnenbrille-kaufen-%f0%9f%98%8e","status":"publish","type":"product","link":"https:\/\/www.blogseite.com\/geschenke\/s\/attcl-herren-polarisierte-fahren-sonnenbrille-kaufen-%f0%9f%98%8e\/","title":{"rendered":"ATTCL Herren Polarisierte Fahren Sonnenbrille Kaufen \ud83d\ude0e"},"content":{"rendered":"<ul class=\"a-unordered-list a-vertical a-spacing-mini\">\n<li><span class=\"a-list-item\"> HINWEIS: Bitte w\u00e4hlen Sie den offiziellen Verk\u00e4ufer ATTCL, wenn Sie andere Verk\u00e4ufer w\u00e4hlen werden wahrscheinlich nicht die Sonnenbrille erhalten, oder erhalten eine schlechte Sonnenbrille mit verschiedenen Beschreibungen <\/span><\/li>\n<li><span class=\"a-list-item\"> Al-Mg Ultra Light Driving Polarisierte Sonnenbrille f\u00fcr M\u00e4nner, Benutzer f\u00fcr den Alltag, Party, Fahren Sonnenbrillen und alle aktiven Outdoor-Lebensstile! <\/span><\/li>\n<li><span class=\"a-list-item\"> Metall <\/span><\/li>\n<li><span class=\"a-list-item\"> Rectangular <\/span><\/li>\n<li><span class=\"a-list-item\"> Pflegehinweis: keep away from fire and flames <\/span><\/li>\n<li><span class=\"a-list-item\"> Modellnummer: ATTCL-M <\/span><\/li>\n<li><span class=\"a-list-item\"> POLARISIERTE LINSE &#8211; 100% UV400 Schutzbeschichtung, blockiert 100% sch\u00e4dliche UVA- und UVB-Strahlen. Polarisierte Sonnenbrillen reduzieren Blendung, die von Stra\u00dfen, Gew\u00e4ssern, Schnee und anderen horizontalen Oberfl\u00e4chen reflektiert wird. Stellen Sie echte Farbe wieder her, beseitigen Sie reflektiertes Licht und Streulicht und sch\u00fctzen Sie die Augen perfekt. Polarisierte Sonnenbrillen schneiden Blendung und Dunst, so dass Ihre Augen komfortabler sind und Sie besser sehen k\u00f6nnen. <\/span><\/li>\n<li><span class=\"a-list-item\"> 30-Tage-Geld-zur\u00fcck-Garantie &#8211; Alle ATTCL-Kunden genie\u00dfen 30 Tage Geld-Zur\u00fcck-Garantie. Kunden k\u00f6nnen zur\u00fcckkommen und erhalten zur\u00fcckerstattet, wenn der Kauf aus irgendeinem Grund nicht zufriedenstellend ist. Sie haben kein Risiko zu versuchen und wir bieten Ihnen den besten Service! <\/span><\/li>\n<\/ul>\n","protected":false},"excerpt":{"rendered":"<p>HINWEIS: Bitte w\u00e4hlen Sie den offiziellen Verk\u00e4ufer ATTCL, wenn Sie andere Verk\u00e4ufer w\u00e4hlen werden wahrscheinlich nicht die Sonnenbrille erhalten, oder erhalten eine schlechte Sonnenbrille mit verschiedenen Beschreibungen Al-Mg Ultra Light Driving Polarisierte Sonnenbrille f\u00fcr M\u00e4nner, Benutzer f\u00fcr den Alltag, Party, Fahren Sonnenbrillen und alle aktiven Outdoor-Lebensstile! Metall Rectangular Pflegehinweis: keep away from fire and flames [&hellip;]<\/p>\n","protected":false},"featured_media":2999,"comment_status":"open","ping_status":"closed","template":"","meta":[],"product_cat":[78,746,103,74,110,54,108,280,426,430,431,293,292,300,302,70,299,291],"product_tag":[744,747],"class_list":{"0":"post-2998","1":"product","2":"type-product","3":"status-publish","4":"has-post-thumbnail","6":"product_cat-weihnachtsgeschenke","7":"product_cat--fit-fuer-den-fruehling","8":"product_cat-studenten","9":"product_cat-bester-freund","10":"product_cat-freund","11":"product_cat-vatertag","12":"product_cat-maenner","13":"product_cat-geburtstagsgeschenke","14":"product_cat-nach-preis","15":"product_cat-unter-20-euro","16":"product_cat-unter-50-euro","17":"product_cat-geschenk-fuer-bruder","18":"product_cat-sohn","19":"product_cat--kollege","20":"product_cat--jungen","21":"product_cat-geschenke-fuer-jeden-anlass","22":"product_cat--chef","23":"product_cat-nerds","24":"product_tag-sonnenbrille","25":"product_tag-sonnenbrille-herren","27":"first","28":"instock","29":"shipping-taxable","30":"product-type-external"},"_links":{"self":[{"href":"https:\/\/www.blogseite.com\/geschenke\/wp-json\/wp\/v2\/product\/2998"}],"collection":[{"href":"https:\/\/www.blogseite.com\/geschenke\/wp-json\/wp\/v2\/product"}],"about":[{"href":"https:\/\/www.blogseite.com\/geschenke\/wp-json\/wp\/v2\/types\/product"}],"replies":[{"embeddable":true,"href":"https:\/\/www.blogseite.com\/geschenke\/wp-json\/wp\/v2\/comments?post=2998"}],"wp:featuredmedia":[{"embeddable":true,"href":"https:\/\/www.blogseite.com\/geschenke\/wp-json\/wp\/v2\/media\/2999"}],"wp:attachment":[{"href":"https:\/\/www.blogseite.com\/geschenke\/wp-json\/wp\/v2\/media?parent=2998"}],"wp:term":[{"taxonomy":"product_cat","embeddable":true,"href":"https:\/\/www.blogseite.com\/geschenke\/wp-json\/wp\/v2\/product_cat?post=2998"},{"taxonomy":"product_tag","embeddable":true,"href":"https:\/\/www.blogseite.com\/geschenke\/wp-json\/wp\/v2\/product_tag?post=2998"}],"curies":[{"name":"wp","href":"https:\/\/api.w.org\/{rel}","templated":true}]}}