{"id":2994,"date":"2021-02-16T11:40:13","date_gmt":"2021-02-16T10:40:13","guid":{"rendered":"https:\/\/geschenke.blogseite.com\/?post_type=product&#038;p=2994"},"modified":"2022-04-03T16:27:35","modified_gmt":"2022-04-03T14:27:35","slug":"kegelspiel-fuer-kinder-bowling-ball-set-kaufen-%f0%9f%a4%a9","status":"publish","type":"product","link":"https:\/\/www.blogseite.com\/geschenke\/s\/kegelspiel-fuer-kinder-bowling-ball-set-kaufen-%f0%9f%a4%a9\/","title":{"rendered":"Kegelspiel f\u00fcr Kinder Bowling Ball Set Kaufen \ud83e\udd29"},"content":{"rendered":"<ul class=\"a-unordered-list a-vertical a-spacing-mini\">\n<li><span class=\"a-list-item\"> Dieses kegelspiel enth\u00e4lt 10 Kegel (nummeriert von 1 bis 10) und 2 Kugeln in einer Aufbewahrungstasche. <\/span><\/li>\n<li><span class=\"a-list-item\"> Gr\u00f6\u00dfe:Kegel=19 cm Hoch , 6,5 cm Dick. Kugel Durchmesser Ca.10 cm. <\/span><\/li>\n<li><span class=\"a-list-item\"> Die Pins, ebenso die beiden Kugeln sind aus sehr strapazierf\u00e4higem Schaumstoff gefertigt.Sie halten einiges aus und machen \u00fcberhaupt keinen Krach wenn sie umfallen. <\/span><\/li>\n<li><span class=\"a-list-item\"> Verpackt in einer wiederverwendbaren Netztasche, einfach f\u00fcr die Aufbewahrung von Spielzeug im Haus oder zum Garten und Strand. <\/span><\/li>\n<li><span class=\"a-list-item\"> Dieses Spiel ist einfach und gesellig und es erm\u00f6glicht den kleinen Spielern das \u00dcben des Z\u00e4hlens und Kenne Tiere. <\/span><\/li>\n<\/ul>\n","protected":false},"excerpt":{"rendered":"<p>Dieses kegelspiel enth\u00e4lt 10 Kegel (nummeriert von 1 bis 10) und 2 Kugeln in einer Aufbewahrungstasche. Gr\u00f6\u00dfe:Kegel=19 cm Hoch , 6,5 cm Dick. Kugel Durchmesser Ca.10 cm. Die Pins, ebenso die beiden Kugeln sind aus sehr strapazierf\u00e4higem Schaumstoff gefertigt.Sie halten einiges aus und machen \u00fcberhaupt keinen Krach wenn sie umfallen. Verpackt in einer wiederverwendbaren Netztasche, [&hellip;]<\/p>\n","protected":false},"featured_media":2995,"comment_status":"open","ping_status":"closed","template":"","meta":[],"product_cat":[280,426,430,431,292,302,70,297,295,294],"product_tag":[466,94,743],"class_list":{"0":"post-2994","1":"product","2":"type-product","3":"status-publish","4":"has-post-thumbnail","6":"product_cat-geburtstagsgeschenke","7":"product_cat-nach-preis","8":"product_cat-unter-20-euro","9":"product_cat-unter-50-euro","10":"product_cat-sohn","11":"product_cat--jungen","12":"product_cat-geschenke-fuer-jeden-anlass","13":"product_cat--maedchen","14":"product_cat--tochter","15":"product_cat--schwester","16":"product_tag-brettspiel","17":"product_tag-geschenk-fuer-kinder","18":"product_tag-lernspiel","20":"first","21":"instock","22":"shipping-taxable","23":"product-type-external"},"_links":{"self":[{"href":"https:\/\/www.blogseite.com\/geschenke\/wp-json\/wp\/v2\/product\/2994"}],"collection":[{"href":"https:\/\/www.blogseite.com\/geschenke\/wp-json\/wp\/v2\/product"}],"about":[{"href":"https:\/\/www.blogseite.com\/geschenke\/wp-json\/wp\/v2\/types\/product"}],"replies":[{"embeddable":true,"href":"https:\/\/www.blogseite.com\/geschenke\/wp-json\/wp\/v2\/comments?post=2994"}],"wp:featuredmedia":[{"embeddable":true,"href":"https:\/\/www.blogseite.com\/geschenke\/wp-json\/wp\/v2\/media\/2995"}],"wp:attachment":[{"href":"https:\/\/www.blogseite.com\/geschenke\/wp-json\/wp\/v2\/media?parent=2994"}],"wp:term":[{"taxonomy":"product_cat","embeddable":true,"href":"https:\/\/www.blogseite.com\/geschenke\/wp-json\/wp\/v2\/product_cat?post=2994"},{"taxonomy":"product_tag","embeddable":true,"href":"https:\/\/www.blogseite.com\/geschenke\/wp-json\/wp\/v2\/product_tag?post=2994"}],"curies":[{"name":"wp","href":"https:\/\/api.w.org\/{rel}","templated":true}]}}