{"id":298,"date":"2020-11-19T14:32:23","date_gmt":"2020-11-19T13:32:23","guid":{"rendered":"https:\/\/geschenke.blogseite.com\/?post_type=product&#038;p=298"},"modified":"2022-04-18T12:49:57","modified_gmt":"2022-04-18T10:49:57","slug":"vecry-herren-slouch-hollow-muetze-thin-sommer-cap-strickmuetzen-beanie-skullcap","status":"publish","type":"product","link":"https:\/\/www.blogseite.com\/geschenke\/s\/vecry-herren-slouch-hollow-muetze-thin-sommer-cap-strickmuetzen-beanie-skullcap\/","title":{"rendered":"VECRY Herren Slouch Hollow M\u00fctze Thin Sommer Cap Strickm\u00fctzen Beanie Skullcap"},"content":{"rendered":"<ul class=\"a-unordered-list a-vertical a-spacing-mini\">\n<li><span class=\"a-list-item\">GR\u00d6SSE: Eine Gr\u00f6\u00dfe passt am meisten. Fit Gr\u00f6\u00dfe: (21,3 Zoll ~ 22,8 Zoll) Kopfumfang und kombiniert viel Stretch mit einem gem\u00fctlichen. Flache Gr\u00f6\u00dfe: L\u00e4nge: 11 Zoll, Breite: 9,8 Zoll. Rechnung: 2,4 Zoll<\/span><\/li>\n<li><span class=\"a-list-item\">MATERIAL: Hochwertiges Premium-Material Material Acryl &amp; Polyester, weiches und warmes Fleece gef\u00fcttert. Komfort, warm, aber atmungsaktiv. Ausgezeichnete Elastizit\u00e4t wird f\u00fcr die meisten Kopfgr\u00f6\u00dfen passen.<\/span><\/li>\n<li><span class=\"a-list-item\">Verschluss: Pull On<\/span><\/li>\n<li><span class=\"a-list-item\">Acryl &amp; Polyester (Sehr weiches und d\u00fcnnes k\u00fchles hochwertiges Premium-Stoffmaterial)<\/span><\/li>\n<li><span class=\"a-list-item\">Beanie<\/span><\/li>\n<li><span class=\"a-list-item\">Pflegehinweis: Nur Handw\u00e4sche<\/span><\/li>\n<li><span class=\"a-list-item\">KLASSISCHES DESIGN: Dick und w\u00e4rmer, weiches Innenfutter. Retro und klassisch zeitlos f\u00fcr M\u00e4nner und Frauen, Daily halten Kopf und Ohren im Winter warm.<\/span><\/li>\n<\/ul>\n","protected":false},"excerpt":{"rendered":"<p>GR\u00d6SSE: Eine Gr\u00f6\u00dfe passt am meisten. Fit Gr\u00f6\u00dfe: (21,3 Zoll ~ 22,8 Zoll) Kopfumfang und kombiniert viel Stretch mit einem gem\u00fctlichen. Flache Gr\u00f6\u00dfe: L\u00e4nge: 11 Zoll, Breite: 9,8 Zoll. Rechnung: 2,4 Zoll MATERIAL: Hochwertiges Premium-Material Material Acryl &amp; Polyester, weiches und warmes Fleece gef\u00fcttert. Komfort, warm, aber atmungsaktiv. Ausgezeichnete Elastizit\u00e4t wird f\u00fcr die meisten Kopfgr\u00f6\u00dfen [&hellip;]<\/p>\n","protected":false},"featured_media":299,"comment_status":"open","ping_status":"closed","template":"","meta":[],"product_cat":[44,426,430,431],"product_tag":[692,175,176,174,484,95],"class_list":{"0":"post-298","1":"product","2":"type-product","3":"status-publish","4":"has-post-thumbnail","6":"product_cat-unkategorisiert","7":"product_cat-nach-preis","8":"product_cat-unter-20-euro","9":"product_cat-unter-50-euro","10":"product_tag-frauen-mtze","11":"product_tag-geschenk-freund","12":"product_tag-geschenk-vater","13":"product_tag-geschenk-winter","14":"product_tag-maenner-muetze","15":"product_tag-weihnachtsgeschenk","17":"first","18":"instock","19":"shipping-taxable","20":"product-type-external"},"_links":{"self":[{"href":"https:\/\/www.blogseite.com\/geschenke\/wp-json\/wp\/v2\/product\/298"}],"collection":[{"href":"https:\/\/www.blogseite.com\/geschenke\/wp-json\/wp\/v2\/product"}],"about":[{"href":"https:\/\/www.blogseite.com\/geschenke\/wp-json\/wp\/v2\/types\/product"}],"replies":[{"embeddable":true,"href":"https:\/\/www.blogseite.com\/geschenke\/wp-json\/wp\/v2\/comments?post=298"}],"wp:featuredmedia":[{"embeddable":true,"href":"https:\/\/www.blogseite.com\/geschenke\/wp-json\/wp\/v2\/media\/299"}],"wp:attachment":[{"href":"https:\/\/www.blogseite.com\/geschenke\/wp-json\/wp\/v2\/media?parent=298"}],"wp:term":[{"taxonomy":"product_cat","embeddable":true,"href":"https:\/\/www.blogseite.com\/geschenke\/wp-json\/wp\/v2\/product_cat?post=298"},{"taxonomy":"product_tag","embeddable":true,"href":"https:\/\/www.blogseite.com\/geschenke\/wp-json\/wp\/v2\/product_tag?post=298"}],"curies":[{"name":"wp","href":"https:\/\/api.w.org\/{rel}","templated":true}]}}