{"id":2970,"date":"2021-02-11T13:49:30","date_gmt":"2021-02-11T12:49:30","guid":{"rendered":"https:\/\/geschenke.blogseite.com\/?post_type=product&#038;p=2970"},"modified":"2022-04-03T16:29:50","modified_gmt":"2022-04-03T14:29:50","slug":"ringlicht-mit-2-stativ-12-zoll-30-5cm-kaufen","status":"publish","type":"product","link":"https:\/\/www.blogseite.com\/geschenke\/s\/ringlicht-mit-2-stativ-12-zoll-30-5cm-kaufen\/","title":{"rendered":"Ringlicht mit 2 Stativ, 12 Zoll\/30.5CM  Kaufen \ud83d\ude0d"},"content":{"rendered":"<ul>\n<li><span class=\"a-list-item\"> Au\u00dfen- \/ Innendurchmesser &#8211; 31CM\/ 25CM, 184 fortschrittliche LED-Lampenperlen, 3200K-5600K Farbtemperatur, UV-frei, flimmerfrei, keine Geisterbilder, keine Blendung, langlebig und sicher f\u00fcr Ihre Haut . <\/span><\/li>\n<li><span class=\"a-list-item\"> das ringleuchte mit 3 farblichtart ausgelegt: Wei\u00df, warmem Wei\u00df und warmem Gelb, und jeder Modus hat 10 Helligkeit einstellbar, mit einem breiten Bereich von 1% bis 100% Dimmbereich, genug um Ihren unterschiedlichen Bed\u00fcrfnissen gerecht zu werden. <\/span><\/li>\n<li><span class=\"a-list-item\"> Anwendbar auf fast alle Smartphones, entworfen mit flexiblem Schlauch und 360 \u00b0 drehbar frei Kugelkopf, in der Lage zu leicht den Winkel Ihres Handy und das LED-Ringlicht anpassen, k\u00f6nnen Sie nicht nur erhalten Ein besserer Blickwinkel f\u00fcr die Pr\u00e4sentation auf Ihrem Telefon, aber auch der beste Blickwinkel f\u00fcr zus\u00e4tzliches Licht, perfekt zum Schminken, Fotografieren, Videos machen, B\u00fccher lesen und Live &#8211; Streaming usw. <\/span><\/li>\n<li><span class=\"a-list-item\"> Der handy stativ ist zusammenklappbar, mini und tragbar. Im zusammengeklappten Zustand ist er nur 15,4 Zoll\/39CM lang und kann vollst\u00e4ndig auf bis zu 59 Zoll\/150CM gedehnt werden. Mit mini desktop stand, kann als desktop lampe und make-up led licht. <\/span><\/li>\n<li><span class=\"a-list-item\"> 5V Eingangsspannung, geringer Stromverbrauch, sicher und zuverl\u00e4ssig, Stromversorgung \u00fcber USB-Ger\u00e4t, wie zum Beispiel Computer, Laptops, mobile Stromversorgung, Handy-Ladeger\u00e4te, kann die Stromquelle f\u00fcr das Live-Streaming-Licht, lassen Sie sich nicht darum k\u00fcmmern, Netzteile. <\/span><\/li>\n<\/ul>\n","protected":false},"excerpt":{"rendered":"<p>Au\u00dfen- \/ Innendurchmesser &#8211; 31CM\/ 25CM, 184 fortschrittliche LED-Lampenperlen, 3200K-5600K Farbtemperatur, UV-frei, flimmerfrei, keine Geisterbilder, keine Blendung, langlebig und sicher f\u00fcr Ihre Haut . das ringleuchte mit 3 farblichtart ausgelegt: Wei\u00df, warmem Wei\u00df und warmem Gelb, und jeder Modus hat 10 Helligkeit einstellbar, mit einem breiten Bereich von 1% bis 100% Dimmbereich, genug um Ihren [&hellip;]<\/p>\n","protected":false},"featured_media":2971,"comment_status":"open","ping_status":"closed","template":"","meta":[],"product_cat":[103,74,110,54,116,63,53,56,45,108,73,280,55,426,432,433,431,293,292,70,297,295,294,291,64],"product_tag":[739],"class_list":{"0":"post-2970","1":"product","2":"type-product","3":"status-publish","4":"has-post-thumbnail","6":"product_cat-studenten","7":"product_cat-bester-freund","8":"product_cat-freund","9":"product_cat-vatertag","10":"product_cat-frauen","11":"product_cat-mutter","12":"product_cat-muttertag","13":"product_cat-hochzeit","14":"product_cat-freundin","15":"product_cat-maenner","16":"product_cat-beste-freundin","17":"product_cat-geburtstagsgeschenke","18":"product_cat-valentinstag","19":"product_cat-nach-preis","20":"product_cat-ueber-35-euro","21":"product_cat-ueber-40-euro","22":"product_cat-unter-50-euro","23":"product_cat-geschenk-fuer-bruder","24":"product_cat-sohn","25":"product_cat-geschenke-fuer-jeden-anlass","26":"product_cat--maedchen","27":"product_cat--tochter","28":"product_cat--schwester","29":"product_cat-nerds","30":"product_cat-vater","31":"product_tag-ringlicht","33":"first","34":"instock","35":"shipping-taxable","36":"product-type-external"},"_links":{"self":[{"href":"https:\/\/www.blogseite.com\/geschenke\/wp-json\/wp\/v2\/product\/2970"}],"collection":[{"href":"https:\/\/www.blogseite.com\/geschenke\/wp-json\/wp\/v2\/product"}],"about":[{"href":"https:\/\/www.blogseite.com\/geschenke\/wp-json\/wp\/v2\/types\/product"}],"replies":[{"embeddable":true,"href":"https:\/\/www.blogseite.com\/geschenke\/wp-json\/wp\/v2\/comments?post=2970"}],"wp:featuredmedia":[{"embeddable":true,"href":"https:\/\/www.blogseite.com\/geschenke\/wp-json\/wp\/v2\/media\/2971"}],"wp:attachment":[{"href":"https:\/\/www.blogseite.com\/geschenke\/wp-json\/wp\/v2\/media?parent=2970"}],"wp:term":[{"taxonomy":"product_cat","embeddable":true,"href":"https:\/\/www.blogseite.com\/geschenke\/wp-json\/wp\/v2\/product_cat?post=2970"},{"taxonomy":"product_tag","embeddable":true,"href":"https:\/\/www.blogseite.com\/geschenke\/wp-json\/wp\/v2\/product_tag?post=2970"}],"curies":[{"name":"wp","href":"https:\/\/api.w.org\/{rel}","templated":true}]}}