{"id":2968,"date":"2021-02-11T13:36:11","date_gmt":"2021-02-11T12:36:11","guid":{"rendered":"https:\/\/geschenke.blogseite.com\/?post_type=product&#038;p=2968"},"modified":"2022-04-03T16:30:09","modified_gmt":"2022-04-03T14:30:09","slug":"254-cm-rgb-selfie-ringlicht-kaufen","status":"publish","type":"product","link":"https:\/\/www.blogseite.com\/geschenke\/s\/254-cm-rgb-selfie-ringlicht-kaufen\/","title":{"rendered":"25,4 cm RGB Selfie-Ringlicht Kaufen"},"content":{"rendered":"<ul>\n<li><span class=\"a-list-item\"> warmes Licht (3200 K), nat\u00fcrliches Licht (4500 K), kaltwei\u00df (6500 K), rot, gr\u00fcn, blau, lila, gelb, hellblau, atmend und blinkend, jeder Modus hat 6 Helligkeitsstufen, insgesamt 66 Optionen mit 1%-100% Dimmbereich. Erf\u00fcllt alle Ihre Bed\u00fcrfnisse unter verschiedenen Umst\u00e4nden <\/span><\/li>\n<li><span class=\"a-list-item\"> Funktioniert mit den meisten Ger\u00e4ten, die USB-Anschluss unterst\u00fctzen, wie Laptop, Powerbank, USB-Ladeger\u00e4t, AC-Adapter usw. Kabellose Fernbedienung, die bequem f\u00fcr Sie ist, Fotos oder Selfies mit Ihren Freunden oder Ihrer Familie zu machen, es ist kompatibel mit Android- und iOS-Systemen <\/span><\/li>\n<li><span class=\"a-list-item\"> Der Stativst\u00e4nder ist aus hochwertiger Aluminiumlegierung, stabil genug, ohne Risiko des Umkippens. Ausziehbar von 43,2 cm auf 139,7 cm. Es kann als Handy-Stativ f\u00fcr Selfies oder Videos verwendet werden <\/span><\/li>\n<li><span class=\"a-list-item\"> 2-in-1-Design kombiniert Telefonhalter und Selfie-Ringlicht zusammen, es ist ein professionelles Werkzeug f\u00fcr die Erstellung von Live-Videos\/Aufnahmen mit Smartphone oder Computer, Make-up oder gro\u00dfartige Selfie-Bilder in dunklen Bereichen sind beide gro\u00dfartig mit diesem Ringlicht. Wunderbares Video-Rig f\u00fcr Facebook, YouTube, Twitter, Snap-Chat, FaceTime, Live, Live, Ly, Twitch, etc <\/span><\/li>\n<li><span class=\"a-list-item\"> 360\u00b0 drehbare Handyhalter-Breite reicht bis zu 9,4 cm, kompatibel mit den meisten Smartphones, wie iPhone 11, 11Pro, X, Xs, Xs Max, 8 Plus, 8, 7, 7 Plus, 6, 6S, 6S Plus 5, 5S, 4, 4S, Samsung Note 8, S8\/LG, HTC, etc <\/span><\/li>\n<\/ul>\n","protected":false},"excerpt":{"rendered":"<p>warmes Licht (3200 K), nat\u00fcrliches Licht (4500 K), kaltwei\u00df (6500 K), rot, gr\u00fcn, blau, lila, gelb, hellblau, atmend und blinkend, jeder Modus hat 6 Helligkeitsstufen, insgesamt 66 Optionen mit 1%-100% Dimmbereich. Erf\u00fcllt alle Ihre Bed\u00fcrfnisse unter verschiedenen Umst\u00e4nden Funktioniert mit den meisten Ger\u00e4ten, die USB-Anschluss unterst\u00fctzen, wie Laptop, Powerbank, USB-Ladeger\u00e4t, AC-Adapter usw. Kabellose Fernbedienung, die [&hellip;]<\/p>\n","protected":false},"featured_media":2969,"comment_status":"open","ping_status":"closed","template":"","meta":[],"product_cat":[103,74,110,54,116,63,53,56,45,108,73,280,55,426,432,433,293,292,70,297,295,294,291,64],"product_tag":[739],"class_list":{"0":"post-2968","1":"product","2":"type-product","3":"status-publish","4":"has-post-thumbnail","6":"product_cat-studenten","7":"product_cat-bester-freund","8":"product_cat-freund","9":"product_cat-vatertag","10":"product_cat-frauen","11":"product_cat-mutter","12":"product_cat-muttertag","13":"product_cat-hochzeit","14":"product_cat-freundin","15":"product_cat-maenner","16":"product_cat-beste-freundin","17":"product_cat-geburtstagsgeschenke","18":"product_cat-valentinstag","19":"product_cat-nach-preis","20":"product_cat-ueber-35-euro","21":"product_cat-ueber-40-euro","22":"product_cat-geschenk-fuer-bruder","23":"product_cat-sohn","24":"product_cat-geschenke-fuer-jeden-anlass","25":"product_cat--maedchen","26":"product_cat--tochter","27":"product_cat--schwester","28":"product_cat-nerds","29":"product_cat-vater","30":"product_tag-ringlicht","32":"first","33":"instock","34":"shipping-taxable","35":"product-type-external"},"_links":{"self":[{"href":"https:\/\/www.blogseite.com\/geschenke\/wp-json\/wp\/v2\/product\/2968"}],"collection":[{"href":"https:\/\/www.blogseite.com\/geschenke\/wp-json\/wp\/v2\/product"}],"about":[{"href":"https:\/\/www.blogseite.com\/geschenke\/wp-json\/wp\/v2\/types\/product"}],"replies":[{"embeddable":true,"href":"https:\/\/www.blogseite.com\/geschenke\/wp-json\/wp\/v2\/comments?post=2968"}],"wp:featuredmedia":[{"embeddable":true,"href":"https:\/\/www.blogseite.com\/geschenke\/wp-json\/wp\/v2\/media\/2969"}],"wp:attachment":[{"href":"https:\/\/www.blogseite.com\/geschenke\/wp-json\/wp\/v2\/media?parent=2968"}],"wp:term":[{"taxonomy":"product_cat","embeddable":true,"href":"https:\/\/www.blogseite.com\/geschenke\/wp-json\/wp\/v2\/product_cat?post=2968"},{"taxonomy":"product_tag","embeddable":true,"href":"https:\/\/www.blogseite.com\/geschenke\/wp-json\/wp\/v2\/product_tag?post=2968"}],"curies":[{"name":"wp","href":"https:\/\/api.w.org\/{rel}","templated":true}]}}