{"id":2958,"date":"2021-02-11T11:30:38","date_gmt":"2021-02-11T10:30:38","guid":{"rendered":"https:\/\/geschenke.blogseite.com\/?post_type=product&#038;p=2958"},"modified":"2022-04-03T16:31:47","modified_gmt":"2022-04-03T14:31:47","slug":"ringlicht-mit-stativ-12-zoll-kaufen","status":"publish","type":"product","link":"https:\/\/www.blogseite.com\/geschenke\/s\/ringlicht-mit-stativ-12-zoll-kaufen\/","title":{"rendered":"Ringlicht mit Stativ 12 Zoll Kaufen"},"content":{"rendered":"<ul>\n<li><span class=\"a-list-item\"> 12 Zoll \/ 30.2 Zentimeter Ringleuchte Mit Fernbedienung &amp; Touch-Schalter: Durch die Fernbedienung K\u00f6nnen Sie die Helligkeit und Farbe des Ringlichts einfach innerhalb von 5 Metern einstellen. Die Fernbedienung ben\u00f6tigt 2* AAA-Batterien (nicht im Lieferumfang enthalten). Unseres Ringlicht verf\u00fcgt \u00fcber einen Touch-Schalter, er ist bequemer als ein manueller Schalter, wodurch das Aussehen der Ringleuchte modischer wird. <\/span><\/li>\n<li><span class=\"a-list-item\"> 12 &#8221; Ringlicht 3 Modi &amp; 10 Helligkeitsstufen: NEUESTE GROSSE 12&#8243;Selfie-Ringlicht hat 3 Lichtmodi und 10 Helligkeitsstufen; Lichtfarbmodus von 3500K-6000K (Wei\u00df, Warm, Warmgelb) und Einstellhelligkeit von 1%-100 %. CRI &gt; 85, die Farbwiedergabe ist besser und die Farbenzerstreuung ist weniger und klarere. Perfekt f\u00fcr Make-up, Live-Streaming, Selfie-Foto, Aufnahme, Videoaufzeichnung, Online-Unterricht, Youtube-Video usw. <\/span><\/li>\n<li><span class=\"a-list-item\"> 24W Superhelles Selfie Ringlicht: TURATA Selfie-Ringlicht mit 48 LED-Lampen f\u00fcr eine lange Lebensdauer ohne Lampenwechsel, jede Leistung des LED Lampe ist 0.5 W. Der Ringleuchte hat auch ein spezielles Design- das jede Lampe eine Linse hinzuf\u00fcgt. Dadurch wird unser Licht heller und gleichm\u00e4\u00dfiger, ohne dunkle Flecken und besser sch\u00fctzen unsere Augen und reduzieren die Reizung von LED-Leuchten f\u00fcr die Augen. <\/span><\/li>\n<li><span class=\"a-list-item\"> Tragbarer Metall-Stativst\u00e4nder: Der Stativst\u00e4nder der Ringleuchte ist zusammenklappbar und besteht aus Alulegierung. Stabiler als gew\u00f6hnliche Stative auf dem Markt. Einfach Montage, mit nur einem Zug k\u00f6nnen Sie ihn auf die gew\u00fcnschte L\u00e4nge einstellen. Stativ L\u00e4nge von 49cm bis 135cm. <\/span><\/li>\n<li><span class=\"a-list-item\"> 360 \u00b0 drehbare Handyhalterung &amp; USB Laden: Es ist einziehbar und perfekt f\u00fcr 60-97mm Breite Handy. Auf der R\u00fcckseite der Ringleuchte befindet sich ein USB-Anschluss. Mit dem Ringlicht kann das Handy aufgeladen werden, wenn das Netzkabel angeschlossen ist. <\/span><\/li>\n<\/ul>\n","protected":false},"excerpt":{"rendered":"<p>12 Zoll \/ 30.2 Zentimeter Ringleuchte Mit Fernbedienung &amp; Touch-Schalter: Durch die Fernbedienung K\u00f6nnen Sie die Helligkeit und Farbe des Ringlichts einfach innerhalb von 5 Metern einstellen. Die Fernbedienung ben\u00f6tigt 2* AAA-Batterien (nicht im Lieferumfang enthalten). Unseres Ringlicht verf\u00fcgt \u00fcber einen Touch-Schalter, er ist bequemer als ein manueller Schalter, wodurch das Aussehen der Ringleuchte modischer [&hellip;]<\/p>\n","protected":false},"featured_media":2959,"comment_status":"open","ping_status":"closed","template":"","meta":[],"product_cat":[103,74,110,54,116,63,53,56,45,108,73,280,55,426,432,433,431,293,292,70,297,295,294,291,64],"product_tag":[739],"class_list":{"0":"post-2958","1":"product","2":"type-product","3":"status-publish","4":"has-post-thumbnail","6":"product_cat-studenten","7":"product_cat-bester-freund","8":"product_cat-freund","9":"product_cat-vatertag","10":"product_cat-frauen","11":"product_cat-mutter","12":"product_cat-muttertag","13":"product_cat-hochzeit","14":"product_cat-freundin","15":"product_cat-maenner","16":"product_cat-beste-freundin","17":"product_cat-geburtstagsgeschenke","18":"product_cat-valentinstag","19":"product_cat-nach-preis","20":"product_cat-ueber-35-euro","21":"product_cat-ueber-40-euro","22":"product_cat-unter-50-euro","23":"product_cat-geschenk-fuer-bruder","24":"product_cat-sohn","25":"product_cat-geschenke-fuer-jeden-anlass","26":"product_cat--maedchen","27":"product_cat--tochter","28":"product_cat--schwester","29":"product_cat-nerds","30":"product_cat-vater","31":"product_tag-ringlicht","33":"first","34":"instock","35":"shipping-taxable","36":"product-type-external"},"_links":{"self":[{"href":"https:\/\/www.blogseite.com\/geschenke\/wp-json\/wp\/v2\/product\/2958"}],"collection":[{"href":"https:\/\/www.blogseite.com\/geschenke\/wp-json\/wp\/v2\/product"}],"about":[{"href":"https:\/\/www.blogseite.com\/geschenke\/wp-json\/wp\/v2\/types\/product"}],"replies":[{"embeddable":true,"href":"https:\/\/www.blogseite.com\/geschenke\/wp-json\/wp\/v2\/comments?post=2958"}],"wp:featuredmedia":[{"embeddable":true,"href":"https:\/\/www.blogseite.com\/geschenke\/wp-json\/wp\/v2\/media\/2959"}],"wp:attachment":[{"href":"https:\/\/www.blogseite.com\/geschenke\/wp-json\/wp\/v2\/media?parent=2958"}],"wp:term":[{"taxonomy":"product_cat","embeddable":true,"href":"https:\/\/www.blogseite.com\/geschenke\/wp-json\/wp\/v2\/product_cat?post=2958"},{"taxonomy":"product_tag","embeddable":true,"href":"https:\/\/www.blogseite.com\/geschenke\/wp-json\/wp\/v2\/product_tag?post=2958"}],"curies":[{"name":"wp","href":"https:\/\/api.w.org\/{rel}","templated":true}]}}