{"id":2947,"date":"2021-02-11T10:33:37","date_gmt":"2021-02-11T09:33:37","guid":{"rendered":"https:\/\/geschenke.blogseite.com\/?post_type=product&#038;p=2947"},"modified":"2022-04-03T16:33:27","modified_gmt":"2022-04-03T14:33:27","slug":"handy-objektiv-linse-kit-lens-set-22x-kaufen","status":"publish","type":"product","link":"https:\/\/www.blogseite.com\/geschenke\/s\/handy-objektiv-linse-kit-lens-set-22x-kaufen\/","title":{"rendered":"Handy Objektiv Linse Kit, Lens Set 22X Kaufen"},"content":{"rendered":"<ul>\n<li><span class=\"a-list-item\"> Aktuellste Version Selvim Objektiv Set: 22X Teleobjektiv, 25X Makro Objektiv, 0,62X Weitwinkelobjektiv, 235\u00b0 Fisheye Objektiv, Aluminiumlegierung Stativ, Okularabdeckung, Reinigungstuch, Objektivclip, alles sind in einer Tragetasche. Ideal f\u00fcr das Filmen von Fernperspektive, Landschaften, Gruppenphoto, das Beobachten des Nestes, die Natur oder Kunsthandwerk Fotografieren usw. <\/span><\/li>\n<li><span class=\"a-list-item\"> Alle Linsen bestehen aus optischem Glas und mehrschichtiger Antireflexbeschichtung, Geh\u00e4usen der Linsen aus Aluminiumlegierung. Neue Version 22X Teleobjektiv und Weitwinkel Objektiv machen das Sichtfeld attraktiver und erweitert; 25X Makro Objektiv nimmt Stilllebensgro\u00dfe Bilder der kleinsten Objekte mit Nahaufnahmen in gestochen scharfen Details auf; 235\u00b0 Fisheye Objektiv bringt Ihnen kreative und interessante Fotos an. <\/span><\/li>\n<li><span class=\"a-list-item\"> Als Fotoausr\u00fcstung des Fotoeinsteigers ist das Selvim Objektiv-Kit definitiv die beste Wahl. Es kann die Lichtreflexion verringern, um die Lichtdurchl\u00e4ssigkeit zu erh\u00f6hen, wodurch das Auftreten von Geistern und Streulicht in gewissem Ma\u00dfe verringert wird, wodurch die Bildqualit\u00e4t verbessert wird. <\/span><\/li>\n<li><span class=\"a-list-item\"> Universal Clip-On: Perfekt f\u00fcr die meisten IOS &amp; Android Smartphones &#8211; iPhone, Samsung, Huawei, das eins Objektiv, Dual-Objektiv und mehre Objektivs hat. <\/span><\/li>\n<li><span class=\"a-list-item\"> Tipps: Wenn gibt es Schatten im Foto, bitte Sie digitaler Zoom des Handy-Objektivs h\u00f6her einzustellen, weil es um ein Technisches Problem bei verschiedenem Handy Objektiv geht. Setzen Sie uns in Verbindung, falls Sie irgendwelches Problem haben sollten. <\/span><\/li>\n<\/ul>\n","protected":false},"excerpt":{"rendered":"<p>Aktuellste Version Selvim Objektiv Set: 22X Teleobjektiv, 25X Makro Objektiv, 0,62X Weitwinkelobjektiv, 235\u00b0 Fisheye Objektiv, Aluminiumlegierung Stativ, Okularabdeckung, Reinigungstuch, Objektivclip, alles sind in einer Tragetasche. Ideal f\u00fcr das Filmen von Fernperspektive, Landschaften, Gruppenphoto, das Beobachten des Nestes, die Natur oder Kunsthandwerk Fotografieren usw. Alle Linsen bestehen aus optischem Glas und mehrschichtiger Antireflexbeschichtung, Geh\u00e4usen der Linsen [&hellip;]<\/p>\n","protected":false},"featured_media":2948,"comment_status":"open","ping_status":"closed","template":"","meta":[],"product_cat":[103,74,110,54,108,280,426,431,293,292,70,291,64],"product_tag":[328,738],"class_list":{"0":"post-2947","1":"product","2":"type-product","3":"status-publish","4":"has-post-thumbnail","6":"product_cat-studenten","7":"product_cat-bester-freund","8":"product_cat-freund","9":"product_cat-vatertag","10":"product_cat-maenner","11":"product_cat-geburtstagsgeschenke","12":"product_cat-nach-preis","13":"product_cat-unter-50-euro","14":"product_cat-geschenk-fuer-bruder","15":"product_cat-sohn","16":"product_cat-geschenke-fuer-jeden-anlass","17":"product_cat-nerds","18":"product_cat-vater","19":"product_tag-geschenk-fuer-hobbykoch","20":"product_tag-handy-objektiv","22":"first","23":"instock","24":"shipping-taxable","25":"product-type-external"},"_links":{"self":[{"href":"https:\/\/www.blogseite.com\/geschenke\/wp-json\/wp\/v2\/product\/2947"}],"collection":[{"href":"https:\/\/www.blogseite.com\/geschenke\/wp-json\/wp\/v2\/product"}],"about":[{"href":"https:\/\/www.blogseite.com\/geschenke\/wp-json\/wp\/v2\/types\/product"}],"replies":[{"embeddable":true,"href":"https:\/\/www.blogseite.com\/geschenke\/wp-json\/wp\/v2\/comments?post=2947"}],"wp:featuredmedia":[{"embeddable":true,"href":"https:\/\/www.blogseite.com\/geschenke\/wp-json\/wp\/v2\/media\/2948"}],"wp:attachment":[{"href":"https:\/\/www.blogseite.com\/geschenke\/wp-json\/wp\/v2\/media?parent=2947"}],"wp:term":[{"taxonomy":"product_cat","embeddable":true,"href":"https:\/\/www.blogseite.com\/geschenke\/wp-json\/wp\/v2\/product_cat?post=2947"},{"taxonomy":"product_tag","embeddable":true,"href":"https:\/\/www.blogseite.com\/geschenke\/wp-json\/wp\/v2\/product_tag?post=2947"}],"curies":[{"name":"wp","href":"https:\/\/api.w.org\/{rel}","templated":true}]}}