{"id":2934,"date":"2021-02-10T18:18:47","date_gmt":"2021-02-10T17:18:47","guid":{"rendered":"https:\/\/geschenke.blogseite.com\/?post_type=product&#038;p=2934"},"modified":"2022-04-03T16:34:48","modified_gmt":"2022-04-03T14:34:48","slug":"wmf-depot-gewuerzstreuer-set-4-teilig-100ml-kaufen","status":"publish","type":"product","link":"https:\/\/www.blogseite.com\/geschenke\/s\/wmf-depot-gewuerzstreuer-set-4-teilig-100ml-kaufen\/","title":{"rendered":"WMF Depot Gew\u00fcrzstreuer-Set 4-teilig, 100ml Kaufen"},"content":{"rendered":"<ul class=\"a-unordered-list a-vertical a-spacing-mini\">\n<li><span class=\"a-list-item\"> Inhalt: 1x Gew\u00fcrzdose, 3x Gew\u00fcrzgl\u00e4ser leer &#8211; fein, grob, universal (H\u00f6he 9,5 cm, V 100ml, \u00d8 5,5 cm) &#8211; Artikelnummer: 0661586040 <\/span><\/li>\n<li><span class=\"a-list-item\"> Material: Glas, Kunststoff, Cromargan Edelstahl 18\/10 &#8211; rostfrei, sp\u00fclmaschinengeeignet, formstabil, hygienisch, s\u00e4urefest und geschmacksneutral <\/span><\/li>\n<li><span class=\"a-list-item\"> Der Deckel hat mit Kunststoffgewinde-Schraubverschluss und l\u00e4sst sich aromadicht verschlie\u00dfen. 4 verschiedene Streubilder (ohne, fein, grob). Gro\u00dfe Einf\u00fcll\u00f6ffnung f\u00fcr einfaches und sauberes Bef\u00fcllen <\/span><\/li>\n<li><span class=\"a-list-item\"> Da der Beh\u00e4lter aus Glas ist, wird der Inhalt sichtbar und sorgt zugleich f\u00fcr optimale Hygiene. Maximaler Einlagerungsschutz gegen Hitze und Feuchtigkeit <\/span><\/li>\n<li><span class=\"a-list-item\"> Die Streuer mit unterschiedlichen \u00d6ffnungen eignen sich ideal f\u00fcr Puderzucker, Kakao, Paprika, Parmesank\u00e4se, gemahlene Gew\u00fcrze oder zur Aufbewahrung von Lorbeeren, Nelken etc. <\/span><\/li>\n<\/ul>\n","protected":false},"excerpt":{"rendered":"<p>Inhalt: 1x Gew\u00fcrzdose, 3x Gew\u00fcrzgl\u00e4ser leer &#8211; fein, grob, universal (H\u00f6he 9,5 cm, V 100ml, \u00d8 5,5 cm) &#8211; Artikelnummer: 0661586040 Material: Glas, Kunststoff, Cromargan Edelstahl 18\/10 &#8211; rostfrei, sp\u00fclmaschinengeeignet, formstabil, hygienisch, s\u00e4urefest und geschmacksneutral Der Deckel hat mit Kunststoffgewinde-Schraubverschluss und l\u00e4sst sich aromadicht verschlie\u00dfen. 4 verschiedene Streubilder (ohne, fein, grob). Gro\u00dfe Einf\u00fcll\u00f6ffnung f\u00fcr einfaches [&hellip;]<\/p>\n","protected":false},"featured_media":2935,"comment_status":"open","ping_status":"closed","template":"","meta":[],"product_cat":[103,74,110,54,116,63,45,108,73,280,426,431,293,301,70,295,298,64],"product_tag":[328,735],"class_list":{"0":"post-2934","1":"product","2":"type-product","3":"status-publish","4":"has-post-thumbnail","6":"product_cat-studenten","7":"product_cat-bester-freund","8":"product_cat-freund","9":"product_cat-vatertag","10":"product_cat-frauen","11":"product_cat-mutter","12":"product_cat-freundin","13":"product_cat-maenner","14":"product_cat-beste-freundin","15":"product_cat-geburtstagsgeschenke","16":"product_cat-nach-preis","17":"product_cat-unter-50-euro","18":"product_cat-geschenk-fuer-bruder","19":"product_cat-eltern","20":"product_cat-geschenke-fuer-jeden-anlass","21":"product_cat--tochter","22":"product_cat--ehefrau","23":"product_cat-vater","24":"product_tag-geschenk-fuer-hobbykoch","25":"product_tag-gewuerzstreuer","27":"first","28":"instock","29":"shipping-taxable","30":"product-type-external"},"_links":{"self":[{"href":"https:\/\/www.blogseite.com\/geschenke\/wp-json\/wp\/v2\/product\/2934"}],"collection":[{"href":"https:\/\/www.blogseite.com\/geschenke\/wp-json\/wp\/v2\/product"}],"about":[{"href":"https:\/\/www.blogseite.com\/geschenke\/wp-json\/wp\/v2\/types\/product"}],"replies":[{"embeddable":true,"href":"https:\/\/www.blogseite.com\/geschenke\/wp-json\/wp\/v2\/comments?post=2934"}],"wp:featuredmedia":[{"embeddable":true,"href":"https:\/\/www.blogseite.com\/geschenke\/wp-json\/wp\/v2\/media\/2935"}],"wp:attachment":[{"href":"https:\/\/www.blogseite.com\/geschenke\/wp-json\/wp\/v2\/media?parent=2934"}],"wp:term":[{"taxonomy":"product_cat","embeddable":true,"href":"https:\/\/www.blogseite.com\/geschenke\/wp-json\/wp\/v2\/product_cat?post=2934"},{"taxonomy":"product_tag","embeddable":true,"href":"https:\/\/www.blogseite.com\/geschenke\/wp-json\/wp\/v2\/product_tag?post=2934"}],"curies":[{"name":"wp","href":"https:\/\/api.w.org\/{rel}","templated":true}]}}