{"id":2906,"date":"2021-02-10T14:42:42","date_gmt":"2021-02-10T13:42:42","guid":{"rendered":"https:\/\/geschenke.blogseite.com\/?post_type=product&#038;p=2906"},"modified":"2022-04-03T16:42:25","modified_gmt":"2022-04-03T14:42:25","slug":"klarstein-mr-silver-frost-eiswuerfelmaschine-kaufen","status":"publish","type":"product","link":"https:\/\/www.blogseite.com\/geschenke\/s\/klarstein-mr-silver-frost-eiswuerfelmaschine-kaufen\/","title":{"rendered":"Klarstein Mr. Silver-Frost Eisw\u00fcrfelmaschine kaufen"},"content":{"rendered":"<ul class=\"a-unordered-list a-vertical a-spacing-mini\">\n<li><span class=\"a-list-item\"> \ud83c\udf7f\u3010Fortgeschrittenes Schnelles Hei\u00dfluft-System\u3011Die hei\u00dfe Luft dringt jedes Loch durch, zirkuliert kontinuierlich, erhitzt die Maisk\u00f6rner gleichm\u00e4\u00dfig. Bereitet das Popcorn in weniger als 3 Minuten schnell zu. <\/span><\/li>\n<li><span class=\"a-list-item\"> \ud83c\udf7f\u3010Gesund\u3011Diese Hei\u00dfluft-Popcornmaschine ohne \u00d6l und Butter, verwendet nur hei\u00dfe Luft um Popcorns zu machen, geeignet f\u00fcr die an Kalorien Empfindlichen und Gesundheitsbewussten. Sie k\u00f6nnen Gew\u00fcrze nach Ihrem Geschmack hinzuf\u00fcgen, nachdem die Popcorns fertig sind. <\/span><\/li>\n<li><span class=\"a-list-item\"> \ud83c\udf7f\u3010Einfach Zu Bedienen &amp; Zu Reinigen\u3011Legen Sie einfach die K\u00f6rner in die Popcornmaschine ein und dr\u00fccken Sie den Startknopf, gesundes Popcorn l\u00e4sst sich automatisch herstellen. Antihaftbeschichtung f\u00fcr einfache Reinigung. <\/span><\/li>\n<li><span class=\"a-list-item\"> \ud83c\udf7f\u3010Perfektes Design\u3011Klein und tragbar, l\u00e4sst sich schnell von Raum zu Raum zu bewegen, entfernbarer Deckel f\u00fcr einfache Reinigung. Aber das Innere und \u00c4u\u00dfere der Maschine trocken halten, trockene Maisk\u00f6rner verwenden. <\/span><\/li>\n<li><span class=\"a-list-item\"> \ud83c\udf7f\u30102-Jahr Garantie &amp; 100% Dienstleistung\u3011Diese Popcornmaschine ist CE-zertifiziert, wir stellen eine 2-Jahr Garantie zur Verf\u00fcgung, wenn Sie irgendein Problem haben, bitte kontaktieren Sie uns jederzeit, wir freuen uns, Ihre Produktprobleme zu l\u00f6sen. <\/span><\/li>\n<\/ul>\n","protected":false},"excerpt":{"rendered":"<p>\ud83c\udf7f\u3010Fortgeschrittenes Schnelles Hei\u00dfluft-System\u3011Die hei\u00dfe Luft dringt jedes Loch durch, zirkuliert kontinuierlich, erhitzt die Maisk\u00f6rner gleichm\u00e4\u00dfig. Bereitet das Popcorn in weniger als 3 Minuten schnell zu. \ud83c\udf7f\u3010Gesund\u3011Diese Hei\u00dfluft-Popcornmaschine ohne \u00d6l und Butter, verwendet nur hei\u00dfe Luft um Popcorns zu machen, geeignet f\u00fcr die an Kalorien Empfindlichen und Gesundheitsbewussten. Sie k\u00f6nnen Gew\u00fcrze nach Ihrem Geschmack hinzuf\u00fcgen, nachdem [&hellip;]<\/p>\n","protected":false},"featured_media":2907,"comment_status":"open","ping_status":"closed","template":"","meta":[],"product_cat":[103,74,110,54,116,63,45,108,73,280,426,434,432,433,431,293,301,70,295,298,64],"product_tag":[728,328,270],"class_list":{"0":"post-2906","1":"product","2":"type-product","3":"status-publish","4":"has-post-thumbnail","6":"product_cat-studenten","7":"product_cat-bester-freund","8":"product_cat-freund","9":"product_cat-vatertag","10":"product_cat-frauen","11":"product_cat-mutter","12":"product_cat-freundin","13":"product_cat-maenner","14":"product_cat-beste-freundin","15":"product_cat-geburtstagsgeschenke","16":"product_cat-nach-preis","17":"product_cat-ueber-100-euro","18":"product_cat-ueber-35-euro","19":"product_cat-ueber-40-euro","20":"product_cat-unter-50-euro","21":"product_cat-geschenk-fuer-bruder","22":"product_cat-eltern","23":"product_cat-geschenke-fuer-jeden-anlass","24":"product_cat--tochter","25":"product_cat--ehefrau","26":"product_cat-vater","27":"product_tag-eiswuerfelmaschine","28":"product_tag-geschenk-fuer-hobbykoch","29":"product_tag-geschenk-kinder","31":"first","32":"instock","33":"shipping-taxable","34":"product-type-external"},"_links":{"self":[{"href":"https:\/\/www.blogseite.com\/geschenke\/wp-json\/wp\/v2\/product\/2906"}],"collection":[{"href":"https:\/\/www.blogseite.com\/geschenke\/wp-json\/wp\/v2\/product"}],"about":[{"href":"https:\/\/www.blogseite.com\/geschenke\/wp-json\/wp\/v2\/types\/product"}],"replies":[{"embeddable":true,"href":"https:\/\/www.blogseite.com\/geschenke\/wp-json\/wp\/v2\/comments?post=2906"}],"wp:featuredmedia":[{"embeddable":true,"href":"https:\/\/www.blogseite.com\/geschenke\/wp-json\/wp\/v2\/media\/2907"}],"wp:attachment":[{"href":"https:\/\/www.blogseite.com\/geschenke\/wp-json\/wp\/v2\/media?parent=2906"}],"wp:term":[{"taxonomy":"product_cat","embeddable":true,"href":"https:\/\/www.blogseite.com\/geschenke\/wp-json\/wp\/v2\/product_cat?post=2906"},{"taxonomy":"product_tag","embeddable":true,"href":"https:\/\/www.blogseite.com\/geschenke\/wp-json\/wp\/v2\/product_tag?post=2906"}],"curies":[{"name":"wp","href":"https:\/\/api.w.org\/{rel}","templated":true}]}}