{"id":2902,"date":"2021-02-10T14:34:48","date_gmt":"2021-02-10T13:34:48","guid":{"rendered":"https:\/\/geschenke.blogseite.com\/?post_type=product&#038;p=2902"},"modified":"2022-04-03T16:43:05","modified_gmt":"2022-04-03T14:43:05","slug":"mvpower-popcornmaschine-800w-kaufen","status":"publish","type":"product","link":"https:\/\/www.blogseite.com\/geschenke\/s\/mvpower-popcornmaschine-800w-kaufen\/","title":{"rendered":"MVPower Popcornmaschine, 800W kaufen"},"content":{"rendered":"<ul class=\"a-unordered-list a-vertical a-spacing-mini\">\n<li><span class=\"a-list-item\"> Trennbares Design: genug f\u00fcr alle Familien,Wenn das Popcorn fertig ist, der Deckel kann gleichzeitig als Serviersch\u00fcssel dienen, mit dem genie\u00dfen Sie 24 Tassen(240 ml pro Tasse) Popcorn zu sich <\/span><\/li>\n<li><span class=\"a-list-item\"> Praktisch Design:Halten Sie den besten Geschmack von Popcorn ohne Smoke Geruch, Der Griff ist stark und hitzebest\u00e4ndig, und die Heizplatte ist leicht zu drehen und reinigen <\/span><\/li>\n<li><span class=\"a-list-item\"> Produktgr\u00f6\u00dfe: 35,5 x 30 x 25 cm, mit 2 Messbechern (100 ml, 30 ml), 5L Deckel\uff0cLeistungsaufnahme: 800 Watt Reinigen Sie die Popcornmaschine nach Gebrauch mit einem Reinigungsmittel, waschen Sie sie mit Wasser ab, wischen Sie sie sauber und lagern Sie sie an einem trockenen Ort, um \u00d6lflecken wirksam zu vermeiden. <\/span><\/li>\n<li><span class=\"a-list-item\"> Einfache Bedienung: Mit einem Knopfdruck verteilt der elektrische R\u00fchrstab die Maisk\u00f6rner gleichm\u00e4\u00dfig auf der Heizplatte, um ein gleichm\u00e4\u00dfiges Knacken zu gew\u00e4hrleisten. Die automatische Umkehrung verhindert, dass das Getreide stecken bleibt. Um den besten Geschmack von Popcorn beizubehalten, drehen Sie den Topf bitte sofort um, nachdem der Mais vollst\u00e4ndig geplatzt ist <\/span><\/li>\n<li><span class=\"a-list-item\"> Ausreichende Menge : Poppen bis zu 24 Becher Popcorn auf einmal, genug um die ganze Familie zu servieren, was die kleinen Heissluft Modelle nicht erreichen k\u00f6nnen. Diese Popcornmaschine ist CE-zertifiziert. <\/span><\/li>\n<\/ul>\n","protected":false},"excerpt":{"rendered":"<p>Trennbares Design: genug f\u00fcr alle Familien,Wenn das Popcorn fertig ist, der Deckel kann gleichzeitig als Serviersch\u00fcssel dienen, mit dem genie\u00dfen Sie 24 Tassen(240 ml pro Tasse) Popcorn zu sich Praktisch Design:Halten Sie den besten Geschmack von Popcorn ohne Smoke Geruch, Der Griff ist stark und hitzebest\u00e4ndig, und die Heizplatte ist leicht zu drehen und reinigen [&hellip;]<\/p>\n","protected":false},"featured_media":2903,"comment_status":"open","ping_status":"closed","template":"","meta":[],"product_cat":[103,74,110,54,116,63,45,108,73,280,426,432,433,431,293,301,70,295,298,64],"product_tag":[725,328,270,727],"class_list":{"0":"post-2902","1":"product","2":"type-product","3":"status-publish","4":"has-post-thumbnail","6":"product_cat-studenten","7":"product_cat-bester-freund","8":"product_cat-freund","9":"product_cat-vatertag","10":"product_cat-frauen","11":"product_cat-mutter","12":"product_cat-freundin","13":"product_cat-maenner","14":"product_cat-beste-freundin","15":"product_cat-geburtstagsgeschenke","16":"product_cat-nach-preis","17":"product_cat-ueber-35-euro","18":"product_cat-ueber-40-euro","19":"product_cat-unter-50-euro","20":"product_cat-geschenk-fuer-bruder","21":"product_cat-eltern","22":"product_cat-geschenke-fuer-jeden-anlass","23":"product_cat--tochter","24":"product_cat--ehefrau","25":"product_cat-vater","26":"product_tag-doerrautomat","27":"product_tag-geschenk-fuer-hobbykoch","28":"product_tag-geschenk-kinder","29":"product_tag-popcornmaschine","31":"first","32":"instock","33":"shipping-taxable","34":"product-type-external"},"_links":{"self":[{"href":"https:\/\/www.blogseite.com\/geschenke\/wp-json\/wp\/v2\/product\/2902"}],"collection":[{"href":"https:\/\/www.blogseite.com\/geschenke\/wp-json\/wp\/v2\/product"}],"about":[{"href":"https:\/\/www.blogseite.com\/geschenke\/wp-json\/wp\/v2\/types\/product"}],"replies":[{"embeddable":true,"href":"https:\/\/www.blogseite.com\/geschenke\/wp-json\/wp\/v2\/comments?post=2902"}],"wp:featuredmedia":[{"embeddable":true,"href":"https:\/\/www.blogseite.com\/geschenke\/wp-json\/wp\/v2\/media\/2903"}],"wp:attachment":[{"href":"https:\/\/www.blogseite.com\/geschenke\/wp-json\/wp\/v2\/media?parent=2902"}],"wp:term":[{"taxonomy":"product_cat","embeddable":true,"href":"https:\/\/www.blogseite.com\/geschenke\/wp-json\/wp\/v2\/product_cat?post=2902"},{"taxonomy":"product_tag","embeddable":true,"href":"https:\/\/www.blogseite.com\/geschenke\/wp-json\/wp\/v2\/product_tag?post=2902"}],"curies":[{"name":"wp","href":"https:\/\/api.w.org\/{rel}","templated":true}]}}