{"id":2895,"date":"2021-02-10T14:18:56","date_gmt":"2021-02-10T13:18:56","guid":{"rendered":"https:\/\/geschenke.blogseite.com\/?post_type=product&#038;p=2895"},"modified":"2022-04-03T16:44:06","modified_gmt":"2022-04-03T14:44:06","slug":"arendo-doerrautomat-mit-temperaturregler-350-watt","status":"publish","type":"product","link":"https:\/\/www.blogseite.com\/geschenke\/s\/arendo-doerrautomat-mit-temperaturregler-350-watt\/","title":{"rendered":"Arendo &#8211; D\u00f6rrautomat mit Temperaturregler 350 Watt"},"content":{"rendered":"<ul>\n<li><span class=\"a-list-item\"> Der Arendo D\u00f6rrautomat trocknet Obst, Gem\u00fcse, Kr\u00e4uter, ja sogar Fisch und Fleisch \u2013 schonend und gleichm\u00e4\u00dfig auf 5 separaten Ebenen. Je nach Anforderung k\u00f6nnen Sie die Temperatur in 5\u00b0C Schritten im Bereich von 40\u00b0-70\u00b0C einstellen. Der Timer erm\u00f6glicht Zeiten von einer bis zu 36 Stunden. | 303888 <\/span><\/li>\n<li><span class=\"a-list-item\"> Konstruiert f\u00fcr beste W\u00e4rmeverteilung: Das leistungsstarke Heizelement wird optimal genutzt: Ein zentraler Str\u00f6mungskanal f\u00fchrt durch die Mitte der F\u00e4cher bis nach oben, so dass die hei\u00dfe Luft gleichm\u00e4\u00dfig auf alle F\u00e4cher verteilt wird und ein wirklich gleichm\u00e4\u00dfiges Ergebnis erzielt. <\/span><\/li>\n<li><span class=\"a-list-item\"> \u00dcber 90% der Vitamine und Mineralien bleiben beim D\u00f6rren erhalten. Wollen Sie Ihr D\u00f6rrgut ohne chemische Lebensmittelzus\u00e4tze genie\u00dfen? Dann trocknen Sie am besten selbst. Denn gekaufte D\u00f6rrfr\u00fcchte enthalten h\u00e4ufig Zusatzstoffe wie Zucker, Schwefeldioxid (E220) und Aromen. Von solchen Zus\u00e4tzen sind Ihre selbst ged\u00f6rrten Nahrungsmittel k\u00fcnftig frei! <\/span><\/li>\n<li><span class=\"a-list-item\"> Durchg\u00e4ngig transparente F\u00e4cher, einschlie\u00dflich des Deckels, f\u00fcr perfekte Sicht auf das D\u00f6rrgut. <\/span><\/li>\n<li><span class=\"a-list-item\"> Zum Trocknen kleiner Lebensmittel ist eine feinmaschige Einlagematte beigelegt. | Alle abnehmbaren Teile sind sp\u00fclmaschinengeeignet. | Mit dem Arendo D\u00f6rrautomaten erhalten Sie leckere D\u00f6rrprodukte in hoher Qualit\u00e4t. Das Produkt ist GS-zertifiziert und PBA-frei. <\/span><\/li>\n<\/ul>\n","protected":false},"excerpt":{"rendered":"<p>Der Arendo D\u00f6rrautomat trocknet Obst, Gem\u00fcse, Kr\u00e4uter, ja sogar Fisch und Fleisch \u2013 schonend und gleichm\u00e4\u00dfig auf 5 separaten Ebenen. Je nach Anforderung k\u00f6nnen Sie die Temperatur in 5\u00b0C Schritten im Bereich von 40\u00b0-70\u00b0C einstellen. Der Timer erm\u00f6glicht Zeiten von einer bis zu 36 Stunden. | 303888 Konstruiert f\u00fcr beste W\u00e4rmeverteilung: Das leistungsstarke Heizelement wird [&hellip;]<\/p>\n","protected":false},"featured_media":2896,"comment_status":"open","ping_status":"closed","template":"","meta":[],"product_cat":[103,74,110,54,116,63,45,108,73,280,426,428,430,431,293,301,70,295,298,64],"product_tag":[726,725,328,270],"class_list":{"0":"post-2895","1":"product","2":"type-product","3":"status-publish","4":"has-post-thumbnail","6":"product_cat-studenten","7":"product_cat-bester-freund","8":"product_cat-freund","9":"product_cat-vatertag","10":"product_cat-frauen","11":"product_cat-mutter","12":"product_cat-freundin","13":"product_cat-maenner","14":"product_cat-beste-freundin","15":"product_cat-geburtstagsgeschenke","16":"product_cat-nach-preis","17":"product_cat-unter-10-euro","18":"product_cat-unter-20-euro","19":"product_cat-unter-50-euro","20":"product_cat-geschenk-fuer-bruder","21":"product_cat-eltern","22":"product_cat-geschenke-fuer-jeden-anlass","23":"product_cat--tochter","24":"product_cat--ehefrau","25":"product_cat-vater","26":"product_tag-beef-jerky","27":"product_tag-doerrautomat","28":"product_tag-geschenk-fuer-hobbykoch","29":"product_tag-geschenk-kinder","31":"first","32":"instock","33":"shipping-taxable","34":"product-type-external"},"_links":{"self":[{"href":"https:\/\/www.blogseite.com\/geschenke\/wp-json\/wp\/v2\/product\/2895"}],"collection":[{"href":"https:\/\/www.blogseite.com\/geschenke\/wp-json\/wp\/v2\/product"}],"about":[{"href":"https:\/\/www.blogseite.com\/geschenke\/wp-json\/wp\/v2\/types\/product"}],"replies":[{"embeddable":true,"href":"https:\/\/www.blogseite.com\/geschenke\/wp-json\/wp\/v2\/comments?post=2895"}],"wp:featuredmedia":[{"embeddable":true,"href":"https:\/\/www.blogseite.com\/geschenke\/wp-json\/wp\/v2\/media\/2896"}],"wp:attachment":[{"href":"https:\/\/www.blogseite.com\/geschenke\/wp-json\/wp\/v2\/media?parent=2895"}],"wp:term":[{"taxonomy":"product_cat","embeddable":true,"href":"https:\/\/www.blogseite.com\/geschenke\/wp-json\/wp\/v2\/product_cat?post=2895"},{"taxonomy":"product_tag","embeddable":true,"href":"https:\/\/www.blogseite.com\/geschenke\/wp-json\/wp\/v2\/product_tag?post=2895"}],"curies":[{"name":"wp","href":"https:\/\/api.w.org\/{rel}","templated":true}]}}