{"id":2877,"date":"2021-02-10T11:22:03","date_gmt":"2021-02-10T10:22:03","guid":{"rendered":"https:\/\/geschenke.blogseite.com\/?post_type=product&#038;p=2877"},"modified":"2022-04-03T16:46:41","modified_gmt":"2022-04-03T14:46:41","slug":"petkit-cybertail-katzen-trinkbrunnen-185l","status":"publish","type":"product","link":"https:\/\/www.blogseite.com\/geschenke\/s\/petkit-cybertail-katzen-trinkbrunnen-185l\/","title":{"rendered":"PETKIT CYBERTAIL Katzen Trinkbrunnen 1,85L"},"content":{"rendered":"<ul class=\"a-unordered-list a-vertical a-spacing-mini\">\n<li><span class=\"a-list-item\"> Zuverl\u00e4ssiger PureDrink-Wasserspender: Der automatische Wasserspender 1,85 l ist ideal f\u00fcr kleine und mittlere Haustiere. Das Kreislaufsystem sorgt f\u00fcr gesundes Wasser. Wenn die Pumpe einen Wassermangel im Brunnen feststellt, schaltet sie sich automatisch ab. <\/span><\/li>\n<li><span class=\"a-list-item\"> Restwasser \u00fcberwachen: Dieser Haustierbrunnen wurde mit durchscheinendem Material entwickelt, um den Wasserverbrauch von Haustieren besser \u00fcberwachen zu k\u00f6nnen. Die automatische Wasserschale besteht aus lebensmittelechten Materialien, die langlebiger, einfacher zu handhaben und zu reinigen sind. <\/span><\/li>\n<li><span class=\"a-list-item\"> Ultra-leise Pumpe: Diese Pumpe ist ultra-leise (gemessen unter 40 dB), hat einen geringen Energieverbrauch und kann Ihnen und Ihrem Haustier einen 100% s\u00fc\u00dfen Schlaf geben. Sie k\u00f6nnen den Ton kaum h\u00f6ren. <\/span><\/li>\n<li><span class=\"a-list-item\"> LED-Anzeige: Das eingebettete LED-Licht kann Sie leicht an den Betriebszustand des Brunnens erinnern. Es zeigt den Wassermangel an und wann der Filter ausgetauscht werden muss. Doppelklicken Sie einfach auf die Schaltfl\u00e4che, um den Arbeitsmodus zwischen intelligent und normal umzuschalten. <\/span><\/li>\n<li><span class=\"a-list-item\"> Vierfach-Filtersystem: Der Katzenwasserspender ist mit einem Hochleistungsfilterelement ausgestattet, das aus oberen und unteren Baumwollschichten, Kokosnussschalen-Aktivkohle und Ionenaustauscherharz besteht. Sie bilden ein vierfaches Filtersystem, das Haustiere mit gesundem, sauerstoffreichem Wasser versorgt. <\/span><\/li>\n<\/ul>\n","protected":false},"excerpt":{"rendered":"<p>Zuverl\u00e4ssiger PureDrink-Wasserspender: Der automatische Wasserspender 1,85 l ist ideal f\u00fcr kleine und mittlere Haustiere. Das Kreislaufsystem sorgt f\u00fcr gesundes Wasser. Wenn die Pumpe einen Wassermangel im Brunnen feststellt, schaltet sie sich automatisch ab. Restwasser \u00fcberwachen: Dieser Haustierbrunnen wurde mit durchscheinendem Material entwickelt, um den Wasserverbrauch von Haustieren besser \u00fcberwachen zu k\u00f6nnen. Die automatische Wasserschale besteht [&hellip;]<\/p>\n","protected":false},"featured_media":2878,"comment_status":"open","ping_status":"closed","template":"","meta":[],"product_cat":[227,426,430,431],"product_tag":[229,259,228,604],"class_list":{"0":"post-2877","1":"product","2":"type-product","3":"status-publish","4":"has-post-thumbnail","6":"product_cat-tiere","7":"product_cat-nach-preis","8":"product_cat-unter-20-euro","9":"product_cat-unter-50-euro","10":"product_tag-geschenk-fuer-hunde","11":"product_tag-geschenk-fuer-katzen","12":"product_tag-geschenk-fuer-tiere","13":"product_tag-trinkbrunnen","15":"first","16":"instock","17":"shipping-taxable","18":"product-type-external"},"_links":{"self":[{"href":"https:\/\/www.blogseite.com\/geschenke\/wp-json\/wp\/v2\/product\/2877"}],"collection":[{"href":"https:\/\/www.blogseite.com\/geschenke\/wp-json\/wp\/v2\/product"}],"about":[{"href":"https:\/\/www.blogseite.com\/geschenke\/wp-json\/wp\/v2\/types\/product"}],"replies":[{"embeddable":true,"href":"https:\/\/www.blogseite.com\/geschenke\/wp-json\/wp\/v2\/comments?post=2877"}],"wp:featuredmedia":[{"embeddable":true,"href":"https:\/\/www.blogseite.com\/geschenke\/wp-json\/wp\/v2\/media\/2878"}],"wp:attachment":[{"href":"https:\/\/www.blogseite.com\/geschenke\/wp-json\/wp\/v2\/media?parent=2877"}],"wp:term":[{"taxonomy":"product_cat","embeddable":true,"href":"https:\/\/www.blogseite.com\/geschenke\/wp-json\/wp\/v2\/product_cat?post=2877"},{"taxonomy":"product_tag","embeddable":true,"href":"https:\/\/www.blogseite.com\/geschenke\/wp-json\/wp\/v2\/product_tag?post=2877"}],"curies":[{"name":"wp","href":"https:\/\/api.w.org\/{rel}","templated":true}]}}